{"id":2923,"date":"2022-10-18T14:35:35","date_gmt":"2022-10-18T19:35:35","guid":{"rendered":"https:\/\/wcms.com.co\/?page_id=2923"},"modified":"2024-07-10T14:54:22","modified_gmt":"2024-07-10T19:54:22","slug":"como-llegar","status":"publish","type":"page","link":"https:\/\/wcms.com.co\/en\/como-llegar\/","title":{"rendered":"How to get there"},"content":{"rendered":"<h2 class=\"has-text-align-center colorTexto imagenCentrada topo wp-block-heading\" id=\"como-llegar\">How to get there?<\/h2>\n\n\n\n<div style=\"height:58px\" aria-hidden=\"true\" class=\"wp-block-spacer\"><\/div>\n\n\n\n<h3 class=\"has-text-align-center imagenCentrada wp-block-heading\" id=\"para-llegar-a-la-ciudad-de-neiva-del-departamento-del-huila-colombia-se-puede-realizar-por-via-terrestre-o-aerea\">To reach the city of Neiva in the Department of Huila, Colombia, it can be done by land or air:<\/h3>\n\n\n\n<div style=\"height:58px\" aria-hidden=\"true\" class=\"wp-block-spacer\"><\/div>\n\n\n\n<div class=\"wp-block-columns alignwide is-layout-flex wp-container-core-columns-is-layout-9d6595d7 wp-block-columns-is-layout-flex\">\n<div class=\"wp-block-column has-nv-text-dark-bg-background-color has-text-color has-background has-link-color wp-elements-e7b45852fd42e79e4ebcfc76cacefb45 is-layout-flow wp-block-column-is-layout-flow\" style=\"color:#000000;padding-top:2em;padding-right:2em;padding-bottom:2em;padding-left:2em\">\n<h2 class=\"colorTexto imagenCentrada wp-block-heading\" id=\"terminal-de-transporte-neiva\" style=\"font-size:40px\">Neiva Transportation Terminal<\/h2>\n\n\n\n<hr class=\"wp-block-separator has-alpha-channel-opacity has-background is-style-default\"\/>\n\n\n<div class=\"wp-block-image\">\n<figure class=\"aligncenter size-large is-resized\"><img fetchpriority=\"high\" decoding=\"async\" src=\"https:\/\/wcms.com.co\/wp-content\/uploads\/2022\/10\/Terminal-de-transporte-Neiva-1-1-1024x748.jpg\" alt=\"\" class=\"wp-image-2933\" width=\"498\" height=\"364\" srcset=\"https:\/\/wcms.com.co\/wp-content\/uploads\/2022\/10\/Terminal-de-transporte-Neiva-1-1-1024x748.jpg 1024w, https:\/\/wcms.com.co\/wp-content\/uploads\/2022\/10\/Terminal-de-transporte-Neiva-1-1-300x219.jpg 300w, https:\/\/wcms.com.co\/wp-content\/uploads\/2022\/10\/Terminal-de-transporte-Neiva-1-1-768x561.jpg 768w, https:\/\/wcms.com.co\/wp-content\/uploads\/2022\/10\/Terminal-de-transporte-Neiva-1-1-16x12.jpg 16w, https:\/\/wcms.com.co\/wp-content\/uploads\/2022\/10\/Terminal-de-transporte-Neiva-1-1.jpg 1100w\" sizes=\"(max-width: 498px) 100vw, 498px\" \/><\/figure>\n<\/div>\n\n\n<div class=\"wp-block-buttons is-horizontal is-content-justification-center is-layout-flex wp-container-core-buttons-is-layout-499968f5 wp-block-buttons-is-layout-flex\">\n<div class=\"wp-block-button has-custom-width wp-block-button__width-100\"><a class=\"wp-block-button__link has-white-color has-text-color has-background\" href=\"https:\/\/goo.gl\/maps\/JZ64AesQgLd4dKXTA\" style=\"background:linear-gradient(135deg,rgb(39,121,255) 0%,rgb(156,79,197) 100%)\">See map<\/a><\/div>\n<\/div>\n<\/div>\n\n\n\n<div class=\"wp-block-column has-nv-text-dark-bg-background-color has-text-color has-background has-link-color wp-elements-abf4ad4e47fdc9eff664e252ed1d4d82 is-layout-flow wp-block-column-is-layout-flow\" style=\"color:#000000;padding-top:2em;padding-right:2em;padding-bottom:2em;padding-left:2em\">\n<h2 class=\"colorTexto imagenCentrada wp-block-heading\" id=\"aeropuerto-benito-salas-neiva\" style=\"font-size:40px\">Benito Salas Neiva Airport<\/h2>\n\n\n\n<hr class=\"wp-block-separator has-css-opacity is-style-default\"\/>\n\n\n<div class=\"wp-block-image\">\n<figure class=\"aligncenter size-large is-resized\"><img decoding=\"async\" src=\"https:\/\/wcms.com.co\/wp-content\/uploads\/2022\/10\/Aeropuerto-Benito-Salas-1-1-1024x748.jpg\" alt=\"\" class=\"wp-image-2926\" width=\"512\" height=\"374\" srcset=\"https:\/\/wcms.com.co\/wp-content\/uploads\/2022\/10\/Aeropuerto-Benito-Salas-1-1-1024x748.jpg 1024w, https:\/\/wcms.com.co\/wp-content\/uploads\/2022\/10\/Aeropuerto-Benito-Salas-1-1-300x219.jpg 300w, https:\/\/wcms.com.co\/wp-content\/uploads\/2022\/10\/Aeropuerto-Benito-Salas-1-1-768x561.jpg 768w, https:\/\/wcms.com.co\/wp-content\/uploads\/2022\/10\/Aeropuerto-Benito-Salas-1-1-16x12.jpg 16w, https:\/\/wcms.com.co\/wp-content\/uploads\/2022\/10\/Aeropuerto-Benito-Salas-1-1.jpg 1100w\" sizes=\"(max-width: 512px) 100vw, 512px\" \/><\/figure>\n<\/div>\n\n\n<div class=\"wp-block-buttons is-horizontal is-content-justification-center is-layout-flex wp-container-core-buttons-is-layout-499968f5 wp-block-buttons-is-layout-flex\">\n<div class=\"wp-block-button has-custom-width wp-block-button__width-100\"><a class=\"wp-block-button__link has-white-color has-text-color has-background\" href=\"https:\/\/huila.travel\/\" style=\"background:linear-gradient(135deg,rgb(39,121,255) 0%,rgb(156,79,197) 100%)\" target=\"_blank\" rel=\"noreferrer noopener\">See map<\/a><\/div>\n\n\n<\/div>\n<\/div>\n<\/div>\n\n\n\n<div class=\"wp-block-columns is-layout-flex wp-container-core-columns-is-layout-9d6595d7 wp-block-columns-is-layout-flex\"><\/div>\n\n\n\n<style>\nbody {\n        font-family: 'SofiaPro-Light' !important;\n        \/*font-size: 48px;*\/\n      }\n.cuadro{\nmax-width:100%;\nmax-height:560px;\n}\n.topo{\nmargin-top:-2.5%;\n}\n@media screen and (max-width: 1295px) {\n.topo {\n\tmargin-top:5%;\n        margin-right:5%;\n}\n}\n\n\n<\/style>","protected":false},"excerpt":{"rendered":"<p>How to get to Neiva To get to the city of Neiva in the Department of Huila, Colombia, you can arrive by land or air: Terminal de transporte Neiva Aeropuerto Benito Salas Neiva<\/p>","protected":false},"author":1,"featured_media":0,"parent":0,"menu_order":0,"comment_status":"closed","ping_status":"closed","template":"","meta":{"neve_meta_sidebar":"","neve_meta_container":"","neve_meta_enable_content_width":"","neve_meta_content_width":0,"neve_meta_title_alignment":"","neve_meta_author_avatar":"","neve_post_elements_order":"","neve_meta_disable_header":"","neve_meta_disable_footer":"","neve_meta_disable_title":"","footnotes":""},"class_list":["post-2923","page","type-page","status-publish","hentry"],"yoast_head":"<!-- This site is optimized with the Yoast SEO plugin v27.2 - https:\/\/yoast.com\/product\/yoast-seo-wordpress\/ -->\n<title>C\u00f3mo llegar - WCMS x CIII<\/title>\n<meta name=\"robots\" content=\"index, follow, max-snippet:-1, max-image-preview:large, max-video-preview:-1\" \/>\n<link rel=\"canonical\" href=\"https:\/\/wcms.com.co\/en\/como-llegar\/\" \/>\n<meta property=\"og:locale\" content=\"en_US\" \/>\n<meta property=\"og:type\" content=\"article\" \/>\n<meta property=\"og:title\" content=\"C\u00f3mo llegar - WCMS x CIII\" \/>\n<meta property=\"og:description\" content=\"\u00bfC\u00f3mo llegar? Para llegar a la ciudad de Neiva del Departamento del Huila, Colombia, se puede realizar por v\u00eda terrestre o a\u00e9rea: Terminal de transporte Neiva Aeropuerto Benito Salas Neiva\" \/>\n<meta property=\"og:url\" content=\"https:\/\/wcms.com.co\/en\/como-llegar\/\" \/>\n<meta property=\"og:site_name\" content=\"WCMS x CIII\" \/>\n<meta property=\"article:publisher\" content=\"https:\/\/www.facebook.com\/Fundacionuniveristarianavarra-UniNavarra-1917912191768659\/\" \/>\n<meta property=\"article:modified_time\" content=\"2024-07-10T19:54:22+00:00\" \/>\n<meta property=\"og:image\" content=\"https:\/\/wcms.com.co\/wp-content\/uploads\/2022\/10\/Terminal-de-transporte-Neiva-1-1.jpg\" \/>\n\t<meta property=\"og:image:width\" content=\"1100\" \/>\n\t<meta property=\"og:image:height\" content=\"803\" \/>\n\t<meta property=\"og:image:type\" content=\"image\/jpeg\" \/>\n<meta name=\"twitter:card\" content=\"summary_large_image\" \/>\n<meta name=\"twitter:site\" content=\"@uninavarraeduca\" \/>\n<script type=\"application\/ld+json\" class=\"yoast-schema-graph\">{\"@context\":\"https:\/\/schema.org\",\"@graph\":[{\"@type\":\"WebPage\",\"@id\":\"https:\/\/wcms.com.co\/como-llegar\/\",\"url\":\"https:\/\/wcms.com.co\/como-llegar\/\",\"name\":\"C\u00f3mo llegar - WCMS x CIII\",\"isPartOf\":{\"@id\":\"https:\/\/wcms.com.co\/en\/#website\"},\"primaryImageOfPage\":{\"@id\":\"https:\/\/wcms.com.co\/como-llegar\/#primaryimage\"},\"image\":{\"@id\":\"https:\/\/wcms.com.co\/como-llegar\/#primaryimage\"},\"thumbnailUrl\":\"https:\/\/wcms.com.co\/wp-content\/uploads\/2022\/10\/Terminal-de-transporte-Neiva-1-1-1024x748.jpg\",\"datePublished\":\"2022-10-18T19:35:35+00:00\",\"dateModified\":\"2024-07-10T19:54:22+00:00\",\"breadcrumb\":{\"@id\":\"https:\/\/wcms.com.co\/como-llegar\/#breadcrumb\"},\"inLanguage\":\"en-US\",\"potentialAction\":[{\"@type\":\"ReadAction\",\"target\":[\"https:\/\/wcms.com.co\/como-llegar\/\"]}]},{\"@type\":\"ImageObject\",\"inLanguage\":\"en-US\",\"@id\":\"https:\/\/wcms.com.co\/como-llegar\/#primaryimage\",\"url\":\"https:\/\/wcms.com.co\/wp-content\/uploads\/2022\/10\/Terminal-de-transporte-Neiva-1-1-1024x748.jpg\",\"contentUrl\":\"https:\/\/wcms.com.co\/wp-content\/uploads\/2022\/10\/Terminal-de-transporte-Neiva-1-1-1024x748.jpg\"},{\"@type\":\"BreadcrumbList\",\"@id\":\"https:\/\/wcms.com.co\/como-llegar\/#breadcrumb\",\"itemListElement\":[{\"@type\":\"ListItem\",\"position\":1,\"name\":\"Inicio\",\"item\":\"https:\/\/wcms.com.co\/\"},{\"@type\":\"ListItem\",\"position\":2,\"name\":\"C\u00f3mo llegar\"}]},{\"@type\":\"WebSite\",\"@id\":\"https:\/\/wcms.com.co\/en\/#website\",\"url\":\"https:\/\/wcms.com.co\/en\/\",\"name\":\"WCMS x CIII\",\"description\":\"WCMS x CIII- World Congress of Medical Simulation x CIINA\",\"publisher\":{\"@id\":\"https:\/\/wcms.com.co\/en\/#organization\"},\"potentialAction\":[{\"@type\":\"SearchAction\",\"target\":{\"@type\":\"EntryPoint\",\"urlTemplate\":\"https:\/\/wcms.com.co\/en\/?s={search_term_string}\"},\"query-input\":{\"@type\":\"PropertyValueSpecification\",\"valueRequired\":true,\"valueName\":\"search_term_string\"}}],\"inLanguage\":\"en-US\"},{\"@type\":\"Organization\",\"@id\":\"https:\/\/wcms.com.co\/en\/#organization\",\"name\":\"WCMS x CIII\",\"url\":\"https:\/\/wcms.com.co\/en\/\",\"logo\":{\"@type\":\"ImageObject\",\"inLanguage\":\"en-US\",\"@id\":\"https:\/\/wcms.com.co\/en\/#\/schema\/logo\/image\/\",\"url\":\"https:\/\/wcms.com.co\/wp-content\/uploads\/2023\/09\/LOGOS-DE-PAGINA-WCMS-CONTORNO-1.png\",\"contentUrl\":\"https:\/\/wcms.com.co\/wp-content\/uploads\/2023\/09\/LOGOS-DE-PAGINA-WCMS-CONTORNO-1.png\",\"width\":1500,\"height\":158,\"caption\":\"WCMS x CIII\"},\"image\":{\"@id\":\"https:\/\/wcms.com.co\/en\/#\/schema\/logo\/image\/\"},\"sameAs\":[\"https:\/\/www.facebook.com\/Fundacionuniveristarianavarra-UniNavarra-1917912191768659\/\",\"https:\/\/x.com\/uninavarraeduca\"]}]}<\/script>\n<!-- \/ Yoast SEO plugin. -->","yoast_head_json":{"title":"C\u00f3mo llegar - WCMS x CIII","robots":{"index":"index","follow":"follow","max-snippet":"max-snippet:-1","max-image-preview":"max-image-preview:large","max-video-preview":"max-video-preview:-1"},"canonical":"https:\/\/wcms.com.co\/en\/como-llegar\/","og_locale":"en_US","og_type":"article","og_title":"C\u00f3mo llegar - WCMS x CIII","og_description":"\u00bfC\u00f3mo llegar? Para llegar a la ciudad de Neiva del Departamento del Huila, Colombia, se puede realizar por v\u00eda terrestre o a\u00e9rea: Terminal de transporte Neiva Aeropuerto Benito Salas Neiva","og_url":"https:\/\/wcms.com.co\/en\/como-llegar\/","og_site_name":"WCMS x CIII","article_publisher":"https:\/\/www.facebook.com\/Fundacionuniveristarianavarra-UniNavarra-1917912191768659\/","article_modified_time":"2024-07-10T19:54:22+00:00","og_image":[{"width":1100,"height":803,"url":"https:\/\/wcms.com.co\/wp-content\/uploads\/2022\/10\/Terminal-de-transporte-Neiva-1-1.jpg","type":"image\/jpeg"}],"twitter_card":"summary_large_image","twitter_site":"@uninavarraeduca","schema":{"@context":"https:\/\/schema.org","@graph":[{"@type":"WebPage","@id":"https:\/\/wcms.com.co\/como-llegar\/","url":"https:\/\/wcms.com.co\/como-llegar\/","name":"C\u00f3mo llegar - WCMS x CIII","isPartOf":{"@id":"https:\/\/wcms.com.co\/en\/#website"},"primaryImageOfPage":{"@id":"https:\/\/wcms.com.co\/como-llegar\/#primaryimage"},"image":{"@id":"https:\/\/wcms.com.co\/como-llegar\/#primaryimage"},"thumbnailUrl":"https:\/\/wcms.com.co\/wp-content\/uploads\/2022\/10\/Terminal-de-transporte-Neiva-1-1-1024x748.jpg","datePublished":"2022-10-18T19:35:35+00:00","dateModified":"2024-07-10T19:54:22+00:00","breadcrumb":{"@id":"https:\/\/wcms.com.co\/como-llegar\/#breadcrumb"},"inLanguage":"en-US","potentialAction":[{"@type":"ReadAction","target":["https:\/\/wcms.com.co\/como-llegar\/"]}]},{"@type":"ImageObject","inLanguage":"en-US","@id":"https:\/\/wcms.com.co\/como-llegar\/#primaryimage","url":"https:\/\/wcms.com.co\/wp-content\/uploads\/2022\/10\/Terminal-de-transporte-Neiva-1-1-1024x748.jpg","contentUrl":"https:\/\/wcms.com.co\/wp-content\/uploads\/2022\/10\/Terminal-de-transporte-Neiva-1-1-1024x748.jpg"},{"@type":"BreadcrumbList","@id":"https:\/\/wcms.com.co\/como-llegar\/#breadcrumb","itemListElement":[{"@type":"ListItem","position":1,"name":"Inicio","item":"https:\/\/wcms.com.co\/"},{"@type":"ListItem","position":2,"name":"C\u00f3mo llegar"}]},{"@type":"WebSite","@id":"https:\/\/wcms.com.co\/en\/#website","url":"https:\/\/wcms.com.co\/en\/","name":"WCMS x CIII","description":"WCMS x CIII- World Congress of Medical Simulation x CIINA","publisher":{"@id":"https:\/\/wcms.com.co\/en\/#organization"},"potentialAction":[{"@type":"SearchAction","target":{"@type":"EntryPoint","urlTemplate":"https:\/\/wcms.com.co\/en\/?s={search_term_string}"},"query-input":{"@type":"PropertyValueSpecification","valueRequired":true,"valueName":"search_term_string"}}],"inLanguage":"en-US"},{"@type":"Organization","@id":"https:\/\/wcms.com.co\/en\/#organization","name":"WCMS x CIII","url":"https:\/\/wcms.com.co\/en\/","logo":{"@type":"ImageObject","inLanguage":"en-US","@id":"https:\/\/wcms.com.co\/en\/#\/schema\/logo\/image\/","url":"https:\/\/wcms.com.co\/wp-content\/uploads\/2023\/09\/LOGOS-DE-PAGINA-WCMS-CONTORNO-1.png","contentUrl":"https:\/\/wcms.com.co\/wp-content\/uploads\/2023\/09\/LOGOS-DE-PAGINA-WCMS-CONTORNO-1.png","width":1500,"height":158,"caption":"WCMS x CIII"},"image":{"@id":"https:\/\/wcms.com.co\/en\/#\/schema\/logo\/image\/"},"sameAs":["https:\/\/www.facebook.com\/Fundacionuniveristarianavarra-UniNavarra-1917912191768659\/","https:\/\/x.com\/uninavarraeduca"]}]}},"_links":{"self":[{"href":"https:\/\/wcms.com.co\/en\/wp-json\/wp\/v2\/pages\/2923","targetHints":{"allow":["GET"]}}],"collection":[{"href":"https:\/\/wcms.com.co\/en\/wp-json\/wp\/v2\/pages"}],"about":[{"href":"https:\/\/wcms.com.co\/en\/wp-json\/wp\/v2\/types\/page"}],"author":[{"embeddable":true,"href":"https:\/\/wcms.com.co\/en\/wp-json\/wp\/v2\/users\/1"}],"replies":[{"embeddable":true,"href":"https:\/\/wcms.com.co\/en\/wp-json\/wp\/v2\/comments?post=2923"}],"version-history":[{"count":0,"href":"https:\/\/wcms.com.co\/en\/wp-json\/wp\/v2\/pages\/2923\/revisions"}],"wp:attachment":[{"href":"https:\/\/wcms.com.co\/en\/wp-json\/wp\/v2\/media?parent=2923"}],"curies":[{"name":"wp","href":"https:\/\/api.w.org\/{rel}","templated":true}]}}