{"id":3487,"date":"2023-04-01T10:51:59","date_gmt":"2023-04-01T15:51:59","guid":{"rendered":"https:\/\/wcms.com.co\/?page_id=3487"},"modified":"2023-04-04T14:10:05","modified_gmt":"2023-04-04T19:10:05","slug":"nosotros-2022","status":"publish","type":"page","link":"https:\/\/wcms.com.co\/en\/nosotros-2022\/","title":{"rendered":"Nosotros 2022"},"content":{"rendered":"\t\t<div data-elementor-type=\"wp-page\" data-elementor-id=\"3487\" class=\"elementor elementor-3487\" data-elementor-post-type=\"page\">\n\t\t\t\t\t\t<section class=\"elementor-section elementor-top-section elementor-element elementor-element-5c6df13 elementor-section-full_width elementor-section-stretched elementor-section-height-default elementor-section-height-default\" data-id=\"5c6df13\" data-element_type=\"section\" data-e-type=\"section\" data-settings=\"{&quot;stretch_section&quot;:&quot;section-stretched&quot;,&quot;background_background&quot;:&quot;classic&quot;}\">\n\t\t\t\t\t\t<div class=\"elementor-container elementor-column-gap-default\">\n\t\t\t\t\t<div class=\"elementor-column elementor-col-100 elementor-top-column elementor-element elementor-element-a1ced04\" data-id=\"a1ced04\" data-element_type=\"column\" data-e-type=\"column\" data-settings=\"{&quot;background_background&quot;:&quot;classic&quot;}\">\n\t\t\t<div class=\"elementor-widget-wrap elementor-element-populated\">\n\t\t\t\t\t\t<div class=\"elementor-element elementor-element-871848f elementor-nav-menu__align-center elementor-nav-menu--dropdown-tablet elementor-nav-menu__text-align-aside elementor-nav-menu--toggle elementor-nav-menu--burger elementor-widget elementor-widget-nav-menu\" data-id=\"871848f\" data-element_type=\"widget\" data-e-type=\"widget\" data-settings=\"{&quot;layout&quot;:&quot;horizontal&quot;,&quot;submenu_icon&quot;:{&quot;value&quot;:&quot;&lt;i class=\\&quot;fas fa-caret-down\\&quot; aria-hidden=\\&quot;true\\&quot;&gt;&lt;\\\/i&gt;&quot;,&quot;library&quot;:&quot;fa-solid&quot;},&quot;toggle&quot;:&quot;burger&quot;}\" data-widget_type=\"nav-menu.default\">\n\t\t\t\t<div class=\"elementor-widget-container\">\n\t\t\t\t\t\t\t\t<nav aria-label=\"Menu\" class=\"elementor-nav-menu--main elementor-nav-menu__container elementor-nav-menu--layout-horizontal e--pointer-underline e--animation-fade\">\n\t\t\t\t<ul id=\"menu-1-871848f\" class=\"elementor-nav-menu\"><li class=\"menu-item menu-item-type-post_type menu-item-object-page menu-item-3515\"><a href=\"https:\/\/wcms.com.co\/en\/inicio-2022\/\" class=\"elementor-item\">Inicio<\/a><\/li>\n<li class=\"menu-item menu-item-type-post_type menu-item-object-page menu-item-3514\"><a href=\"https:\/\/wcms.com.co\/en\/husac-2022\/\" class=\"elementor-item\">HUSAC<\/a><\/li>\n<li class=\"menu-item menu-item-type-post_type menu-item-object-page menu-item-3513\"><a href=\"https:\/\/wcms.com.co\/en\/nosotros-2022\/\" class=\"elementor-item\">Nosotros<\/a><\/li>\n<li class=\"menu-item menu-item-type-post_type menu-item-object-page menu-item-3512\"><a href=\"https:\/\/wcms.com.co\/en\/programa-2022\/\" class=\"elementor-item\">Programa<\/a><\/li>\n<li class=\"menu-item menu-item-type-post_type menu-item-object-page menu-item-3511\"><a href=\"https:\/\/wcms.com.co\/en\/inscripcion-2022\/\" class=\"elementor-item\">Inscripci\u00f3n<\/a><\/li>\n<li class=\"menu-item menu-item-type-post_type menu-item-object-page menu-item-3510\"><a href=\"https:\/\/wcms.com.co\/en\/wcms-hall-2022\/\" class=\"elementor-item\">WCMS Hall<\/a><\/li>\n<li class=\"menu-item menu-item-type-post_type menu-item-object-page menu-item-3509\"><a href=\"https:\/\/wcms.com.co\/en\/covid-19-2022\/\" class=\"elementor-item\">COVID-19<\/a><\/li>\n<li class=\"menu-item menu-item-type-custom menu-item-object-custom menu-item-has-children menu-item-3516\"><a href=\"#\" class=\"elementor-item elementor-item-anchor\">Ubicaci\u00f3n<\/a>\n<ul class=\"sub-menu elementor-nav-menu--dropdown\">\n\t<li class=\"menu-item menu-item-type-custom menu-item-object-custom menu-item-3517\"><a href=\"#ubicacion\" class=\"elementor-sub-item elementor-item-anchor\">Sede del Evento<\/a><\/li>\n\t<li class=\"menu-item menu-item-type-post_type menu-item-object-page menu-item-3508\"><a href=\"https:\/\/wcms.com.co\/en\/como-llegar-2022\/\" class=\"elementor-sub-item\">C\u00f3mo llegar<\/a><\/li>\n\t<li class=\"menu-item menu-item-type-post_type menu-item-object-page menu-item-3507\"><a href=\"https:\/\/wcms.com.co\/en\/hospedaje-2022\/\" class=\"elementor-sub-item\">Hospedaje<\/a><\/li>\n\t<li class=\"menu-item menu-item-type-post_type menu-item-object-page menu-item-3506\"><a href=\"https:\/\/wcms.com.co\/en\/conoce-neiva-huila-colombia-2022\/\" class=\"elementor-sub-item\">Conoce Neiva, Huila, Colombia<\/a><\/li>\n<\/ul>\n<\/li>\n<li class=\"menu-item menu-item-type-custom menu-item-object-custom menu-item-has-children menu-item-3712\"><a href=\"#\" class=\"elementor-item elementor-item-anchor\">Memorias<\/a>\n<ul class=\"sub-menu elementor-nav-menu--dropdown\">\n\t<li class=\"menu-item menu-item-type-post_type menu-item-object-page menu-item-3714\"><a href=\"https:\/\/wcms.com.co\/en\/galeria-2022\/\" class=\"elementor-sub-item\">Galeria 2022<\/a><\/li>\n\t<li class=\"menu-item menu-item-type-post_type menu-item-object-page menu-item-3713\"><a href=\"https:\/\/wcms.com.co\/en\/certificados-2022\/\" class=\"elementor-sub-item\">Certificados 2022<\/a><\/li>\n<\/ul>\n<\/li>\n<\/ul>\t\t\t<\/nav>\n\t\t\t\t\t<div class=\"elementor-menu-toggle\" role=\"button\" tabindex=\"0\" aria-label=\"Menu Toggle\" aria-expanded=\"false\">\n\t\t\t<i aria-hidden=\"true\" role=\"presentation\" class=\"elementor-menu-toggle__icon--open eicon-menu-bar\"><\/i><i aria-hidden=\"true\" role=\"presentation\" class=\"elementor-menu-toggle__icon--close eicon-close\"><\/i>\t\t<\/div>\n\t\t\t\t\t<nav class=\"elementor-nav-menu--dropdown elementor-nav-menu__container\" aria-hidden=\"true\">\n\t\t\t\t<ul id=\"menu-2-871848f\" class=\"elementor-nav-menu\"><li class=\"menu-item menu-item-type-post_type menu-item-object-page menu-item-3515\"><a href=\"https:\/\/wcms.com.co\/en\/inicio-2022\/\" class=\"elementor-item\" tabindex=\"-1\">Inicio<\/a><\/li>\n<li class=\"menu-item menu-item-type-post_type menu-item-object-page menu-item-3514\"><a href=\"https:\/\/wcms.com.co\/en\/husac-2022\/\" class=\"elementor-item\" tabindex=\"-1\">HUSAC<\/a><\/li>\n<li class=\"menu-item menu-item-type-post_type menu-item-object-page menu-item-3513\"><a href=\"https:\/\/wcms.com.co\/en\/nosotros-2022\/\" class=\"elementor-item\" tabindex=\"-1\">Nosotros<\/a><\/li>\n<li class=\"menu-item menu-item-type-post_type menu-item-object-page menu-item-3512\"><a href=\"https:\/\/wcms.com.co\/en\/programa-2022\/\" class=\"elementor-item\" tabindex=\"-1\">Programa<\/a><\/li>\n<li class=\"menu-item menu-item-type-post_type menu-item-object-page menu-item-3511\"><a href=\"https:\/\/wcms.com.co\/en\/inscripcion-2022\/\" class=\"elementor-item\" tabindex=\"-1\">Inscripci\u00f3n<\/a><\/li>\n<li class=\"menu-item menu-item-type-post_type menu-item-object-page menu-item-3510\"><a href=\"https:\/\/wcms.com.co\/en\/wcms-hall-2022\/\" class=\"elementor-item\" tabindex=\"-1\">WCMS Hall<\/a><\/li>\n<li class=\"menu-item menu-item-type-post_type menu-item-object-page menu-item-3509\"><a href=\"https:\/\/wcms.com.co\/en\/covid-19-2022\/\" class=\"elementor-item\" tabindex=\"-1\">COVID-19<\/a><\/li>\n<li class=\"menu-item menu-item-type-custom menu-item-object-custom menu-item-has-children menu-item-3516\"><a href=\"#\" class=\"elementor-item elementor-item-anchor\" tabindex=\"-1\">Ubicaci\u00f3n<\/a>\n<ul class=\"sub-menu elementor-nav-menu--dropdown\">\n\t<li class=\"menu-item menu-item-type-custom menu-item-object-custom menu-item-3517\"><a href=\"#ubicacion\" class=\"elementor-sub-item elementor-item-anchor\" tabindex=\"-1\">Sede del Evento<\/a><\/li>\n\t<li class=\"menu-item menu-item-type-post_type menu-item-object-page menu-item-3508\"><a href=\"https:\/\/wcms.com.co\/en\/como-llegar-2022\/\" class=\"elementor-sub-item\" tabindex=\"-1\">C\u00f3mo llegar<\/a><\/li>\n\t<li class=\"menu-item menu-item-type-post_type menu-item-object-page menu-item-3507\"><a href=\"https:\/\/wcms.com.co\/en\/hospedaje-2022\/\" class=\"elementor-sub-item\" tabindex=\"-1\">Hospedaje<\/a><\/li>\n\t<li class=\"menu-item menu-item-type-post_type menu-item-object-page menu-item-3506\"><a href=\"https:\/\/wcms.com.co\/en\/conoce-neiva-huila-colombia-2022\/\" class=\"elementor-sub-item\" tabindex=\"-1\">Conoce Neiva, Huila, Colombia<\/a><\/li>\n<\/ul>\n<\/li>\n<li class=\"menu-item menu-item-type-custom menu-item-object-custom menu-item-has-children menu-item-3712\"><a href=\"#\" class=\"elementor-item elementor-item-anchor\" tabindex=\"-1\">Memorias<\/a>\n<ul class=\"sub-menu elementor-nav-menu--dropdown\">\n\t<li class=\"menu-item menu-item-type-post_type menu-item-object-page menu-item-3714\"><a href=\"https:\/\/wcms.com.co\/en\/galeria-2022\/\" class=\"elementor-sub-item\" tabindex=\"-1\">Galeria 2022<\/a><\/li>\n\t<li class=\"menu-item menu-item-type-post_type menu-item-object-page menu-item-3713\"><a href=\"https:\/\/wcms.com.co\/en\/certificados-2022\/\" class=\"elementor-sub-item\" tabindex=\"-1\">Certificados 2022<\/a><\/li>\n<\/ul>\n<\/li>\n<\/ul>\t\t\t<\/nav>\n\t\t\t\t\t\t<\/div>\n\t\t\t\t<\/div>\n\t\t\t\t\t<\/div>\n\t\t<\/div>\n\t\t\t\t\t<\/div>\n\t\t<\/section>\n\t\t\t\t<section class=\"elementor-section elementor-top-section elementor-element elementor-element-3b4efd76 elementor-section-boxed elementor-section-height-default elementor-section-height-default\" data-id=\"3b4efd76\" data-element_type=\"section\" data-e-type=\"section\">\n\t\t\t\t\t\t<div class=\"elementor-container elementor-column-gap-default\">\n\t\t\t\t\t<div class=\"elementor-column elementor-col-100 elementor-top-column elementor-element elementor-element-564c67eb\" data-id=\"564c67eb\" data-element_type=\"column\" data-e-type=\"column\">\n\t\t\t<div class=\"elementor-widget-wrap elementor-element-populated\">\n\t\t\t\t\t\t<div class=\"elementor-element elementor-element-b0b4f2f elementor-widget elementor-widget-spacer\" data-id=\"b0b4f2f\" data-element_type=\"widget\" data-e-type=\"widget\" data-widget_type=\"spacer.default\">\n\t\t\t\t<div class=\"elementor-widget-container\">\n\t\t\t\t\t\t\t<div class=\"elementor-spacer\">\n\t\t\t<div class=\"elementor-spacer-inner\"><\/div>\n\t\t<\/div>\n\t\t\t\t\t\t<\/div>\n\t\t\t\t<\/div>\n\t\t\t\t<div class=\"elementor-element elementor-element-6a6ac745 elementor-widget elementor-widget-text-editor\" data-id=\"6a6ac745\" data-element_type=\"widget\" data-e-type=\"widget\" data-widget_type=\"text-editor.default\">\n\t\t\t\t<div class=\"elementor-widget-container\">\n\t\t\t\t\t\t\t\t\t\n<div class=\"wp-block-columns is-layout-flex wp-container-core-columns-is-layout-9d6595d7 wp-block-columns-is-layout-flex\">\n<div class=\"wp-block-column is-layout-flow wp-block-column-is-layout-flow\" style=\"flex-basis:10%\"><\/div>\n\n\n\n<div class=\"wp-block-column is-layout-flow wp-block-column-is-layout-flow\" style=\"flex-basis:80%\">\n<h1 class=\"wp-block-heading has-text-align-center colorTexto imagenCentrada\" id=\"world-congress-of-medical-simulation-wcms-2022\"><strong>WORLD CONGRESS OF MEDICAL SIMULATION<\/strong> <strong>WCMS 2022<\/strong><\/h1>\n<\/div>\n\n\n\n<div class=\"wp-block-column is-layout-flow wp-block-column-is-layout-flow\" style=\"flex-basis:10%\"><\/div>\n<\/div>\n\n\n\n<h3 class=\"wp-block-heading has-text-align-center colorTexto imagenCentrada\" id=\"healthcare-simulation-technologies-and-simulated-medical-education\">&#8220;Healthcare Simulation Technologies and Simulated Medical Education&#8221; <\/h3>\n\n\n\n<div style=\"height:53px\" aria-hidden=\"true\" class=\"wp-block-spacer\"><\/div>\n\n\n\n<style>\n\nbody {\n        font-family: 'SofiaPro-Light';\n        \/*font-size: 48px;*\/\n       \/*margin-right:5%;*\/\n      }\n.nv-content-wrap {\n       margin-top: 5%;\n\/*margin: unset !important;*\/\n}\n\n\n.nv-single-page-wrap {\n\tmargin: unset;\n}\n\n\n\n\n@media screen and (max-width: 1295px) {\nmargin-top:5%;\n}\n@media screen and (max-width: 960px) {\n.nv-content-wrap {\n\tmargin-top:5%;\n       \n}\n\n@media screen and (max-width: 777px) {\n.nv-content-wrap {\nmargin-right:10%;\nmargin-top:10%;\n}\n@media screen and (max-width: 615px) {\n.nv-content-wrap {\nmargin-right:20%;\n\n}\n}\n<\/style>\n\n\n\n<div class=\"wp-block-columns is-layout-flex wp-container-core-columns-is-layout-9d6595d7 wp-block-columns-is-layout-flex\">\n<div class=\"wp-block-column is-layout-flow wp-block-column-is-layout-flow\" style=\"flex-basis:25%\"><\/div>\n\n\n\n<div class=\"wp-block-column is-layout-flow wp-block-column-is-layout-flow\" style=\"flex-basis:50%\">\n<p class=\"parrafos\">El World Congress of Medical Simulation ser\u00e1 el primer congreso internacional en su naturaleza realizado por la Fundaci\u00f3n Universitaria Navarra \u2013 UNINAVARRA y el Hospital Universitario Simulado de Alta Complejidad &#8211; HUSAC, el cual, se llevar\u00e1 a cabo en modalidad presencial y online en la ciudad de Neiva (Huila), Colombia, durante los d\u00edas 16, 17 y 18 de noviembre del 2022.<\/p>\n\n\n\n<p class=\"parrafos\">El evento contar\u00e1 con ponencias nacionales e internacionales con sesi\u00f3n interactiva de preguntas y respuestas, presentaci\u00f3n de casos cl\u00ednicos en vivo, talleres de entrenamiento, y sala de exposici\u00f3n de tecnolog\u00edas de simulaci\u00f3n en atenci\u00f3n m\u00e9dica que busca brindar una experiencia \u00fanica en la regi\u00f3n y el pa\u00eds de conocimiento cient\u00edfico, experiencias, tecnolog\u00edas e interacci\u00f3n con personas de diferentes partes del mundo entorno a la simulaci\u00f3n m\u00e9dica.<\/p>\n\n\n\n<p class=\"parrafos\">Invitamos a estudiantes, profesores, profesionales, investigadores, instituciones y organizaciones del sector educaci\u00f3n, salud y empresarial a participar de esta gran oportunidad.<\/p>\n\n\n\n<p class=\"parrafos\">Los esperamos en Colombia y en Neiva, la capital bambuquera de Am\u00e9rica.<\/p>\n\n\n\n<h4 class=\"wp-block-heading has-text-align-left\" id=\"objetivo\">Objetivo<\/h4>\n\n\n\n<p class=\"parrafos\">Contribuir a la apropiaci\u00f3n social del conocimiento y divulgaci\u00f3n p\u00fablica de la ciencia en tecnolog\u00edas de simulaci\u00f3n de atenci\u00f3n m\u00e9dica y experiencias en educaci\u00f3n m\u00e9dica simulada para mejorar la seguridad del paciente.<\/p>\n<\/div>\n\n\n\n<div class=\"wp-block-column is-layout-flow wp-block-column-is-layout-flow\" style=\"flex-basis:25%\"><\/div>\n<\/div>\n\n\n\n<h1 class=\"wp-block-heading alignfull has-text-align-center colorTexto imagenCentrada\" id=\"comite-cientifico\">Comit\u00e9 Cient\u00edfico <\/h1>\n\n\n\n<div style=\"height:100px\" aria-hidden=\"true\" class=\"wp-block-spacer\"><\/div>\n\n\n\n<div class=\"wp-block-columns is-layout-flex wp-container-core-columns-is-layout-9d6595d7 wp-block-columns-is-layout-flex\">\n<div class=\"wp-block-column is-layout-flow wp-block-column-is-layout-flow\" style=\"flex-basis:5%\"><\/div>\n\n\n\n<div class=\"wp-block-column is-layout-flow wp-block-column-is-layout-flow\" style=\"flex-basis:90%\"><p>[TEAM_B id=680]<\/p>\n<\/div>\n\n\n\n<div class=\"wp-block-column is-layout-flow wp-block-column-is-layout-flow\" style=\"flex-basis:5%\"><\/div>\n<\/div>\n\n\n\n<p><\/p>\n\n\n\n<style>\n\/*<section>\n<div class=\"wave\" style=\"background-color:#171718\">\n<\/div>\n<\/section>*\/\n<\/style>\n\t\t\t\t\t\t\t\t<\/div>\n\t\t\t\t<\/div>\n\t\t\t\t\t<\/div>\n\t\t<\/div>\n\t\t\t\t\t<\/div>\n\t\t<\/section>\n\t\t\t\t<\/div>\n\t\t","protected":false},"excerpt":{"rendered":"<p>WORLD CONGRESS OF MEDICAL SIMULATION WCMS 2022 &#8220;Healthcare Simulation Technologies and Simulated Medical Education&#8221; El World Congress of Medical Simulation ser\u00e1 el primer congreso internacional en su naturaleza realizado por&hellip;&nbsp;<a href=\"https:\/\/wcms.com.co\/en\/nosotros-2022\/\" rel=\"bookmark\">Read More \"<span class=\"screen-reader-text\">Nosotros 2022<\/span><\/a><\/p>","protected":false},"author":1,"featured_media":0,"parent":0,"menu_order":0,"comment_status":"closed","ping_status":"closed","template":"","meta":{"neve_meta_sidebar":"","neve_meta_container":"","neve_meta_enable_content_width":"","neve_meta_content_width":0,"neve_meta_title_alignment":"","neve_meta_author_avatar":"","neve_post_elements_order":"","neve_meta_disable_header":"","neve_meta_disable_footer":"","neve_meta_disable_title":"","footnotes":""},"class_list":["post-3487","page","type-page","status-publish","hentry"],"yoast_head":"<!-- This site is optimized with the Yoast SEO plugin v27.2 - https:\/\/yoast.com\/product\/yoast-seo-wordpress\/ -->\n<title>Nosotros 2022 - WCMS x CIII<\/title>\n<meta name=\"robots\" content=\"index, follow, max-snippet:-1, max-image-preview:large, max-video-preview:-1\" \/>\n<link rel=\"canonical\" href=\"https:\/\/wcms.com.co\/en\/nosotros-2022\/\" \/>\n<meta property=\"og:locale\" content=\"en_US\" \/>\n<meta property=\"og:type\" content=\"article\" \/>\n<meta property=\"og:title\" content=\"Nosotros 2022 - WCMS x CIII\" \/>\n<meta property=\"og:description\" content=\"WORLD CONGRESS OF MEDICAL SIMULATION WCMS 2022 &#8220;Healthcare Simulation Technologies and Simulated Medical Education&#8221; El World Congress of Medical Simulation ser\u00e1 el primer congreso internacional en su naturaleza realizado por&hellip;&nbsp;Read More &raquo;Nosotros 2022\" \/>\n<meta property=\"og:url\" content=\"https:\/\/wcms.com.co\/en\/nosotros-2022\/\" \/>\n<meta property=\"og:site_name\" content=\"WCMS x CIII\" \/>\n<meta property=\"article:publisher\" content=\"https:\/\/www.facebook.com\/Fundacionuniveristarianavarra-UniNavarra-1917912191768659\/\" \/>\n<meta property=\"article:modified_time\" content=\"2023-04-04T19:10:05+00:00\" \/>\n<meta name=\"twitter:card\" content=\"summary_large_image\" \/>\n<meta name=\"twitter:site\" content=\"@uninavarraeduca\" \/>\n<meta name=\"twitter:label1\" content=\"Est. reading time\" \/>\n\t<meta name=\"twitter:data1\" content=\"1 minute\" \/>\n<script type=\"application\/ld+json\" class=\"yoast-schema-graph\">{\"@context\":\"https:\/\/schema.org\",\"@graph\":[{\"@type\":\"WebPage\",\"@id\":\"https:\/\/wcms.com.co\/nosotros-2022\/\",\"url\":\"https:\/\/wcms.com.co\/nosotros-2022\/\",\"name\":\"Nosotros 2022 - WCMS x CIII\",\"isPartOf\":{\"@id\":\"https:\/\/wcms.com.co\/en\/#website\"},\"datePublished\":\"2023-04-01T15:51:59+00:00\",\"dateModified\":\"2023-04-04T19:10:05+00:00\",\"breadcrumb\":{\"@id\":\"https:\/\/wcms.com.co\/nosotros-2022\/#breadcrumb\"},\"inLanguage\":\"en-US\",\"potentialAction\":[{\"@type\":\"ReadAction\",\"target\":[\"https:\/\/wcms.com.co\/nosotros-2022\/\"]}]},{\"@type\":\"BreadcrumbList\",\"@id\":\"https:\/\/wcms.com.co\/nosotros-2022\/#breadcrumb\",\"itemListElement\":[{\"@type\":\"ListItem\",\"position\":1,\"name\":\"Inicio\",\"item\":\"https:\/\/wcms.com.co\/\"},{\"@type\":\"ListItem\",\"position\":2,\"name\":\"Nosotros 2022\"}]},{\"@type\":\"WebSite\",\"@id\":\"https:\/\/wcms.com.co\/en\/#website\",\"url\":\"https:\/\/wcms.com.co\/en\/\",\"name\":\"WCMS x CIII\",\"description\":\"WCMS x CIII- World Congress of Medical Simulation x CIINA\",\"publisher\":{\"@id\":\"https:\/\/wcms.com.co\/en\/#organization\"},\"potentialAction\":[{\"@type\":\"SearchAction\",\"target\":{\"@type\":\"EntryPoint\",\"urlTemplate\":\"https:\/\/wcms.com.co\/en\/?s={search_term_string}\"},\"query-input\":{\"@type\":\"PropertyValueSpecification\",\"valueRequired\":true,\"valueName\":\"search_term_string\"}}],\"inLanguage\":\"en-US\"},{\"@type\":\"Organization\",\"@id\":\"https:\/\/wcms.com.co\/en\/#organization\",\"name\":\"WCMS x CIII\",\"url\":\"https:\/\/wcms.com.co\/en\/\",\"logo\":{\"@type\":\"ImageObject\",\"inLanguage\":\"en-US\",\"@id\":\"https:\/\/wcms.com.co\/en\/#\/schema\/logo\/image\/\",\"url\":\"https:\/\/wcms.com.co\/wp-content\/uploads\/2023\/09\/LOGOS-DE-PAGINA-WCMS-CONTORNO-1.png\",\"contentUrl\":\"https:\/\/wcms.com.co\/wp-content\/uploads\/2023\/09\/LOGOS-DE-PAGINA-WCMS-CONTORNO-1.png\",\"width\":1500,\"height\":158,\"caption\":\"WCMS x CIII\"},\"image\":{\"@id\":\"https:\/\/wcms.com.co\/en\/#\/schema\/logo\/image\/\"},\"sameAs\":[\"https:\/\/www.facebook.com\/Fundacionuniveristarianavarra-UniNavarra-1917912191768659\/\",\"https:\/\/x.com\/uninavarraeduca\"]}]}<\/script>\n<!-- \/ Yoast SEO plugin. -->","yoast_head_json":{"title":"Nosotros 2022 - WCMS x CIII","robots":{"index":"index","follow":"follow","max-snippet":"max-snippet:-1","max-image-preview":"max-image-preview:large","max-video-preview":"max-video-preview:-1"},"canonical":"https:\/\/wcms.com.co\/en\/nosotros-2022\/","og_locale":"en_US","og_type":"article","og_title":"Nosotros 2022 - WCMS x CIII","og_description":"WORLD CONGRESS OF MEDICAL SIMULATION WCMS 2022 &#8220;Healthcare Simulation Technologies and Simulated Medical Education&#8221; El World Congress of Medical Simulation ser\u00e1 el primer congreso internacional en su naturaleza realizado por&hellip;&nbsp;Read More &raquo;Nosotros 2022","og_url":"https:\/\/wcms.com.co\/en\/nosotros-2022\/","og_site_name":"WCMS x CIII","article_publisher":"https:\/\/www.facebook.com\/Fundacionuniveristarianavarra-UniNavarra-1917912191768659\/","article_modified_time":"2023-04-04T19:10:05+00:00","twitter_card":"summary_large_image","twitter_site":"@uninavarraeduca","twitter_misc":{"Est. reading time":"1 minute"},"schema":{"@context":"https:\/\/schema.org","@graph":[{"@type":"WebPage","@id":"https:\/\/wcms.com.co\/nosotros-2022\/","url":"https:\/\/wcms.com.co\/nosotros-2022\/","name":"Nosotros 2022 - WCMS x CIII","isPartOf":{"@id":"https:\/\/wcms.com.co\/en\/#website"},"datePublished":"2023-04-01T15:51:59+00:00","dateModified":"2023-04-04T19:10:05+00:00","breadcrumb":{"@id":"https:\/\/wcms.com.co\/nosotros-2022\/#breadcrumb"},"inLanguage":"en-US","potentialAction":[{"@type":"ReadAction","target":["https:\/\/wcms.com.co\/nosotros-2022\/"]}]},{"@type":"BreadcrumbList","@id":"https:\/\/wcms.com.co\/nosotros-2022\/#breadcrumb","itemListElement":[{"@type":"ListItem","position":1,"name":"Inicio","item":"https:\/\/wcms.com.co\/"},{"@type":"ListItem","position":2,"name":"Nosotros 2022"}]},{"@type":"WebSite","@id":"https:\/\/wcms.com.co\/en\/#website","url":"https:\/\/wcms.com.co\/en\/","name":"WCMS x CIII","description":"WCMS x CIII- World Congress of Medical Simulation x CIINA","publisher":{"@id":"https:\/\/wcms.com.co\/en\/#organization"},"potentialAction":[{"@type":"SearchAction","target":{"@type":"EntryPoint","urlTemplate":"https:\/\/wcms.com.co\/en\/?s={search_term_string}"},"query-input":{"@type":"PropertyValueSpecification","valueRequired":true,"valueName":"search_term_string"}}],"inLanguage":"en-US"},{"@type":"Organization","@id":"https:\/\/wcms.com.co\/en\/#organization","name":"WCMS x CIII","url":"https:\/\/wcms.com.co\/en\/","logo":{"@type":"ImageObject","inLanguage":"en-US","@id":"https:\/\/wcms.com.co\/en\/#\/schema\/logo\/image\/","url":"https:\/\/wcms.com.co\/wp-content\/uploads\/2023\/09\/LOGOS-DE-PAGINA-WCMS-CONTORNO-1.png","contentUrl":"https:\/\/wcms.com.co\/wp-content\/uploads\/2023\/09\/LOGOS-DE-PAGINA-WCMS-CONTORNO-1.png","width":1500,"height":158,"caption":"WCMS x CIII"},"image":{"@id":"https:\/\/wcms.com.co\/en\/#\/schema\/logo\/image\/"},"sameAs":["https:\/\/www.facebook.com\/Fundacionuniveristarianavarra-UniNavarra-1917912191768659\/","https:\/\/x.com\/uninavarraeduca"]}]}},"_links":{"self":[{"href":"https:\/\/wcms.com.co\/en\/wp-json\/wp\/v2\/pages\/3487","targetHints":{"allow":["GET"]}}],"collection":[{"href":"https:\/\/wcms.com.co\/en\/wp-json\/wp\/v2\/pages"}],"about":[{"href":"https:\/\/wcms.com.co\/en\/wp-json\/wp\/v2\/types\/page"}],"author":[{"embeddable":true,"href":"https:\/\/wcms.com.co\/en\/wp-json\/wp\/v2\/users\/1"}],"replies":[{"embeddable":true,"href":"https:\/\/wcms.com.co\/en\/wp-json\/wp\/v2\/comments?post=3487"}],"version-history":[{"count":0,"href":"https:\/\/wcms.com.co\/en\/wp-json\/wp\/v2\/pages\/3487\/revisions"}],"wp:attachment":[{"href":"https:\/\/wcms.com.co\/en\/wp-json\/wp\/v2\/media?parent=3487"}],"curies":[{"name":"wp","href":"https:\/\/api.w.org\/{rel}","templated":true}]}}