{"id":3702,"date":"2023-04-05T08:21:30","date_gmt":"2023-04-05T13:21:30","guid":{"rendered":"https:\/\/wcms.com.co\/?page_id=3702"},"modified":"2024-07-10T11:32:35","modified_gmt":"2024-07-10T16:32:35","slug":"certificados-2022","status":"publish","type":"page","link":"https:\/\/wcms.com.co\/en\/certificados-2022\/","title":{"rendered":"Certificates 2022"},"content":{"rendered":"\t\t<div data-elementor-type=\"wp-page\" data-elementor-id=\"3702\" class=\"elementor elementor-3702\" data-elementor-post-type=\"page\">\n\t\t\t\t\t\t<section class=\"elementor-section elementor-top-section elementor-element elementor-element-b412ef3 elementor-section-full_width elementor-section-content-top elementor-section-stretched menuss elementor-section-height-default elementor-section-height-default\" data-id=\"b412ef3\" data-element_type=\"section\" data-e-type=\"section\" data-settings=\"{&quot;stretch_section&quot;:&quot;section-stretched&quot;}\">\n\t\t\t\t\t\t<div class=\"elementor-container elementor-column-gap-default\">\n\t\t\t\t\t<div class=\"elementor-column elementor-col-100 elementor-top-column elementor-element elementor-element-102f4d8\" data-id=\"102f4d8\" data-element_type=\"column\" data-e-type=\"column\">\n\t\t\t<div class=\"elementor-widget-wrap elementor-element-populated\">\n\t\t\t\t\t\t<div class=\"elementor-element elementor-element-0e69535 elementor-nav-menu__align-center elementor-nav-menu--dropdown-tablet elementor-nav-menu__text-align-aside elementor-nav-menu--toggle elementor-nav-menu--burger elementor-widget elementor-widget-nav-menu\" data-id=\"0e69535\" data-element_type=\"widget\" data-e-type=\"widget\" data-settings=\"{&quot;layout&quot;:&quot;horizontal&quot;,&quot;submenu_icon&quot;:{&quot;value&quot;:&quot;&lt;i class=\\&quot;fas fa-caret-down\\&quot; aria-hidden=\\&quot;true\\&quot;&gt;&lt;\\\/i&gt;&quot;,&quot;library&quot;:&quot;fa-solid&quot;},&quot;toggle&quot;:&quot;burger&quot;}\" data-widget_type=\"nav-menu.default\">\n\t\t\t\t<div class=\"elementor-widget-container\">\n\t\t\t\t\t\t\t\t<nav aria-label=\"Menu\" class=\"elementor-nav-menu--main elementor-nav-menu__container elementor-nav-menu--layout-horizontal e--pointer-underline e--animation-fade\">\n\t\t\t\t<ul id=\"menu-1-0e69535\" class=\"elementor-nav-menu\"><li class=\"menu-item menu-item-type-post_type menu-item-object-page menu-item-4716\"><a href=\"https:\/\/wcms.com.co\/en\/inicio-2023\/\" class=\"elementor-item\">Inicio<\/a><\/li>\n<li class=\"menu-item menu-item-type-post_type menu-item-object-page menu-item-4697\"><a href=\"https:\/\/wcms.com.co\/en\/husac-2023\/\" class=\"elementor-item\">HUSAC<\/a><\/li>\n<li class=\"menu-item menu-item-type-post_type menu-item-object-page menu-item-4698\"><a href=\"https:\/\/wcms.com.co\/en\/nosotros-2023\/\" class=\"elementor-item\">Nosotros<\/a><\/li>\n<li class=\"menu-item menu-item-type-post_type menu-item-object-page menu-item-4699\"><a href=\"https:\/\/wcms.com.co\/en\/programa-2023\/\" class=\"elementor-item\">Programa<\/a><\/li>\n<li class=\"menu-item menu-item-type-post_type menu-item-object-page menu-item-4700\"><a href=\"https:\/\/wcms.com.co\/en\/postulacion-trabajos-2023\/\" class=\"elementor-item\">Postulaci\u00f3n trabajos<\/a><\/li>\n<li class=\"menu-item menu-item-type-post_type menu-item-object-page menu-item-4701\"><a href=\"https:\/\/wcms.com.co\/en\/inscripcion-2023\/\" class=\"elementor-item\"><span class=\"colorTexto\">Inscripci\u00f3n<\/span><\/a><\/li>\n<li class=\"menu-item menu-item-type-post_type menu-item-object-page menu-item-4702\"><a href=\"https:\/\/wcms.com.co\/en\/wcms-hall-2023\/\" class=\"elementor-item\">WCMS Hall<\/a><\/li>\n<li class=\"menu-item menu-item-type-post_type menu-item-object-page menu-item-has-children menu-item-4703\"><a href=\"https:\/\/wcms.com.co\/en\/ubicacion-2023\/\" class=\"elementor-item\">Ubicaci\u00f3n<\/a>\n<ul class=\"sub-menu elementor-nav-menu--dropdown\">\n\t<li class=\"menu-item menu-item-type-post_type menu-item-object-page menu-item-4704\"><a href=\"https:\/\/wcms.com.co\/en\/sede-del-evento-2023\/\" class=\"elementor-sub-item\">Sede del evento<\/a><\/li>\n\t<li class=\"menu-item menu-item-type-post_type menu-item-object-page menu-item-4705\"><a href=\"https:\/\/wcms.com.co\/en\/como-llegar-2023\/\" class=\"elementor-sub-item\">Como llegar<\/a><\/li>\n\t<li class=\"menu-item menu-item-type-post_type menu-item-object-page menu-item-4706\"><a href=\"https:\/\/wcms.com.co\/en\/hospedaje-2023\/\" class=\"elementor-sub-item\">Hospedaje<\/a><\/li>\n\t<li class=\"menu-item menu-item-type-post_type menu-item-object-page menu-item-4707\"><a href=\"https:\/\/wcms.com.co\/en\/recomendaciones-de-viaje-2023\/\" class=\"elementor-sub-item\">Recomendaciones de viaje<\/a><\/li>\n\t<li class=\"menu-item menu-item-type-post_type menu-item-object-page menu-item-4708\"><a href=\"https:\/\/wcms.com.co\/en\/conoce-neiva-huila-colombia-2023\/\" class=\"elementor-sub-item\">Conoce Neiva, Huila, Colombia<\/a><\/li>\n<\/ul>\n<\/li>\n<li class=\"menu-item menu-item-type-post_type menu-item-object-page menu-item-has-children menu-item-4709\"><a href=\"https:\/\/wcms.com.co\/en\/memorias-2023\/\" class=\"elementor-item\">Memorias<\/a>\n<ul class=\"sub-menu elementor-nav-menu--dropdown\">\n\t<li class=\"menu-item menu-item-type-post_type menu-item-object-page menu-item-4711\"><a href=\"https:\/\/wcms.com.co\/en\/galeria-2023\/\" class=\"elementor-sub-item\">Galer\u00eda<\/a><\/li>\n\t<li class=\"menu-item menu-item-type-post_type menu-item-object-page menu-item-4712\"><a href=\"https:\/\/wcms.com.co\/en\/certificados-2023\/\" class=\"elementor-sub-item\">Certificados<\/a><\/li>\n\t<li class=\"menu-item menu-item-type-post_type menu-item-object-post menu-item-4766\"><a href=\"https:\/\/wcms.com.co\/en\/memorias-2023\/\" class=\"elementor-sub-item\">Memorias<\/a><\/li>\n<\/ul>\n<\/li>\n<\/ul>\t\t\t<\/nav>\n\t\t\t\t\t<div class=\"elementor-menu-toggle\" role=\"button\" tabindex=\"0\" aria-label=\"Menu Toggle\" aria-expanded=\"false\">\n\t\t\t<i aria-hidden=\"true\" role=\"presentation\" class=\"elementor-menu-toggle__icon--open eicon-menu-bar\"><\/i><i aria-hidden=\"true\" role=\"presentation\" class=\"elementor-menu-toggle__icon--close eicon-close\"><\/i>\t\t<\/div>\n\t\t\t\t\t<nav class=\"elementor-nav-menu--dropdown elementor-nav-menu__container\" aria-hidden=\"true\">\n\t\t\t\t<ul id=\"menu-2-0e69535\" class=\"elementor-nav-menu\"><li class=\"menu-item menu-item-type-post_type menu-item-object-page menu-item-4716\"><a href=\"https:\/\/wcms.com.co\/en\/inicio-2023\/\" class=\"elementor-item\" tabindex=\"-1\">Inicio<\/a><\/li>\n<li class=\"menu-item menu-item-type-post_type menu-item-object-page menu-item-4697\"><a href=\"https:\/\/wcms.com.co\/en\/husac-2023\/\" class=\"elementor-item\" tabindex=\"-1\">HUSAC<\/a><\/li>\n<li class=\"menu-item menu-item-type-post_type menu-item-object-page menu-item-4698\"><a href=\"https:\/\/wcms.com.co\/en\/nosotros-2023\/\" class=\"elementor-item\" tabindex=\"-1\">Nosotros<\/a><\/li>\n<li class=\"menu-item menu-item-type-post_type menu-item-object-page menu-item-4699\"><a href=\"https:\/\/wcms.com.co\/en\/programa-2023\/\" class=\"elementor-item\" tabindex=\"-1\">Programa<\/a><\/li>\n<li class=\"menu-item menu-item-type-post_type menu-item-object-page menu-item-4700\"><a href=\"https:\/\/wcms.com.co\/en\/postulacion-trabajos-2023\/\" class=\"elementor-item\" tabindex=\"-1\">Postulaci\u00f3n trabajos<\/a><\/li>\n<li class=\"menu-item menu-item-type-post_type menu-item-object-page menu-item-4701\"><a href=\"https:\/\/wcms.com.co\/en\/inscripcion-2023\/\" class=\"elementor-item\" tabindex=\"-1\"><span class=\"colorTexto\">Inscripci\u00f3n<\/span><\/a><\/li>\n<li class=\"menu-item menu-item-type-post_type menu-item-object-page menu-item-4702\"><a href=\"https:\/\/wcms.com.co\/en\/wcms-hall-2023\/\" class=\"elementor-item\" tabindex=\"-1\">WCMS Hall<\/a><\/li>\n<li class=\"menu-item menu-item-type-post_type menu-item-object-page menu-item-has-children menu-item-4703\"><a href=\"https:\/\/wcms.com.co\/en\/ubicacion-2023\/\" class=\"elementor-item\" tabindex=\"-1\">Ubicaci\u00f3n<\/a>\n<ul class=\"sub-menu elementor-nav-menu--dropdown\">\n\t<li class=\"menu-item menu-item-type-post_type menu-item-object-page menu-item-4704\"><a href=\"https:\/\/wcms.com.co\/en\/sede-del-evento-2023\/\" class=\"elementor-sub-item\" tabindex=\"-1\">Sede del evento<\/a><\/li>\n\t<li class=\"menu-item menu-item-type-post_type menu-item-object-page menu-item-4705\"><a href=\"https:\/\/wcms.com.co\/en\/como-llegar-2023\/\" class=\"elementor-sub-item\" tabindex=\"-1\">Como llegar<\/a><\/li>\n\t<li class=\"menu-item menu-item-type-post_type menu-item-object-page menu-item-4706\"><a href=\"https:\/\/wcms.com.co\/en\/hospedaje-2023\/\" class=\"elementor-sub-item\" tabindex=\"-1\">Hospedaje<\/a><\/li>\n\t<li class=\"menu-item menu-item-type-post_type menu-item-object-page menu-item-4707\"><a href=\"https:\/\/wcms.com.co\/en\/recomendaciones-de-viaje-2023\/\" class=\"elementor-sub-item\" tabindex=\"-1\">Recomendaciones de viaje<\/a><\/li>\n\t<li class=\"menu-item menu-item-type-post_type menu-item-object-page menu-item-4708\"><a href=\"https:\/\/wcms.com.co\/en\/conoce-neiva-huila-colombia-2023\/\" class=\"elementor-sub-item\" tabindex=\"-1\">Conoce Neiva, Huila, Colombia<\/a><\/li>\n<\/ul>\n<\/li>\n<li class=\"menu-item menu-item-type-post_type menu-item-object-page menu-item-has-children menu-item-4709\"><a href=\"https:\/\/wcms.com.co\/en\/memorias-2023\/\" class=\"elementor-item\" tabindex=\"-1\">Memorias<\/a>\n<ul class=\"sub-menu elementor-nav-menu--dropdown\">\n\t<li class=\"menu-item menu-item-type-post_type menu-item-object-page menu-item-4711\"><a href=\"https:\/\/wcms.com.co\/en\/galeria-2023\/\" class=\"elementor-sub-item\" tabindex=\"-1\">Galer\u00eda<\/a><\/li>\n\t<li class=\"menu-item menu-item-type-post_type menu-item-object-page menu-item-4712\"><a href=\"https:\/\/wcms.com.co\/en\/certificados-2023\/\" class=\"elementor-sub-item\" tabindex=\"-1\">Certificados<\/a><\/li>\n\t<li class=\"menu-item menu-item-type-post_type menu-item-object-post menu-item-4766\"><a href=\"https:\/\/wcms.com.co\/en\/memorias-2023\/\" class=\"elementor-sub-item\" tabindex=\"-1\">Memorias<\/a><\/li>\n<\/ul>\n<\/li>\n<\/ul>\t\t\t<\/nav>\n\t\t\t\t\t\t<\/div>\n\t\t\t\t<\/div>\n\t\t\t\t\t<\/div>\n\t\t<\/div>\n\t\t\t\t\t<\/div>\n\t\t<\/section>\n\t\t\t\t<section class=\"elementor-section elementor-top-section elementor-element elementor-element-209042c elementor-section-boxed elementor-section-height-default elementor-section-height-default\" data-id=\"209042c\" data-element_type=\"section\" data-e-type=\"section\">\n\t\t\t\t\t\t<div class=\"elementor-container elementor-column-gap-default\">\n\t\t\t\t\t<div class=\"elementor-column elementor-col-100 elementor-top-column elementor-element elementor-element-6c0c40c5\" data-id=\"6c0c40c5\" data-element_type=\"column\" data-e-type=\"column\">\n\t\t\t<div class=\"elementor-widget-wrap elementor-element-populated\">\n\t\t\t\t\t\t<div class=\"elementor-element elementor-element-70f3ff8 elementor-widget elementor-widget-spacer\" data-id=\"70f3ff8\" data-element_type=\"widget\" data-e-type=\"widget\" data-widget_type=\"spacer.default\">\n\t\t\t\t<div class=\"elementor-widget-container\">\n\t\t\t\t\t\t\t<div class=\"elementor-spacer\">\n\t\t\t<div class=\"elementor-spacer-inner\"><\/div>\n\t\t<\/div>\n\t\t\t\t\t\t<\/div>\n\t\t\t\t<\/div>\n\t\t\t\t<div class=\"elementor-element elementor-element-ecdac01 colorTexto elementor-widget elementor-widget-heading\" data-id=\"ecdac01\" data-element_type=\"widget\" data-e-type=\"widget\" data-widget_type=\"heading.default\">\n\t\t\t\t<div class=\"elementor-widget-container\">\n\t\t\t\t\t<h2 class=\"elementor-heading-title elementor-size-default\"><h1 id=\"eventos-versiones-anteriores\" class=\"has-text-align-center\">Certificados 2022<\/h1><\/h2>\t\t\t\t<\/div>\n\t\t\t\t<\/div>\n\t\t\t\t<div class=\"elementor-element elementor-element-60470c6 colorTexto elementor-widget elementor-widget-heading\" data-id=\"60470c6\" data-element_type=\"widget\" data-e-type=\"widget\" data-widget_type=\"heading.default\">\n\t\t\t\t<div class=\"elementor-widget-container\">\n\t\t\t\t\t<h2 class=\"elementor-heading-title elementor-size-default\">Descargue su certificado de asistencia<\/h2>\t\t\t\t<\/div>\n\t\t\t\t<\/div>\n\t\t\t\t\t<\/div>\n\t\t<\/div>\n\t\t\t\t\t<\/div>\n\t\t<\/section>\n\t\t\t\t<section class=\"elementor-section elementor-top-section elementor-element elementor-element-16c0441 elementor-section-boxed elementor-section-height-default elementor-section-height-default\" data-id=\"16c0441\" data-element_type=\"section\" data-e-type=\"section\">\n\t\t\t\t\t\t<div class=\"elementor-container elementor-column-gap-default\">\n\t\t\t\t\t<div class=\"elementor-column elementor-col-33 elementor-top-column elementor-element elementor-element-b836f48\" data-id=\"b836f48\" data-element_type=\"column\" data-e-type=\"column\">\n\t\t\t<div class=\"elementor-widget-wrap\">\n\t\t\t\t\t\t\t<\/div>\n\t\t<\/div>\n\t\t\t\t<div class=\"elementor-column elementor-col-33 elementor-top-column elementor-element elementor-element-32618ae\" data-id=\"32618ae\" data-element_type=\"column\" data-e-type=\"column\">\n\t\t\t<div class=\"elementor-widget-wrap elementor-element-populated\">\n\t\t\t\t\t\t<div class=\"elementor-element elementor-element-607a5bf elementor-widget elementor-widget-shortcode\" data-id=\"607a5bf\" data-element_type=\"widget\" data-e-type=\"widget\" data-widget_type=\"shortcode.default\">\n\t\t\t\t<div class=\"elementor-widget-container\">\n\t\t\t\t\t\t\t<div class=\"elementor-shortcode\"><div class=\"form\">\n   <!-- <ul class=\"tab-group\">-->\n      <!--<li class=\"tab active\"><a href=\"#assistants\">Asistentes<\/a><\/li>-->\n     <!-- <li class=\"tab\"><a href=\"#speakers\">Ponentes<\/a><\/li>-->\n    <!--<\/ul>-->\n  <div id=\"assistants\" style=\"text-align:center\">   \n    <!--<h3 class=\"colorTexto\" >Certificados I Congreso Internacional de Simulaci\u00f3n M\u00e9dica<\/h3>-->\n    <form id=\"form-assistants2\">\n      <div class=\"field-wrap\">\n        <label>\n          Digite su c\u00e9dula<span class=\"req\">*<\/span>\n        <\/label>\n        <input id=\"cedula\" type=\"number\"required autocomplete=\"off\" style=\"border:none;\"\/>\n      <\/div>\n      <button id=\"submit\" type=\"submit\" class=\"button button-block\" >Descargar Certificado<\/button>\n    <\/form>\n  <\/div>  \n<\/div> <!-- \/form -->\n\n<script>\n  async function getCSVFByDocId(id, rango, key) {\n  let url = `https:\/\/sheets.googleapis.com\/v4\/spreadsheets\/${id}\/values\/${rango}?key=${key}`;\n  const response = await fetch(url);\n  return response.json();\n}\n\nfunction procesaDatosAJSON(infoJson) {\n  let entries = infoJson.values;\n  let numFilas = entries.length;\n\n  \/\/Procesamos los datos\n  let campos = [];\n  let datos = [];\n\n  for(var f = 0; f < numFilas; f++) {\n      let fila = entries[f];\n      \/\/Recorremos cada fila y por cada columna creamos un nuevo objeto\n      let obj = {};\n\n      for(var c = 0; c < fila.length; c++) {\n          celda = fila[c];\n          if (f == 0){\n              \/\/ Nombres de los campos ubicados en el thead\n              campos.push(celda);\n          } else {\n              \/\/En las dem\u00e1s filas asignamos la propiedad que corresponda seg\u00fan la posici\u00f3n\n              obj[campos[c]] = celda;\n          }\n      }\n  \n      \/\/A\u00f1adimos el nuevo objeto a la colecci\u00f3n de datos (si no es la primera fila)\n      if (f > 0) datos.push(obj);\n  }\n\n  return datos;\n}\n\nfunction datos(datos) {\n  let cedula = jQuery(\"#cedula\");\n\n  for (let item of datos) {  \n    if (cedula.val() == item.cedula) {\n      var name = item.nombre\n      var ide = item.cedula\n      var tipo = item.tipo\n      var ciudad = item.ciudad\n    }\n  }\n\n  if (name) {\n    var xhr = new XMLHttpRequest();\n    \/\/ '?name=' + name + '<br>?cedula=' + ide, true);\n    xhr.open('GET', \"https:\/\/wcms.com.co\/wp-content\/plugins\/wcms_2022\/includes\/pdf.php\" + '?name=' + name + '&cedula=' + ide + '&tipo=' + tipo + '&ciudad=' + ciudad, true);\n    xhr.responseType = 'blob';\n\n    xhr.onload = function(e) {\n      \n      if (this.status == 200) {\n        var blob = new Blob([this.response], {type: 'application\/pdf'});\n        var link = document.createElement('a');\n        link.href = window.URL.createObjectURL(blob);\n        link.download = \"certificado.pdf\"; \n        link.click();\n        cedula.val(\"\");\n        jQuery(\"label\").removeClass('active highlight');   \n      }\n    };\n  \n    xhr.send(); \n  } else {\n    alert(\"Su c\u00e9dula no fue encontrada\");\n    cedula.val(\"\");\n    jQuery(\"label\").removeClass('active highlight'); \n  } \n}\n\njQuery(document).on('submit','#form-assistants2', function(e) {\n  e.preventDefault();\n  \n  getCSVFByDocId('1sYncbtH3iBUYYJKxMP_ZWU74zJ62PgEL23HEsnps5uA', 'A:Z', 'AIzaSyBnk4I7IbLq1GV4wVuIypF6lAXijdVknSw').then(procesaDatosAJSON).then(datos);\n});\n<\/script><\/div>\n\t\t\t\t\t\t<\/div>\n\t\t\t\t<\/div>\n\t\t\t\t\t<\/div>\n\t\t<\/div>\n\t\t\t\t<div class=\"elementor-column elementor-col-33 elementor-top-column elementor-element elementor-element-eccc0f5\" data-id=\"eccc0f5\" data-element_type=\"column\" data-e-type=\"column\">\n\t\t\t<div class=\"elementor-widget-wrap\">\n\t\t\t\t\t\t\t<\/div>\n\t\t<\/div>\n\t\t\t\t\t<\/div>\n\t\t<\/section>\n\t\t\t\t<\/div>\n\t\t","protected":false},"excerpt":{"rendered":"<p>Certificates 2022 Download your certificate of attendance<\/p>","protected":false},"author":1,"featured_media":0,"parent":0,"menu_order":0,"comment_status":"closed","ping_status":"closed","template":"","meta":{"neve_meta_sidebar":"","neve_meta_container":"","neve_meta_enable_content_width":"","neve_meta_content_width":0,"neve_meta_title_alignment":"","neve_meta_author_avatar":"","neve_post_elements_order":"","neve_meta_disable_header":"","neve_meta_disable_footer":"","neve_meta_disable_title":"","footnotes":""},"class_list":["post-3702","page","type-page","status-publish","hentry"],"yoast_head":"<!-- This site is optimized with the Yoast SEO plugin v27.2 - https:\/\/yoast.com\/product\/yoast-seo-wordpress\/ -->\n<title>Certificados 2022 - WCMS x CIII<\/title>\n<meta name=\"robots\" content=\"index, follow, max-snippet:-1, max-image-preview:large, max-video-preview:-1\" \/>\n<link rel=\"canonical\" href=\"https:\/\/wcms.com.co\/en\/certificados-2022\/\" \/>\n<meta property=\"og:locale\" content=\"en_US\" \/>\n<meta property=\"og:type\" content=\"article\" \/>\n<meta property=\"og:title\" content=\"Certificados 2022 - WCMS x CIII\" \/>\n<meta property=\"og:description\" content=\"Certificados 2022 Descargue su certificado de asistencia\" \/>\n<meta property=\"og:url\" content=\"https:\/\/wcms.com.co\/en\/certificados-2022\/\" \/>\n<meta property=\"og:site_name\" content=\"WCMS x CIII\" \/>\n<meta property=\"article:publisher\" content=\"https:\/\/www.facebook.com\/Fundacionuniveristarianavarra-UniNavarra-1917912191768659\/\" \/>\n<meta property=\"article:modified_time\" content=\"2024-07-10T16:32:35+00:00\" \/>\n<meta name=\"twitter:card\" content=\"summary_large_image\" \/>\n<meta name=\"twitter:site\" content=\"@uninavarraeduca\" \/>\n<script type=\"application\/ld+json\" class=\"yoast-schema-graph\">{\"@context\":\"https:\/\/schema.org\",\"@graph\":[{\"@type\":\"WebPage\",\"@id\":\"https:\/\/wcms.com.co\/certificados-2022\/\",\"url\":\"https:\/\/wcms.com.co\/certificados-2022\/\",\"name\":\"Certificados 2022 - WCMS x CIII\",\"isPartOf\":{\"@id\":\"https:\/\/wcms.com.co\/en\/#website\"},\"datePublished\":\"2023-04-05T13:21:30+00:00\",\"dateModified\":\"2024-07-10T16:32:35+00:00\",\"breadcrumb\":{\"@id\":\"https:\/\/wcms.com.co\/certificados-2022\/#breadcrumb\"},\"inLanguage\":\"en-US\",\"potentialAction\":[{\"@type\":\"ReadAction\",\"target\":[\"https:\/\/wcms.com.co\/certificados-2022\/\"]}]},{\"@type\":\"BreadcrumbList\",\"@id\":\"https:\/\/wcms.com.co\/certificados-2022\/#breadcrumb\",\"itemListElement\":[{\"@type\":\"ListItem\",\"position\":1,\"name\":\"Inicio\",\"item\":\"https:\/\/wcms.com.co\/\"},{\"@type\":\"ListItem\",\"position\":2,\"name\":\"Certificados 2022\"}]},{\"@type\":\"WebSite\",\"@id\":\"https:\/\/wcms.com.co\/en\/#website\",\"url\":\"https:\/\/wcms.com.co\/en\/\",\"name\":\"WCMS x CIII\",\"description\":\"WCMS x CIII- World Congress of Medical Simulation x CIINA\",\"publisher\":{\"@id\":\"https:\/\/wcms.com.co\/en\/#organization\"},\"potentialAction\":[{\"@type\":\"SearchAction\",\"target\":{\"@type\":\"EntryPoint\",\"urlTemplate\":\"https:\/\/wcms.com.co\/en\/?s={search_term_string}\"},\"query-input\":{\"@type\":\"PropertyValueSpecification\",\"valueRequired\":true,\"valueName\":\"search_term_string\"}}],\"inLanguage\":\"en-US\"},{\"@type\":\"Organization\",\"@id\":\"https:\/\/wcms.com.co\/en\/#organization\",\"name\":\"WCMS x CIII\",\"url\":\"https:\/\/wcms.com.co\/en\/\",\"logo\":{\"@type\":\"ImageObject\",\"inLanguage\":\"en-US\",\"@id\":\"https:\/\/wcms.com.co\/en\/#\/schema\/logo\/image\/\",\"url\":\"https:\/\/wcms.com.co\/wp-content\/uploads\/2023\/09\/LOGOS-DE-PAGINA-WCMS-CONTORNO-1.png\",\"contentUrl\":\"https:\/\/wcms.com.co\/wp-content\/uploads\/2023\/09\/LOGOS-DE-PAGINA-WCMS-CONTORNO-1.png\",\"width\":1500,\"height\":158,\"caption\":\"WCMS x CIII\"},\"image\":{\"@id\":\"https:\/\/wcms.com.co\/en\/#\/schema\/logo\/image\/\"},\"sameAs\":[\"https:\/\/www.facebook.com\/Fundacionuniveristarianavarra-UniNavarra-1917912191768659\/\",\"https:\/\/x.com\/uninavarraeduca\"]}]}<\/script>\n<!-- \/ Yoast SEO plugin. -->","yoast_head_json":{"title":"Certificates 2022 - WCMS x CIII","robots":{"index":"index","follow":"follow","max-snippet":"max-snippet:-1","max-image-preview":"max-image-preview:large","max-video-preview":"max-video-preview:-1"},"canonical":"https:\/\/wcms.com.co\/en\/certificados-2022\/","og_locale":"en_US","og_type":"article","og_title":"Certificados 2022 - WCMS x CIII","og_description":"Certificados 2022 Descargue su certificado de asistencia","og_url":"https:\/\/wcms.com.co\/en\/certificados-2022\/","og_site_name":"WCMS x CIII","article_publisher":"https:\/\/www.facebook.com\/Fundacionuniveristarianavarra-UniNavarra-1917912191768659\/","article_modified_time":"2024-07-10T16:32:35+00:00","twitter_card":"summary_large_image","twitter_site":"@uninavarraeduca","schema":{"@context":"https:\/\/schema.org","@graph":[{"@type":"WebPage","@id":"https:\/\/wcms.com.co\/certificados-2022\/","url":"https:\/\/wcms.com.co\/certificados-2022\/","name":"Certificates 2022 - WCMS x CIII","isPartOf":{"@id":"https:\/\/wcms.com.co\/en\/#website"},"datePublished":"2023-04-05T13:21:30+00:00","dateModified":"2024-07-10T16:32:35+00:00","breadcrumb":{"@id":"https:\/\/wcms.com.co\/certificados-2022\/#breadcrumb"},"inLanguage":"en-US","potentialAction":[{"@type":"ReadAction","target":["https:\/\/wcms.com.co\/certificados-2022\/"]}]},{"@type":"BreadcrumbList","@id":"https:\/\/wcms.com.co\/certificados-2022\/#breadcrumb","itemListElement":[{"@type":"ListItem","position":1,"name":"Inicio","item":"https:\/\/wcms.com.co\/"},{"@type":"ListItem","position":2,"name":"Certificados 2022"}]},{"@type":"WebSite","@id":"https:\/\/wcms.com.co\/en\/#website","url":"https:\/\/wcms.com.co\/en\/","name":"WCMS x CIII","description":"WCMS x CIII- World Congress of Medical Simulation x CIINA","publisher":{"@id":"https:\/\/wcms.com.co\/en\/#organization"},"potentialAction":[{"@type":"SearchAction","target":{"@type":"EntryPoint","urlTemplate":"https:\/\/wcms.com.co\/en\/?s={search_term_string}"},"query-input":{"@type":"PropertyValueSpecification","valueRequired":true,"valueName":"search_term_string"}}],"inLanguage":"en-US"},{"@type":"Organization","@id":"https:\/\/wcms.com.co\/en\/#organization","name":"WCMS x CIII","url":"https:\/\/wcms.com.co\/en\/","logo":{"@type":"ImageObject","inLanguage":"en-US","@id":"https:\/\/wcms.com.co\/en\/#\/schema\/logo\/image\/","url":"https:\/\/wcms.com.co\/wp-content\/uploads\/2023\/09\/LOGOS-DE-PAGINA-WCMS-CONTORNO-1.png","contentUrl":"https:\/\/wcms.com.co\/wp-content\/uploads\/2023\/09\/LOGOS-DE-PAGINA-WCMS-CONTORNO-1.png","width":1500,"height":158,"caption":"WCMS x CIII"},"image":{"@id":"https:\/\/wcms.com.co\/en\/#\/schema\/logo\/image\/"},"sameAs":["https:\/\/www.facebook.com\/Fundacionuniveristarianavarra-UniNavarra-1917912191768659\/","https:\/\/x.com\/uninavarraeduca"]}]}},"_links":{"self":[{"href":"https:\/\/wcms.com.co\/en\/wp-json\/wp\/v2\/pages\/3702","targetHints":{"allow":["GET"]}}],"collection":[{"href":"https:\/\/wcms.com.co\/en\/wp-json\/wp\/v2\/pages"}],"about":[{"href":"https:\/\/wcms.com.co\/en\/wp-json\/wp\/v2\/types\/page"}],"author":[{"embeddable":true,"href":"https:\/\/wcms.com.co\/en\/wp-json\/wp\/v2\/users\/1"}],"replies":[{"embeddable":true,"href":"https:\/\/wcms.com.co\/en\/wp-json\/wp\/v2\/comments?post=3702"}],"version-history":[{"count":0,"href":"https:\/\/wcms.com.co\/en\/wp-json\/wp\/v2\/pages\/3702\/revisions"}],"wp:attachment":[{"href":"https:\/\/wcms.com.co\/en\/wp-json\/wp\/v2\/media?parent=3702"}],"curies":[{"name":"wp","href":"https:\/\/api.w.org\/{rel}","templated":true}]}}