{"id":4656,"date":"2024-07-04T17:21:12","date_gmt":"2024-07-04T22:21:12","guid":{"rendered":"https:\/\/wcms.com.co\/?page_id=4656"},"modified":"2024-07-09T16:23:55","modified_gmt":"2024-07-09T21:23:55","slug":"inscripcion-2023","status":"publish","type":"page","link":"https:\/\/wcms.com.co\/en\/inscripcion-2023\/","title":{"rendered":"Registration 2023"},"content":{"rendered":"<div data-elementor-type=\"wp-page\" data-elementor-id=\"4656\" class=\"elementor elementor-4656\" data-elementor-post-type=\"page\">\n\t\t\t\t\t\t<section class=\"elementor-section elementor-top-section elementor-element elementor-element-ef1efe7 elementor-section-full_width elementor-section-height-default elementor-section-height-default\" data-id=\"ef1efe7\" data-element_type=\"section\" data-e-type=\"section\">\n\t\t\t\t\t\t<div class=\"elementor-container elementor-column-gap-default\">\n\t\t\t\t\t<div class=\"elementor-column elementor-col-100 elementor-top-column elementor-element elementor-element-83e0875\" data-id=\"83e0875\" data-element_type=\"column\" data-e-type=\"column\">\n\t\t\t<div class=\"elementor-widget-wrap elementor-element-populated\">\n\t\t\t\t\t\t<div class=\"elementor-element elementor-element-418013a elementor-nav-menu__align-center elementor-nav-menu--dropdown-tablet elementor-nav-menu__text-align-aside elementor-nav-menu--toggle elementor-nav-menu--burger elementor-widget elementor-widget-nav-menu\" data-id=\"418013a\" data-element_type=\"widget\" data-e-type=\"widget\" data-settings=\"{&quot;layout&quot;:&quot;horizontal&quot;,&quot;submenu_icon&quot;:{&quot;value&quot;:&quot;&lt;i class=\\&quot;fas fa-caret-down\\&quot; aria-hidden=\\&quot;true\\&quot;&gt;&lt;\\\/i&gt;&quot;,&quot;library&quot;:&quot;fa-solid&quot;},&quot;toggle&quot;:&quot;burger&quot;}\" data-widget_type=\"nav-menu.default\">\n\t\t\t\t<div class=\"elementor-widget-container\">\n\t\t\t\t\t\t\t\t<nav aria-label=\"Menu\" class=\"elementor-nav-menu--main elementor-nav-menu__container elementor-nav-menu--layout-horizontal e--pointer-underline e--animation-fade\">\n\t\t\t\t<ul id=\"menu-1-418013a\" class=\"elementor-nav-menu\"><li class=\"menu-item menu-item-type-post_type menu-item-object-page menu-item-4716\"><a href=\"https:\/\/wcms.com.co\/en\/inicio-2023\/\" class=\"elementor-item\">Home<\/a><\/li>\n<li class=\"menu-item menu-item-type-post_type menu-item-object-page menu-item-4697\"><a href=\"https:\/\/wcms.com.co\/en\/husac-2023\/\" class=\"elementor-item\">HUSAC<\/a><\/li>\n<li class=\"menu-item menu-item-type-post_type menu-item-object-page menu-item-4698\"><a href=\"https:\/\/wcms.com.co\/en\/nosotros-2023\/\" class=\"elementor-item\">About us<\/a><\/li>\n<li class=\"menu-item menu-item-type-post_type menu-item-object-page menu-item-4699\"><a href=\"https:\/\/wcms.com.co\/en\/programa-2023\/\" class=\"elementor-item\">Program<\/a><\/li>\n<li class=\"menu-item menu-item-type-post_type menu-item-object-page menu-item-4700\"><a href=\"https:\/\/wcms.com.co\/en\/postulacion-trabajos-2023\/\" class=\"elementor-item\">Abstracts<\/a><\/li>\n<li class=\"menu-item menu-item-type-post_type menu-item-object-page menu-item-4701\"><a href=\"https:\/\/wcms.com.co\/en\/inscripcion-2023\/\" class=\"elementor-item\"><span class=\"colorTexto\">Registration<\/span><\/a><\/li>\n<li class=\"menu-item menu-item-type-post_type menu-item-object-page menu-item-4702\"><a href=\"https:\/\/wcms.com.co\/en\/wcms-hall-2023\/\" class=\"elementor-item\">WCMS Hall<\/a><\/li>\n<li class=\"menu-item menu-item-type-post_type menu-item-object-page menu-item-has-children menu-item-4703\"><a href=\"https:\/\/wcms.com.co\/en\/ubicacion-2023\/\" class=\"elementor-item\">Location<\/a>\n<ul class=\"sub-menu elementor-nav-menu--dropdown\">\n\t<li class=\"menu-item menu-item-type-post_type menu-item-object-page menu-item-4704\"><a href=\"https:\/\/wcms.com.co\/en\/sede-del-evento-2023\/\" class=\"elementor-sub-item\">Event Venue<\/a><\/li>\n\t<li class=\"menu-item menu-item-type-post_type menu-item-object-page menu-item-4705\"><a href=\"https:\/\/wcms.com.co\/en\/como-llegar-2023\/\" class=\"elementor-sub-item\">How to get there<\/a><\/li>\n\t<li class=\"menu-item menu-item-type-post_type menu-item-object-page menu-item-4706\"><a href=\"https:\/\/wcms.com.co\/en\/hospedaje-2023\/\" class=\"elementor-sub-item\">Hotel Accommodation<\/a><\/li>\n\t<li class=\"menu-item menu-item-type-post_type menu-item-object-page menu-item-4707\"><a href=\"https:\/\/wcms.com.co\/en\/recomendaciones-de-viaje-2023\/\" class=\"elementor-sub-item\">Travel recommendations<\/a><\/li>\n\t<li class=\"menu-item menu-item-type-post_type menu-item-object-page menu-item-4708\"><a href=\"https:\/\/wcms.com.co\/en\/conoce-neiva-huila-colombia-2023\/\" class=\"elementor-sub-item\">Get to know Neiva, Huila, Colombia<\/a><\/li>\n<\/ul>\n<\/li>\n<li class=\"menu-item menu-item-type-post_type menu-item-object-page menu-item-has-children menu-item-4709\"><a href=\"https:\/\/wcms.com.co\/en\/memorias-2023\/\" class=\"elementor-item\">Memories<\/a>\n<ul class=\"sub-menu elementor-nav-menu--dropdown\">\n\t<li class=\"menu-item menu-item-type-post_type menu-item-object-page menu-item-4711\"><a href=\"https:\/\/wcms.com.co\/en\/galeria-2023\/\" class=\"elementor-sub-item\">Gallery<\/a><\/li>\n\t<li class=\"menu-item menu-item-type-post_type menu-item-object-page menu-item-4712\"><a href=\"https:\/\/wcms.com.co\/en\/certificados-2023\/\" class=\"elementor-sub-item\">Certificates<\/a><\/li>\n\t<li class=\"menu-item menu-item-type-post_type menu-item-object-post menu-item-4766\"><a href=\"https:\/\/wcms.com.co\/en\/memorias-2023\/\" class=\"elementor-sub-item\">Memories<\/a><\/li>\n<\/ul>\n<\/li>\n<\/ul>\t\t\t<\/nav>\n\t\t\t\t\t<div class=\"elementor-menu-toggle\" role=\"button\" tabindex=\"0\" aria-label=\"Menu Toggle\" aria-expanded=\"false\">\n\t\t\t<i aria-hidden=\"true\" role=\"presentation\" class=\"elementor-menu-toggle__icon--open eicon-menu-bar\"><\/i><i aria-hidden=\"true\" role=\"presentation\" class=\"elementor-menu-toggle__icon--close eicon-close\"><\/i>\t\t<\/div>\n\t\t\t\t\t<nav class=\"elementor-nav-menu--dropdown elementor-nav-menu__container\" aria-hidden=\"true\">\n\t\t\t\t<ul id=\"menu-2-418013a\" class=\"elementor-nav-menu\"><li class=\"menu-item menu-item-type-post_type menu-item-object-page menu-item-4716\"><a href=\"https:\/\/wcms.com.co\/en\/inicio-2023\/\" class=\"elementor-item\" tabindex=\"-1\">Home<\/a><\/li>\n<li class=\"menu-item menu-item-type-post_type menu-item-object-page menu-item-4697\"><a href=\"https:\/\/wcms.com.co\/en\/husac-2023\/\" class=\"elementor-item\" tabindex=\"-1\">HUSAC<\/a><\/li>\n<li class=\"menu-item menu-item-type-post_type menu-item-object-page menu-item-4698\"><a href=\"https:\/\/wcms.com.co\/en\/nosotros-2023\/\" class=\"elementor-item\" tabindex=\"-1\">About us<\/a><\/li>\n<li class=\"menu-item menu-item-type-post_type menu-item-object-page menu-item-4699\"><a href=\"https:\/\/wcms.com.co\/en\/programa-2023\/\" class=\"elementor-item\" tabindex=\"-1\">Program<\/a><\/li>\n<li class=\"menu-item menu-item-type-post_type menu-item-object-page menu-item-4700\"><a href=\"https:\/\/wcms.com.co\/en\/postulacion-trabajos-2023\/\" class=\"elementor-item\" tabindex=\"-1\">Abstracts<\/a><\/li>\n<li class=\"menu-item menu-item-type-post_type menu-item-object-page menu-item-4701\"><a href=\"https:\/\/wcms.com.co\/en\/inscripcion-2023\/\" class=\"elementor-item\" tabindex=\"-1\"><span class=\"colorTexto\">Registration<\/span><\/a><\/li>\n<li class=\"menu-item menu-item-type-post_type menu-item-object-page menu-item-4702\"><a href=\"https:\/\/wcms.com.co\/en\/wcms-hall-2023\/\" class=\"elementor-item\" tabindex=\"-1\">WCMS Hall<\/a><\/li>\n<li class=\"menu-item menu-item-type-post_type menu-item-object-page menu-item-has-children menu-item-4703\"><a href=\"https:\/\/wcms.com.co\/en\/ubicacion-2023\/\" class=\"elementor-item\" tabindex=\"-1\">Location<\/a>\n<ul class=\"sub-menu elementor-nav-menu--dropdown\">\n\t<li class=\"menu-item menu-item-type-post_type menu-item-object-page menu-item-4704\"><a href=\"https:\/\/wcms.com.co\/en\/sede-del-evento-2023\/\" class=\"elementor-sub-item\" tabindex=\"-1\">Event Venue<\/a><\/li>\n\t<li class=\"menu-item menu-item-type-post_type menu-item-object-page menu-item-4705\"><a href=\"https:\/\/wcms.com.co\/en\/como-llegar-2023\/\" class=\"elementor-sub-item\" tabindex=\"-1\">How to get there<\/a><\/li>\n\t<li class=\"menu-item menu-item-type-post_type menu-item-object-page menu-item-4706\"><a href=\"https:\/\/wcms.com.co\/en\/hospedaje-2023\/\" class=\"elementor-sub-item\" tabindex=\"-1\">Hotel Accommodation<\/a><\/li>\n\t<li class=\"menu-item menu-item-type-post_type menu-item-object-page menu-item-4707\"><a href=\"https:\/\/wcms.com.co\/en\/recomendaciones-de-viaje-2023\/\" class=\"elementor-sub-item\" tabindex=\"-1\">Travel recommendations<\/a><\/li>\n\t<li class=\"menu-item menu-item-type-post_type menu-item-object-page menu-item-4708\"><a href=\"https:\/\/wcms.com.co\/en\/conoce-neiva-huila-colombia-2023\/\" class=\"elementor-sub-item\" tabindex=\"-1\">Get to know Neiva, Huila, Colombia<\/a><\/li>\n<\/ul>\n<\/li>\n<li class=\"menu-item menu-item-type-post_type menu-item-object-page menu-item-has-children menu-item-4709\"><a href=\"https:\/\/wcms.com.co\/en\/memorias-2023\/\" class=\"elementor-item\" tabindex=\"-1\">Memories<\/a>\n<ul class=\"sub-menu elementor-nav-menu--dropdown\">\n\t<li class=\"menu-item menu-item-type-post_type menu-item-object-page menu-item-4711\"><a href=\"https:\/\/wcms.com.co\/en\/galeria-2023\/\" class=\"elementor-sub-item\" tabindex=\"-1\">Gallery<\/a><\/li>\n\t<li class=\"menu-item menu-item-type-post_type menu-item-object-page menu-item-4712\"><a href=\"https:\/\/wcms.com.co\/en\/certificados-2023\/\" class=\"elementor-sub-item\" tabindex=\"-1\">Certificates<\/a><\/li>\n\t<li class=\"menu-item menu-item-type-post_type menu-item-object-post menu-item-4766\"><a href=\"https:\/\/wcms.com.co\/en\/memorias-2023\/\" class=\"elementor-sub-item\" tabindex=\"-1\">Memories<\/a><\/li>\n<\/ul>\n<\/li>\n<\/ul>\t\t\t<\/nav>\n\t\t\t\t\t\t<\/div>\n\t\t\t\t<\/div>\n\t\t\t\t\t<\/div>\n\t\t<\/div>\n\t\t\t\t\t<\/div>\n\t\t<\/section>\n\t\t\t\t<section class=\"elementor-section elementor-top-section elementor-element elementor-element-12cd58b elementor-section-boxed elementor-section-height-default elementor-section-height-default\" data-id=\"12cd58b\" data-element_type=\"section\" data-e-type=\"section\">\n\t\t\t\t\t\t<div class=\"elementor-container elementor-column-gap-default\">\n\t\t\t\t\t<div class=\"elementor-column elementor-col-100 elementor-top-column elementor-element elementor-element-c9f837d\" data-id=\"c9f837d\" data-element_type=\"column\" data-e-type=\"column\">\n\t\t\t<div class=\"elementor-widget-wrap elementor-element-populated\">\n\t\t\t\t\t\t<div class=\"elementor-element elementor-element-bc7782c elementor-widget elementor-widget-spacer\" data-id=\"bc7782c\" data-element_type=\"widget\" data-e-type=\"widget\" data-widget_type=\"spacer.default\">\n\t\t\t\t<div class=\"elementor-widget-container\">\n\t\t\t\t\t\t\t<div class=\"elementor-spacer\">\n\t\t\t<div class=\"elementor-spacer-inner\"><\/div>\n\t\t<\/div>\n\t\t\t\t\t\t<\/div>\n\t\t\t\t<\/div>\n\t\t\t\t<div class=\"elementor-element elementor-element-92e8c7c colorTexto elementor-widget elementor-widget-heading\" data-id=\"92e8c7c\" data-element_type=\"widget\" data-e-type=\"widget\" data-widget_type=\"heading.default\">\n\t\t\t\t<div class=\"elementor-widget-container\">\n\t\t\t\t\t<h2 class=\"elementor-heading-title elementor-size-default\"><h1 id=\"eventos-versiones-anteriores\" class=\"has-text-align-center\">Registration 2023<\/h1><\/h2>\t\t\t\t<\/div>\n\t\t\t\t<\/div>\n\t\t\t\t<div class=\"elementor-element elementor-element-12e2187 elementor-widget elementor-widget-spacer\" data-id=\"12e2187\" data-element_type=\"widget\" data-e-type=\"widget\" data-widget_type=\"spacer.default\">\n\t\t\t\t<div class=\"elementor-widget-container\">\n\t\t\t\t\t\t\t<div class=\"elementor-spacer\">\n\t\t\t<div class=\"elementor-spacer-inner\"><\/div>\n\t\t<\/div>\n\t\t\t\t\t\t<\/div>\n\t\t\t\t<\/div>\n\t\t\t\t\t<\/div>\n\t\t<\/div>\n\t\t\t\t\t<\/div>\n\t\t<\/section>\n\t\t\t\t<section class=\"elementor-section elementor-top-section elementor-element elementor-element-94278a9 elementor-section-boxed elementor-section-height-default elementor-section-height-default\" data-id=\"94278a9\" data-element_type=\"section\" data-e-type=\"section\">\n\t\t\t\t\t\t<div class=\"elementor-container elementor-column-gap-default\">\n\t\t\t\t\t<div class=\"elementor-column elementor-col-100 elementor-top-column elementor-element elementor-element-2c60c83\" data-id=\"2c60c83\" data-element_type=\"column\" data-e-type=\"column\">\n\t\t\t<div class=\"elementor-widget-wrap elementor-element-populated\">\n\t\t\t\t\t\t<div class=\"elementor-element elementor-element-c4190a3 elementor-widget elementor-widget-text-editor\" data-id=\"c4190a3\" data-element_type=\"widget\" data-e-type=\"widget\" data-widget_type=\"text-editor.default\">\n\t\t\t\t<div class=\"elementor-widget-container\">\n\t\t\t\t\t\t\t\t\t<figure class=\"wp-block-table espaciadosf espaciados\">\n<div style=\"display: flex; justify-content: center;\">\n<div style=\"overflow-x: auto; width: 70%;\">\n<table style=\"font-weight: 400; width: 100%; text-align: center;\">\n<thead>\n<tr>\n<th style=\"width: 33%; vertical-align: middle; text-align: center;\" rowspan=\"2\">Public<\/th>\n<th style=\"width: 67%; vertical-align: middle; text-align: center;\" colspan=\"2\">Modality<\/th>\n<\/tr>\n<tr>\n<th style=\"width: 33%; text-align: center;\">On-site<\/th>\n<th style=\"width: 34%; text-align: center;\">Online<\/th>\n<\/tr>\n<\/thead>\n<tbody>\n<tr>\n<td style=\"vertical-align: middle; text-align: center;\">UNINAVARRA Students<\/td>\n<td style=\"vertical-align: middle; text-align: center;\">$ 100,000 COP<\/td>\n<td style=\"vertical-align: middle; text-align: center;\">Not available<\/td>\n<\/tr>\n<tr>\n<td style=\"vertical-align: middle; text-align: center;\">Professors\/Administrative Collaborators UNINAVARRA<\/td>\n<td style=\"vertical-align: middle; text-align: center;\">$ 150,000 COP<\/td>\n<td style=\"vertical-align: middle; text-align: center;\">Not available<\/td>\n<\/tr>\n<tr>\n<td style=\"vertical-align: middle; text-align: center;\">UNINAVARRA Graduates<\/td>\n<td style=\"vertical-align: middle; text-align: center;\">$ 150,000 COP<\/td>\n<td style=\"vertical-align: middle; text-align: center;\">$ 125,000 COP<\/td>\n<\/tr>\n<tr>\n<td style=\"vertical-align: middle; text-align: center;\">Professors\/Professional Externs<\/td>\n<td style=\"vertical-align: middle; text-align: center;\">$ 200,000 COP<\/td>\n<td style=\"vertical-align: middle; text-align: center;\">$ 200,000 COP<\/td>\n<\/tr>\n<tr>\n<td style=\"vertical-align: middle; text-align: center;\">External students<\/td>\n<td style=\"vertical-align: middle; text-align: center;\">$ 150,000 COP<\/td>\n<td style=\"vertical-align: middle; text-align: center;\">$ 120,000 COP<\/td>\n<\/tr>\n<\/tbody>\n<\/table>\n<\/div>\n<\/div>\n<\/figure>\t\t\t\t\t\t\t\t<\/div>\n\t\t\t\t<\/div>\n\t\t\t\t\t<\/div>\n\t\t<\/div>\n\t\t\t\t\t<\/div>\n\t\t<\/section>\n\t\t\t\t<\/div>","protected":false},"excerpt":{"rendered":"<p>Inscripci\u00f3n 2023 P\u00fablico Modalidad Presencial Online Estudiantes UNINAVARRA $ 100.000 COP No disponible Profesores\/Colaboradores administrativos UNINAVARRA $ 150.000 COP No disponible Graduados UNINAVARRA $ 150.000 COP $ 125.000 COP Profesores\/Profesionales&hellip;&nbsp;<a href=\"https:\/\/wcms.com.co\/en\/inscripcion-2023\/\" rel=\"bookmark\">Read More \"<span class=\"screen-reader-text\">Registration 2023<\/span><\/a><\/p>","protected":false},"author":2,"featured_media":0,"parent":0,"menu_order":0,"comment_status":"closed","ping_status":"closed","template":"page-templates\/template-pagebuilder-full-width.php","meta":{"neve_meta_sidebar":"","neve_meta_container":"","neve_meta_enable_content_width":"","neve_meta_content_width":0,"neve_meta_title_alignment":"","neve_meta_author_avatar":"","neve_post_elements_order":"","neve_meta_disable_header":"","neve_meta_disable_footer":"","neve_meta_disable_title":"","footnotes":""},"class_list":["post-4656","page","type-page","status-publish","hentry"],"yoast_head":"<!-- This site is optimized with the Yoast SEO plugin v27.2 - https:\/\/yoast.com\/product\/yoast-seo-wordpress\/ -->\n<title>Inscripci\u00f3n 2023 - WCMS x CIII<\/title>\n<meta name=\"robots\" content=\"index, follow, max-snippet:-1, max-image-preview:large, max-video-preview:-1\" \/>\n<link rel=\"canonical\" href=\"https:\/\/wcms.com.co\/en\/inscripcion-2023\/\" \/>\n<meta property=\"og:locale\" content=\"en_US\" \/>\n<meta property=\"og:type\" content=\"article\" \/>\n<meta property=\"og:title\" content=\"Inscripci\u00f3n 2023 - WCMS x CIII\" \/>\n<meta property=\"og:description\" content=\"Inscripci\u00f3n 2023 P\u00fablico Modalidad Presencial Online Estudiantes UNINAVARRA $ 100.000 COP No disponible Profesores\/Colaboradores administrativos UNINAVARRA $ 150.000 COP No disponible Graduados UNINAVARRA $ 150.000 COP $ 125.000 COP Profesores\/Profesionales&hellip;&nbsp;Read More &raquo;Inscripci\u00f3n 2023\" \/>\n<meta property=\"og:url\" content=\"https:\/\/wcms.com.co\/en\/inscripcion-2023\/\" \/>\n<meta property=\"og:site_name\" content=\"WCMS x CIII\" \/>\n<meta property=\"article:publisher\" content=\"https:\/\/www.facebook.com\/Fundacionuniveristarianavarra-UniNavarra-1917912191768659\/\" \/>\n<meta property=\"article:modified_time\" content=\"2024-07-09T21:23:55+00:00\" \/>\n<meta name=\"twitter:card\" content=\"summary_large_image\" \/>\n<meta name=\"twitter:site\" content=\"@uninavarraeduca\" \/>\n<script type=\"application\/ld+json\" class=\"yoast-schema-graph\">{\"@context\":\"https:\/\/schema.org\",\"@graph\":[{\"@type\":\"WebPage\",\"@id\":\"https:\/\/wcms.com.co\/inscripcion-2023\/\",\"url\":\"https:\/\/wcms.com.co\/inscripcion-2023\/\",\"name\":\"Inscripci\u00f3n 2023 - WCMS x CIII\",\"isPartOf\":{\"@id\":\"https:\/\/wcms.com.co\/en\/#website\"},\"datePublished\":\"2024-07-04T22:21:12+00:00\",\"dateModified\":\"2024-07-09T21:23:55+00:00\",\"breadcrumb\":{\"@id\":\"https:\/\/wcms.com.co\/inscripcion-2023\/#breadcrumb\"},\"inLanguage\":\"en-US\",\"potentialAction\":[{\"@type\":\"ReadAction\",\"target\":[\"https:\/\/wcms.com.co\/inscripcion-2023\/\"]}]},{\"@type\":\"BreadcrumbList\",\"@id\":\"https:\/\/wcms.com.co\/inscripcion-2023\/#breadcrumb\",\"itemListElement\":[{\"@type\":\"ListItem\",\"position\":1,\"name\":\"Inicio\",\"item\":\"https:\/\/wcms.com.co\/\"},{\"@type\":\"ListItem\",\"position\":2,\"name\":\"Inscripci\u00f3n 2023\"}]},{\"@type\":\"WebSite\",\"@id\":\"https:\/\/wcms.com.co\/en\/#website\",\"url\":\"https:\/\/wcms.com.co\/en\/\",\"name\":\"WCMS x CIII\",\"description\":\"WCMS x CIII- World Congress of Medical Simulation x CIINA\",\"publisher\":{\"@id\":\"https:\/\/wcms.com.co\/en\/#organization\"},\"potentialAction\":[{\"@type\":\"SearchAction\",\"target\":{\"@type\":\"EntryPoint\",\"urlTemplate\":\"https:\/\/wcms.com.co\/en\/?s={search_term_string}\"},\"query-input\":{\"@type\":\"PropertyValueSpecification\",\"valueRequired\":true,\"valueName\":\"search_term_string\"}}],\"inLanguage\":\"en-US\"},{\"@type\":\"Organization\",\"@id\":\"https:\/\/wcms.com.co\/en\/#organization\",\"name\":\"WCMS x CIII\",\"url\":\"https:\/\/wcms.com.co\/en\/\",\"logo\":{\"@type\":\"ImageObject\",\"inLanguage\":\"en-US\",\"@id\":\"https:\/\/wcms.com.co\/en\/#\/schema\/logo\/image\/\",\"url\":\"https:\/\/wcms.com.co\/wp-content\/uploads\/2023\/09\/LOGOS-DE-PAGINA-WCMS-CONTORNO-1.png\",\"contentUrl\":\"https:\/\/wcms.com.co\/wp-content\/uploads\/2023\/09\/LOGOS-DE-PAGINA-WCMS-CONTORNO-1.png\",\"width\":1500,\"height\":158,\"caption\":\"WCMS x CIII\"},\"image\":{\"@id\":\"https:\/\/wcms.com.co\/en\/#\/schema\/logo\/image\/\"},\"sameAs\":[\"https:\/\/www.facebook.com\/Fundacionuniveristarianavarra-UniNavarra-1917912191768659\/\",\"https:\/\/x.com\/uninavarraeduca\"]}]}<\/script>\n<!-- \/ Yoast SEO plugin. -->","yoast_head_json":{"title":"Inscripci\u00f3n 2023 - WCMS x CIII","robots":{"index":"index","follow":"follow","max-snippet":"max-snippet:-1","max-image-preview":"max-image-preview:large","max-video-preview":"max-video-preview:-1"},"canonical":"https:\/\/wcms.com.co\/en\/inscripcion-2023\/","og_locale":"en_US","og_type":"article","og_title":"Inscripci\u00f3n 2023 - WCMS x CIII","og_description":"Inscripci\u00f3n 2023 P\u00fablico Modalidad Presencial Online Estudiantes UNINAVARRA $ 100.000 COP No disponible Profesores\/Colaboradores administrativos UNINAVARRA $ 150.000 COP No disponible Graduados UNINAVARRA $ 150.000 COP $ 125.000 COP Profesores\/Profesionales&hellip;&nbsp;Read More &raquo;Inscripci\u00f3n 2023","og_url":"https:\/\/wcms.com.co\/en\/inscripcion-2023\/","og_site_name":"WCMS x CIII","article_publisher":"https:\/\/www.facebook.com\/Fundacionuniveristarianavarra-UniNavarra-1917912191768659\/","article_modified_time":"2024-07-09T21:23:55+00:00","twitter_card":"summary_large_image","twitter_site":"@uninavarraeduca","schema":{"@context":"https:\/\/schema.org","@graph":[{"@type":"WebPage","@id":"https:\/\/wcms.com.co\/inscripcion-2023\/","url":"https:\/\/wcms.com.co\/inscripcion-2023\/","name":"Inscripci\u00f3n 2023 - WCMS x CIII","isPartOf":{"@id":"https:\/\/wcms.com.co\/en\/#website"},"datePublished":"2024-07-04T22:21:12+00:00","dateModified":"2024-07-09T21:23:55+00:00","breadcrumb":{"@id":"https:\/\/wcms.com.co\/inscripcion-2023\/#breadcrumb"},"inLanguage":"en-US","potentialAction":[{"@type":"ReadAction","target":["https:\/\/wcms.com.co\/inscripcion-2023\/"]}]},{"@type":"BreadcrumbList","@id":"https:\/\/wcms.com.co\/inscripcion-2023\/#breadcrumb","itemListElement":[{"@type":"ListItem","position":1,"name":"Inicio","item":"https:\/\/wcms.com.co\/"},{"@type":"ListItem","position":2,"name":"Inscripci\u00f3n 2023"}]},{"@type":"WebSite","@id":"https:\/\/wcms.com.co\/en\/#website","url":"https:\/\/wcms.com.co\/en\/","name":"WCMS x CIII","description":"WCMS x CIII- World Congress of Medical Simulation x CIINA","publisher":{"@id":"https:\/\/wcms.com.co\/en\/#organization"},"potentialAction":[{"@type":"SearchAction","target":{"@type":"EntryPoint","urlTemplate":"https:\/\/wcms.com.co\/en\/?s={search_term_string}"},"query-input":{"@type":"PropertyValueSpecification","valueRequired":true,"valueName":"search_term_string"}}],"inLanguage":"en-US"},{"@type":"Organization","@id":"https:\/\/wcms.com.co\/en\/#organization","name":"WCMS x CIII","url":"https:\/\/wcms.com.co\/en\/","logo":{"@type":"ImageObject","inLanguage":"en-US","@id":"https:\/\/wcms.com.co\/en\/#\/schema\/logo\/image\/","url":"https:\/\/wcms.com.co\/wp-content\/uploads\/2023\/09\/LOGOS-DE-PAGINA-WCMS-CONTORNO-1.png","contentUrl":"https:\/\/wcms.com.co\/wp-content\/uploads\/2023\/09\/LOGOS-DE-PAGINA-WCMS-CONTORNO-1.png","width":1500,"height":158,"caption":"WCMS x CIII"},"image":{"@id":"https:\/\/wcms.com.co\/en\/#\/schema\/logo\/image\/"},"sameAs":["https:\/\/www.facebook.com\/Fundacionuniveristarianavarra-UniNavarra-1917912191768659\/","https:\/\/x.com\/uninavarraeduca"]}]}},"_links":{"self":[{"href":"https:\/\/wcms.com.co\/en\/wp-json\/wp\/v2\/pages\/4656","targetHints":{"allow":["GET"]}}],"collection":[{"href":"https:\/\/wcms.com.co\/en\/wp-json\/wp\/v2\/pages"}],"about":[{"href":"https:\/\/wcms.com.co\/en\/wp-json\/wp\/v2\/types\/page"}],"author":[{"embeddable":true,"href":"https:\/\/wcms.com.co\/en\/wp-json\/wp\/v2\/users\/2"}],"replies":[{"embeddable":true,"href":"https:\/\/wcms.com.co\/en\/wp-json\/wp\/v2\/comments?post=4656"}],"version-history":[{"count":0,"href":"https:\/\/wcms.com.co\/en\/wp-json\/wp\/v2\/pages\/4656\/revisions"}],"wp:attachment":[{"href":"https:\/\/wcms.com.co\/en\/wp-json\/wp\/v2\/media?parent=4656"}],"curies":[{"name":"wp","href":"https:\/\/api.w.org\/{rel}","templated":true}]}}