{"id":4670,"date":"2024-07-05T08:29:58","date_gmt":"2024-07-05T13:29:58","guid":{"rendered":"https:\/\/wcms.com.co\/?page_id=4670"},"modified":"2024-07-09T15:53:13","modified_gmt":"2024-07-09T20:53:13","slug":"recomendaciones-de-viaje-2023","status":"publish","type":"page","link":"https:\/\/wcms.com.co\/en\/recomendaciones-de-viaje-2023\/","title":{"rendered":"Recomendaciones de viaje 2023"},"content":{"rendered":"<div data-elementor-type=\"wp-page\" data-elementor-id=\"4670\" class=\"elementor elementor-4670\" data-elementor-post-type=\"page\">\n\t\t\t\t\t\t<section class=\"elementor-section elementor-top-section elementor-element elementor-element-4aacca7 elementor-section-full_width elementor-section-height-default elementor-section-height-default\" data-id=\"4aacca7\" data-element_type=\"section\" data-e-type=\"section\">\n\t\t\t\t\t\t<div class=\"elementor-container elementor-column-gap-default\">\n\t\t\t\t\t<div class=\"elementor-column elementor-col-100 elementor-top-column elementor-element elementor-element-b3df79e\" data-id=\"b3df79e\" data-element_type=\"column\" data-e-type=\"column\">\n\t\t\t<div class=\"elementor-widget-wrap elementor-element-populated\">\n\t\t\t\t\t\t<div class=\"elementor-element elementor-element-e23e4c3 elementor-nav-menu__align-center elementor-nav-menu--dropdown-tablet elementor-nav-menu__text-align-aside elementor-nav-menu--toggle elementor-nav-menu--burger elementor-widget elementor-widget-nav-menu\" data-id=\"e23e4c3\" data-element_type=\"widget\" data-e-type=\"widget\" data-settings=\"{&quot;layout&quot;:&quot;horizontal&quot;,&quot;submenu_icon&quot;:{&quot;value&quot;:&quot;&lt;i class=\\&quot;fas fa-caret-down\\&quot; aria-hidden=\\&quot;true\\&quot;&gt;&lt;\\\/i&gt;&quot;,&quot;library&quot;:&quot;fa-solid&quot;},&quot;toggle&quot;:&quot;burger&quot;}\" data-widget_type=\"nav-menu.default\">\n\t\t\t\t<div class=\"elementor-widget-container\">\n\t\t\t\t\t\t\t\t<nav aria-label=\"Menu\" class=\"elementor-nav-menu--main elementor-nav-menu__container elementor-nav-menu--layout-horizontal e--pointer-underline e--animation-fade\">\n\t\t\t\t<ul id=\"menu-1-e23e4c3\" class=\"elementor-nav-menu\"><li class=\"menu-item menu-item-type-post_type menu-item-object-page menu-item-4716\"><a href=\"https:\/\/wcms.com.co\/en\/inicio-2023\/\" class=\"elementor-item\">Home<\/a><\/li>\n<li class=\"menu-item menu-item-type-post_type menu-item-object-page menu-item-4697\"><a href=\"https:\/\/wcms.com.co\/en\/husac-2023\/\" class=\"elementor-item\">HUSAC<\/a><\/li>\n<li class=\"menu-item menu-item-type-post_type menu-item-object-page menu-item-4698\"><a href=\"https:\/\/wcms.com.co\/en\/nosotros-2023\/\" class=\"elementor-item\">About us<\/a><\/li>\n<li class=\"menu-item menu-item-type-post_type menu-item-object-page menu-item-4699\"><a href=\"https:\/\/wcms.com.co\/en\/programa-2023\/\" class=\"elementor-item\">Program<\/a><\/li>\n<li class=\"menu-item menu-item-type-post_type menu-item-object-page menu-item-4700\"><a href=\"https:\/\/wcms.com.co\/en\/postulacion-trabajos-2023\/\" class=\"elementor-item\">Abstracts<\/a><\/li>\n<li class=\"menu-item menu-item-type-post_type menu-item-object-page menu-item-4701\"><a href=\"https:\/\/wcms.com.co\/en\/inscripcion-2023\/\" class=\"elementor-item\"><span class=\"colorTexto\">Registration<\/span><\/a><\/li>\n<li class=\"menu-item menu-item-type-post_type menu-item-object-page menu-item-4702\"><a href=\"https:\/\/wcms.com.co\/en\/wcms-hall-2023\/\" class=\"elementor-item\">WCMS Hall<\/a><\/li>\n<li class=\"menu-item menu-item-type-post_type menu-item-object-page menu-item-has-children menu-item-4703\"><a href=\"https:\/\/wcms.com.co\/en\/ubicacion-2023\/\" class=\"elementor-item\">Location<\/a>\n<ul class=\"sub-menu elementor-nav-menu--dropdown\">\n\t<li class=\"menu-item menu-item-type-post_type menu-item-object-page menu-item-4704\"><a href=\"https:\/\/wcms.com.co\/en\/sede-del-evento-2023\/\" class=\"elementor-sub-item\">Event Venue<\/a><\/li>\n\t<li class=\"menu-item menu-item-type-post_type menu-item-object-page menu-item-4705\"><a href=\"https:\/\/wcms.com.co\/en\/como-llegar-2023\/\" class=\"elementor-sub-item\">How to get there<\/a><\/li>\n\t<li class=\"menu-item menu-item-type-post_type menu-item-object-page menu-item-4706\"><a href=\"https:\/\/wcms.com.co\/en\/hospedaje-2023\/\" class=\"elementor-sub-item\">Hotel Accommodation<\/a><\/li>\n\t<li class=\"menu-item menu-item-type-post_type menu-item-object-page menu-item-4707\"><a href=\"https:\/\/wcms.com.co\/en\/recomendaciones-de-viaje-2023\/\" class=\"elementor-sub-item\">Travel recommendations<\/a><\/li>\n\t<li class=\"menu-item menu-item-type-post_type menu-item-object-page menu-item-4708\"><a href=\"https:\/\/wcms.com.co\/en\/conoce-neiva-huila-colombia-2023\/\" class=\"elementor-sub-item\">Get to know Neiva, Huila, Colombia<\/a><\/li>\n<\/ul>\n<\/li>\n<li class=\"menu-item menu-item-type-post_type menu-item-object-page menu-item-has-children menu-item-4709\"><a href=\"https:\/\/wcms.com.co\/en\/memorias-2023\/\" class=\"elementor-item\">Memories<\/a>\n<ul class=\"sub-menu elementor-nav-menu--dropdown\">\n\t<li class=\"menu-item menu-item-type-post_type menu-item-object-page menu-item-4711\"><a href=\"https:\/\/wcms.com.co\/en\/galeria-2023\/\" class=\"elementor-sub-item\">Gallery<\/a><\/li>\n\t<li class=\"menu-item menu-item-type-post_type menu-item-object-page menu-item-4712\"><a href=\"https:\/\/wcms.com.co\/en\/certificados-2023\/\" class=\"elementor-sub-item\">Certificates<\/a><\/li>\n\t<li class=\"menu-item menu-item-type-post_type menu-item-object-post menu-item-4766\"><a href=\"https:\/\/wcms.com.co\/en\/memorias-2023\/\" class=\"elementor-sub-item\">Memories<\/a><\/li>\n<\/ul>\n<\/li>\n<\/ul>\t\t\t<\/nav>\n\t\t\t\t\t<div class=\"elementor-menu-toggle\" role=\"button\" tabindex=\"0\" aria-label=\"Menu Toggle\" aria-expanded=\"false\">\n\t\t\t<i aria-hidden=\"true\" role=\"presentation\" class=\"elementor-menu-toggle__icon--open eicon-menu-bar\"><\/i><i aria-hidden=\"true\" role=\"presentation\" class=\"elementor-menu-toggle__icon--close eicon-close\"><\/i>\t\t<\/div>\n\t\t\t\t\t<nav class=\"elementor-nav-menu--dropdown elementor-nav-menu__container\" aria-hidden=\"true\">\n\t\t\t\t<ul id=\"menu-2-e23e4c3\" class=\"elementor-nav-menu\"><li class=\"menu-item menu-item-type-post_type menu-item-object-page menu-item-4716\"><a href=\"https:\/\/wcms.com.co\/en\/inicio-2023\/\" class=\"elementor-item\" tabindex=\"-1\">Home<\/a><\/li>\n<li class=\"menu-item menu-item-type-post_type menu-item-object-page menu-item-4697\"><a href=\"https:\/\/wcms.com.co\/en\/husac-2023\/\" class=\"elementor-item\" tabindex=\"-1\">HUSAC<\/a><\/li>\n<li class=\"menu-item menu-item-type-post_type menu-item-object-page menu-item-4698\"><a href=\"https:\/\/wcms.com.co\/en\/nosotros-2023\/\" class=\"elementor-item\" tabindex=\"-1\">About us<\/a><\/li>\n<li class=\"menu-item menu-item-type-post_type menu-item-object-page menu-item-4699\"><a href=\"https:\/\/wcms.com.co\/en\/programa-2023\/\" class=\"elementor-item\" tabindex=\"-1\">Program<\/a><\/li>\n<li class=\"menu-item menu-item-type-post_type menu-item-object-page menu-item-4700\"><a href=\"https:\/\/wcms.com.co\/en\/postulacion-trabajos-2023\/\" class=\"elementor-item\" tabindex=\"-1\">Abstracts<\/a><\/li>\n<li class=\"menu-item menu-item-type-post_type menu-item-object-page menu-item-4701\"><a href=\"https:\/\/wcms.com.co\/en\/inscripcion-2023\/\" class=\"elementor-item\" tabindex=\"-1\"><span class=\"colorTexto\">Registration<\/span><\/a><\/li>\n<li class=\"menu-item menu-item-type-post_type menu-item-object-page menu-item-4702\"><a href=\"https:\/\/wcms.com.co\/en\/wcms-hall-2023\/\" class=\"elementor-item\" tabindex=\"-1\">WCMS Hall<\/a><\/li>\n<li class=\"menu-item menu-item-type-post_type menu-item-object-page menu-item-has-children menu-item-4703\"><a href=\"https:\/\/wcms.com.co\/en\/ubicacion-2023\/\" class=\"elementor-item\" tabindex=\"-1\">Location<\/a>\n<ul class=\"sub-menu elementor-nav-menu--dropdown\">\n\t<li class=\"menu-item menu-item-type-post_type menu-item-object-page menu-item-4704\"><a href=\"https:\/\/wcms.com.co\/en\/sede-del-evento-2023\/\" class=\"elementor-sub-item\" tabindex=\"-1\">Event Venue<\/a><\/li>\n\t<li class=\"menu-item menu-item-type-post_type menu-item-object-page menu-item-4705\"><a href=\"https:\/\/wcms.com.co\/en\/como-llegar-2023\/\" class=\"elementor-sub-item\" tabindex=\"-1\">How to get there<\/a><\/li>\n\t<li class=\"menu-item menu-item-type-post_type menu-item-object-page menu-item-4706\"><a href=\"https:\/\/wcms.com.co\/en\/hospedaje-2023\/\" class=\"elementor-sub-item\" tabindex=\"-1\">Hotel Accommodation<\/a><\/li>\n\t<li class=\"menu-item menu-item-type-post_type menu-item-object-page menu-item-4707\"><a href=\"https:\/\/wcms.com.co\/en\/recomendaciones-de-viaje-2023\/\" class=\"elementor-sub-item\" tabindex=\"-1\">Travel recommendations<\/a><\/li>\n\t<li class=\"menu-item menu-item-type-post_type menu-item-object-page menu-item-4708\"><a href=\"https:\/\/wcms.com.co\/en\/conoce-neiva-huila-colombia-2023\/\" class=\"elementor-sub-item\" tabindex=\"-1\">Get to know Neiva, Huila, Colombia<\/a><\/li>\n<\/ul>\n<\/li>\n<li class=\"menu-item menu-item-type-post_type menu-item-object-page menu-item-has-children menu-item-4709\"><a href=\"https:\/\/wcms.com.co\/en\/memorias-2023\/\" class=\"elementor-item\" tabindex=\"-1\">Memories<\/a>\n<ul class=\"sub-menu elementor-nav-menu--dropdown\">\n\t<li class=\"menu-item menu-item-type-post_type menu-item-object-page menu-item-4711\"><a href=\"https:\/\/wcms.com.co\/en\/galeria-2023\/\" class=\"elementor-sub-item\" tabindex=\"-1\">Gallery<\/a><\/li>\n\t<li class=\"menu-item menu-item-type-post_type menu-item-object-page menu-item-4712\"><a href=\"https:\/\/wcms.com.co\/en\/certificados-2023\/\" class=\"elementor-sub-item\" tabindex=\"-1\">Certificates<\/a><\/li>\n\t<li class=\"menu-item menu-item-type-post_type menu-item-object-post menu-item-4766\"><a href=\"https:\/\/wcms.com.co\/en\/memorias-2023\/\" class=\"elementor-sub-item\" tabindex=\"-1\">Memories<\/a><\/li>\n<\/ul>\n<\/li>\n<\/ul>\t\t\t<\/nav>\n\t\t\t\t\t\t<\/div>\n\t\t\t\t<\/div>\n\t\t\t\t\t<\/div>\n\t\t<\/div>\n\t\t\t\t\t<\/div>\n\t\t<\/section>\n\t\t\t\t<section class=\"elementor-section elementor-top-section elementor-element elementor-element-7ff4e39 elementor-section-boxed elementor-section-height-default elementor-section-height-default\" data-id=\"7ff4e39\" data-element_type=\"section\" data-e-type=\"section\">\n\t\t\t\t\t\t<div class=\"elementor-container elementor-column-gap-default\">\n\t\t\t\t\t<div class=\"elementor-column elementor-col-100 elementor-top-column elementor-element elementor-element-cf67b9d\" data-id=\"cf67b9d\" data-element_type=\"column\" data-e-type=\"column\">\n\t\t\t<div class=\"elementor-widget-wrap elementor-element-populated\">\n\t\t\t\t\t\t<div class=\"elementor-element elementor-element-1be6d95 elementor-widget elementor-widget-spacer\" data-id=\"1be6d95\" data-element_type=\"widget\" data-e-type=\"widget\" data-widget_type=\"spacer.default\">\n\t\t\t\t<div class=\"elementor-widget-container\">\n\t\t\t\t\t\t\t<div class=\"elementor-spacer\">\n\t\t\t<div class=\"elementor-spacer-inner\"><\/div>\n\t\t<\/div>\n\t\t\t\t\t\t<\/div>\n\t\t\t\t<\/div>\n\t\t\t\t<div class=\"elementor-element elementor-element-c95f4e3 colorTexto elementor-widget elementor-widget-heading\" data-id=\"c95f4e3\" data-element_type=\"widget\" data-e-type=\"widget\" data-widget_type=\"heading.default\">\n\t\t\t\t<div class=\"elementor-widget-container\">\n\t\t\t\t\t<h2 class=\"elementor-heading-title elementor-size-default\"><h1 id=\"eventos-versiones-anteriores\" class=\"has-text-align-center\">Travel recommendations 202<\/h1><\/h2>\t\t\t\t<\/div>\n\t\t\t\t<\/div>\n\t\t\t\t<div class=\"elementor-element elementor-element-868448a elementor-widget elementor-widget-spacer\" data-id=\"868448a\" data-element_type=\"widget\" data-e-type=\"widget\" data-widget_type=\"spacer.default\">\n\t\t\t\t<div class=\"elementor-widget-container\">\n\t\t\t\t\t\t\t<div class=\"elementor-spacer\">\n\t\t\t<div class=\"elementor-spacer-inner\"><\/div>\n\t\t<\/div>\n\t\t\t\t\t\t<\/div>\n\t\t\t\t<\/div>\n\t\t\t\t\t<\/div>\n\t\t<\/div>\n\t\t\t\t\t<\/div>\n\t\t<\/section>\n\t\t\t\t<section class=\"elementor-section elementor-top-section elementor-element elementor-element-5298529 elementor-section-boxed elementor-section-height-default elementor-section-height-default\" data-id=\"5298529\" data-element_type=\"section\" data-e-type=\"section\">\n\t\t\t\t\t\t<div class=\"elementor-container elementor-column-gap-default\">\n\t\t\t\t\t<div class=\"elementor-column elementor-col-100 elementor-top-column elementor-element elementor-element-84d2843\" data-id=\"84d2843\" data-element_type=\"column\" data-e-type=\"column\">\n\t\t\t<div class=\"elementor-widget-wrap elementor-element-populated\">\n\t\t\t\t\t\t<div class=\"elementor-element elementor-element-8667f60 colorTexto elementor-widget elementor-widget-heading\" data-id=\"8667f60\" data-element_type=\"widget\" data-e-type=\"widget\" data-widget_type=\"heading.default\">\n\t\t\t\t<div class=\"elementor-widget-container\">\n\t\t\t\t\t<h3 class=\"elementor-heading-title elementor-size-default\">Health protection measures<\/h3>\t\t\t\t<\/div>\n\t\t\t\t<\/div>\n\t\t\t\t<div class=\"elementor-element elementor-element-f02f386 elementor-widget elementor-widget-html\" data-id=\"f02f386\" data-element_type=\"widget\" data-e-type=\"widget\" data-widget_type=\"html.default\">\n\t\t\t\t<div class=\"elementor-widget-container\">\n\t\t\t\t\t<p style=\"text-align:justify\" >The Colombian Ministry of Health and Social Protection, through Resolution 555 of 2023, repealed the requirement to present a COVID-19 vaccination certificate and PCR test with negative result for travelers entering Colombia and established the following measures: <\/p>\r\n<p style=\"text-align:justify\" ><strong class=\"colorTexto\">Use of mouth masks:<\/strong> The use of a mask will be mandatory to enter health care institutions and nursing homes. The use of face masks is recommended for persons 60 years of age and older or those with comorbidities and immunosuppression, as well as those with respiratory symptoms.<\/p>\r\n<p style=\"text-align:justify\" ><strong class=\"colorTexto\">Self-care measures:<\/strong> It is the responsibility of each person to take care of himself\/herself, avoiding contact with those who may be at risk of transmitting the COVID 19 virus. <\/p>\r\n<p style=\"text-align:justify\" ><strong class=\"colorTexto\">Yellow fever:<br><\/strong> \r\n    * Countries at risk of yellow fever transmission and countries that require proof of yellow fever vaccination - World Health Organization <a class=\"colorTexto\" href=\"https:\/\/cdn.who.int\/media\/docs\/default-source\/travel-and-health\/countries-with-risk-of-yellow-fever-transmission.pdf?sfvrsn=bf42ac59_1&download=true\" target=\"_blank\" rel=\"noopener\">More information<\/a><br>\r\n    * Specific Colombian municipalities at high risk of yellow fever - Colombian Ministry of Health and Social Protection. <a class=\"colorTexto\" href=\"https:\/\/www.minsalud.gov.co\/salud\/publica\/PET\/Paginas\/Fiebre-amarilla.aspx\" target=\"_blank\" rel=\"noopener\">More information<\/a><\/p><br>\t\t\t\t<\/div>\n\t\t\t\t<\/div>\n\t\t\t\t<div class=\"elementor-element elementor-element-058ab56 colorTexto elementor-widget elementor-widget-heading\" data-id=\"058ab56\" data-element_type=\"widget\" data-e-type=\"widget\" data-widget_type=\"heading.default\">\n\t\t\t\t<div class=\"elementor-widget-container\">\n\t\t\t\t\t<h3 class=\"elementor-heading-title elementor-size-default\"><strong>Measures for foreigners entering Colombia by air or sea<\/strong><\/h3>\t\t\t\t<\/div>\n\t\t\t\t<\/div>\n\t\t\t\t<div class=\"elementor-element elementor-element-7f2a80a elementor-widget elementor-widget-html\" data-id=\"7f2a80a\" data-element_type=\"widget\" data-e-type=\"widget\" data-widget_type=\"html.default\">\n\t\t\t\t<div class=\"elementor-widget-container\">\n\t\t\t\t\t<p style=\"text-align:justify\" >The Ministry of Foreign Affairs of Colombia has issued different immigration regulations available on its web page: https:\/\/www.cancilleria.gov.co\/tramites_servicios\/visa\/abece-visas, and the following recommendations are made:<\/p>\r\n<p style=\"text-align:justify\" ><strong class=\"colorTexto\">Check-Mig:<\/strong> The Special Administrative Unit of Migration Colombia requires filling out the form online 24 hours before the flight: https:\/\/apps.migracioncolombia.gov.co\/pre-registro\/public\/preregistro.jsf<\/p>\r\n<p style=\"text-align:justify\" ><strong class=\"colorTexto\">Visa:<\/strong> Foreign participants in the event whose country of origin requires a Colombian visa are responsible for processing and assuming the costs of this document directly at the Colombian Ministry of Foreign Affairs following the official procedure published on its website: https:\/\/www.cancilleria.gov.co\/tramites_servicios\/visa. UNINAVARRA does not interfere in the visa approval decision.<\/p>\r\n<p style=\"text-align:justify\" ><strong class=\"colorTexto\">Migratory permit:<\/strong> Foreign participants in the event whose country of origin does not require a Colombian visa, must present the <strong>letter of invitation or acceptance from UNINAVARRA<\/strong> The immigration permit must be stamped in your passport before the officers of Migration Colombia upon your arrival in the country: <strong>Integration and Development Permit (PID).<\/strong>Please verify that the permit marked is the one mentioned, otherwise request its correction.<\/p>\t\t\t\t<\/div>\n\t\t\t\t<\/div>\n\t\t\t\t\t<\/div>\n\t\t<\/div>\n\t\t\t\t\t<\/div>\n\t\t<\/section>\n\t\t\t\t<\/div>","protected":false},"excerpt":{"rendered":"<p>Recomendaciones de viaje 202 Medidas para protecci\u00f3n de la salud El Ministerio de Salud y Protecci\u00f3n Social de Colombia mediante la Resoluci\u00f3n 555 de 2023 derog\u00f3 el requisito de presentaci\u00f3n&hellip;&nbsp;<a href=\"https:\/\/wcms.com.co\/en\/recomendaciones-de-viaje-2023\/\" rel=\"bookmark\">Read More \"<span class=\"screen-reader-text\">Recomendaciones de viaje 2023<\/span><\/a><\/p>","protected":false},"author":2,"featured_media":0,"parent":0,"menu_order":0,"comment_status":"closed","ping_status":"closed","template":"page-templates\/template-pagebuilder-full-width.php","meta":{"neve_meta_sidebar":"","neve_meta_container":"","neve_meta_enable_content_width":"","neve_meta_content_width":0,"neve_meta_title_alignment":"","neve_meta_author_avatar":"","neve_post_elements_order":"","neve_meta_disable_header":"","neve_meta_disable_footer":"","neve_meta_disable_title":"","footnotes":""},"class_list":["post-4670","page","type-page","status-publish","hentry"],"yoast_head":"<!-- This site is optimized with the Yoast SEO plugin v27.4 - https:\/\/yoast.com\/product\/yoast-seo-wordpress\/ -->\n<title>Recomendaciones de viaje 2023 - WCMS x CIII<\/title>\n<meta name=\"robots\" content=\"index, follow, max-snippet:-1, max-image-preview:large, max-video-preview:-1\" \/>\n<link rel=\"canonical\" href=\"https:\/\/wcms.com.co\/en\/recomendaciones-de-viaje-2023\/\" \/>\n<meta property=\"og:locale\" content=\"en_US\" \/>\n<meta property=\"og:type\" content=\"article\" \/>\n<meta property=\"og:title\" content=\"Recomendaciones de viaje 2023 - WCMS x CIII\" \/>\n<meta property=\"og:description\" content=\"Recomendaciones de viaje 202 Medidas para protecci\u00f3n de la salud El Ministerio de Salud y Protecci\u00f3n Social de Colombia mediante la Resoluci\u00f3n 555 de 2023 derog\u00f3 el requisito de presentaci\u00f3n&hellip;&nbsp;Read More &raquo;Recomendaciones de viaje 2023\" \/>\n<meta property=\"og:url\" content=\"https:\/\/wcms.com.co\/en\/recomendaciones-de-viaje-2023\/\" \/>\n<meta property=\"og:site_name\" content=\"WCMS x CIII\" \/>\n<meta property=\"article:publisher\" content=\"https:\/\/www.facebook.com\/Fundacionuniveristarianavarra-UniNavarra-1917912191768659\/\" \/>\n<meta property=\"article:modified_time\" content=\"2024-07-09T20:53:13+00:00\" \/>\n<meta name=\"twitter:card\" content=\"summary_large_image\" \/>\n<meta name=\"twitter:site\" content=\"@uninavarraeduca\" \/>\n<meta name=\"twitter:label1\" content=\"Est. reading time\" \/>\n\t<meta name=\"twitter:data1\" content=\"2 minutes\" \/>\n<script type=\"application\/ld+json\" class=\"yoast-schema-graph\">{\"@context\":\"https:\\\/\\\/schema.org\",\"@graph\":[{\"@type\":\"WebPage\",\"@id\":\"https:\\\/\\\/wcms.com.co\\\/recomendaciones-de-viaje-2023\\\/\",\"url\":\"https:\\\/\\\/wcms.com.co\\\/recomendaciones-de-viaje-2023\\\/\",\"name\":\"Recomendaciones de viaje 2023 - WCMS x CIII\",\"isPartOf\":{\"@id\":\"https:\\\/\\\/wcms.com.co\\\/en\\\/#website\"},\"datePublished\":\"2024-07-05T13:29:58+00:00\",\"dateModified\":\"2024-07-09T20:53:13+00:00\",\"breadcrumb\":{\"@id\":\"https:\\\/\\\/wcms.com.co\\\/recomendaciones-de-viaje-2023\\\/#breadcrumb\"},\"inLanguage\":\"en-US\",\"potentialAction\":[{\"@type\":\"ReadAction\",\"target\":[\"https:\\\/\\\/wcms.com.co\\\/recomendaciones-de-viaje-2023\\\/\"]}]},{\"@type\":\"BreadcrumbList\",\"@id\":\"https:\\\/\\\/wcms.com.co\\\/recomendaciones-de-viaje-2023\\\/#breadcrumb\",\"itemListElement\":[{\"@type\":\"ListItem\",\"position\":1,\"name\":\"Inicio\",\"item\":\"https:\\\/\\\/wcms.com.co\\\/\"},{\"@type\":\"ListItem\",\"position\":2,\"name\":\"Recomendaciones de viaje 2023\"}]},{\"@type\":\"WebSite\",\"@id\":\"https:\\\/\\\/wcms.com.co\\\/en\\\/#website\",\"url\":\"https:\\\/\\\/wcms.com.co\\\/en\\\/\",\"name\":\"WCMS x CIII\",\"description\":\"WCMS x CIII- World Congress of Medical Simulation x CIINA\",\"publisher\":{\"@id\":\"https:\\\/\\\/wcms.com.co\\\/en\\\/#organization\"},\"potentialAction\":[{\"@type\":\"SearchAction\",\"target\":{\"@type\":\"EntryPoint\",\"urlTemplate\":\"https:\\\/\\\/wcms.com.co\\\/en\\\/?s={search_term_string}\"},\"query-input\":{\"@type\":\"PropertyValueSpecification\",\"valueRequired\":true,\"valueName\":\"search_term_string\"}}],\"inLanguage\":\"en-US\"},{\"@type\":\"Organization\",\"@id\":\"https:\\\/\\\/wcms.com.co\\\/en\\\/#organization\",\"name\":\"WCMS x CIII\",\"url\":\"https:\\\/\\\/wcms.com.co\\\/en\\\/\",\"logo\":{\"@type\":\"ImageObject\",\"inLanguage\":\"en-US\",\"@id\":\"https:\\\/\\\/wcms.com.co\\\/en\\\/#\\\/schema\\\/logo\\\/image\\\/\",\"url\":\"https:\\\/\\\/wcms.com.co\\\/wp-content\\\/uploads\\\/2023\\\/09\\\/LOGOS-DE-PAGINA-WCMS-CONTORNO-1.png\",\"contentUrl\":\"https:\\\/\\\/wcms.com.co\\\/wp-content\\\/uploads\\\/2023\\\/09\\\/LOGOS-DE-PAGINA-WCMS-CONTORNO-1.png\",\"width\":1500,\"height\":158,\"caption\":\"WCMS x CIII\"},\"image\":{\"@id\":\"https:\\\/\\\/wcms.com.co\\\/en\\\/#\\\/schema\\\/logo\\\/image\\\/\"},\"sameAs\":[\"https:\\\/\\\/www.facebook.com\\\/Fundacionuniveristarianavarra-UniNavarra-1917912191768659\\\/\",\"https:\\\/\\\/x.com\\\/uninavarraeduca\"]}]}<\/script>\n<!-- \/ Yoast SEO plugin. -->","yoast_head_json":{"title":"Recomendaciones de viaje 2023 - WCMS x CIII","robots":{"index":"index","follow":"follow","max-snippet":"max-snippet:-1","max-image-preview":"max-image-preview:large","max-video-preview":"max-video-preview:-1"},"canonical":"https:\/\/wcms.com.co\/en\/recomendaciones-de-viaje-2023\/","og_locale":"en_US","og_type":"article","og_title":"Recomendaciones de viaje 2023 - WCMS x CIII","og_description":"Recomendaciones de viaje 202 Medidas para protecci\u00f3n de la salud El Ministerio de Salud y Protecci\u00f3n Social de Colombia mediante la Resoluci\u00f3n 555 de 2023 derog\u00f3 el requisito de presentaci\u00f3n&hellip;&nbsp;Read More &raquo;Recomendaciones de viaje 2023","og_url":"https:\/\/wcms.com.co\/en\/recomendaciones-de-viaje-2023\/","og_site_name":"WCMS x CIII","article_publisher":"https:\/\/www.facebook.com\/Fundacionuniveristarianavarra-UniNavarra-1917912191768659\/","article_modified_time":"2024-07-09T20:53:13+00:00","twitter_card":"summary_large_image","twitter_site":"@uninavarraeduca","twitter_misc":{"Est. reading time":"2 minutes"},"schema":{"@context":"https:\/\/schema.org","@graph":[{"@type":"WebPage","@id":"https:\/\/wcms.com.co\/recomendaciones-de-viaje-2023\/","url":"https:\/\/wcms.com.co\/recomendaciones-de-viaje-2023\/","name":"Recomendaciones de viaje 2023 - WCMS x CIII","isPartOf":{"@id":"https:\/\/wcms.com.co\/en\/#website"},"datePublished":"2024-07-05T13:29:58+00:00","dateModified":"2024-07-09T20:53:13+00:00","breadcrumb":{"@id":"https:\/\/wcms.com.co\/recomendaciones-de-viaje-2023\/#breadcrumb"},"inLanguage":"en-US","potentialAction":[{"@type":"ReadAction","target":["https:\/\/wcms.com.co\/recomendaciones-de-viaje-2023\/"]}]},{"@type":"BreadcrumbList","@id":"https:\/\/wcms.com.co\/recomendaciones-de-viaje-2023\/#breadcrumb","itemListElement":[{"@type":"ListItem","position":1,"name":"Inicio","item":"https:\/\/wcms.com.co\/"},{"@type":"ListItem","position":2,"name":"Recomendaciones de viaje 2023"}]},{"@type":"WebSite","@id":"https:\/\/wcms.com.co\/en\/#website","url":"https:\/\/wcms.com.co\/en\/","name":"WCMS x CIII","description":"WCMS x CIII- World Congress of Medical Simulation x CIINA","publisher":{"@id":"https:\/\/wcms.com.co\/en\/#organization"},"potentialAction":[{"@type":"SearchAction","target":{"@type":"EntryPoint","urlTemplate":"https:\/\/wcms.com.co\/en\/?s={search_term_string}"},"query-input":{"@type":"PropertyValueSpecification","valueRequired":true,"valueName":"search_term_string"}}],"inLanguage":"en-US"},{"@type":"Organization","@id":"https:\/\/wcms.com.co\/en\/#organization","name":"WCMS x CIII","url":"https:\/\/wcms.com.co\/en\/","logo":{"@type":"ImageObject","inLanguage":"en-US","@id":"https:\/\/wcms.com.co\/en\/#\/schema\/logo\/image\/","url":"https:\/\/wcms.com.co\/wp-content\/uploads\/2023\/09\/LOGOS-DE-PAGINA-WCMS-CONTORNO-1.png","contentUrl":"https:\/\/wcms.com.co\/wp-content\/uploads\/2023\/09\/LOGOS-DE-PAGINA-WCMS-CONTORNO-1.png","width":1500,"height":158,"caption":"WCMS x CIII"},"image":{"@id":"https:\/\/wcms.com.co\/en\/#\/schema\/logo\/image\/"},"sameAs":["https:\/\/www.facebook.com\/Fundacionuniveristarianavarra-UniNavarra-1917912191768659\/","https:\/\/x.com\/uninavarraeduca"]}]}},"_links":{"self":[{"href":"https:\/\/wcms.com.co\/en\/wp-json\/wp\/v2\/pages\/4670","targetHints":{"allow":["GET"]}}],"collection":[{"href":"https:\/\/wcms.com.co\/en\/wp-json\/wp\/v2\/pages"}],"about":[{"href":"https:\/\/wcms.com.co\/en\/wp-json\/wp\/v2\/types\/page"}],"author":[{"embeddable":true,"href":"https:\/\/wcms.com.co\/en\/wp-json\/wp\/v2\/users\/2"}],"replies":[{"embeddable":true,"href":"https:\/\/wcms.com.co\/en\/wp-json\/wp\/v2\/comments?post=4670"}],"version-history":[{"count":0,"href":"https:\/\/wcms.com.co\/en\/wp-json\/wp\/v2\/pages\/4670\/revisions"}],"wp:attachment":[{"href":"https:\/\/wcms.com.co\/en\/wp-json\/wp\/v2\/media?parent=4670"}],"curies":[{"name":"wp","href":"https:\/\/api.w.org\/{rel}","templated":true}]}}