{"id":548,"date":"2022-06-06T07:57:43","date_gmt":"2022-06-06T12:57:43","guid":{"rendered":"http:\/\/localhost\/HUSAC\/?page_id=548"},"modified":"2026-04-01T16:51:54","modified_gmt":"2026-04-01T21:51:54","slug":"program","status":"publish","type":"page","link":"https:\/\/wcms.com.co\/en\/program\/","title":{"rendered":"Program"},"content":{"rendered":"<div data-elementor-type=\"wp-page\" data-elementor-id=\"548\" class=\"elementor elementor-548\" data-elementor-post-type=\"page\">\n\t\t\t\t\t\t<section class=\"elementor-section elementor-top-section elementor-element elementor-element-698e61bf elementor-section-full_width elementor-section-height-default elementor-section-height-default\" data-id=\"698e61bf\" data-element_type=\"section\" data-e-type=\"section\">\n\t\t\t\t\t\t<div class=\"elementor-container elementor-column-gap-default\">\n\t\t\t\t\t<div class=\"elementor-column elementor-col-100 elementor-top-column elementor-element elementor-element-44d3b831\" data-id=\"44d3b831\" data-element_type=\"column\" data-e-type=\"column\">\n\t\t\t<div class=\"elementor-widget-wrap elementor-element-populated\">\n\t\t\t\t\t\t<div class=\"elementor-element elementor-element-7cfc33e elementor-widget elementor-widget-text-editor\" data-id=\"7cfc33e\" data-element_type=\"widget\" data-e-type=\"widget\" data-widget_type=\"text-editor.default\">\n\t\t\t\t<div class=\"elementor-widget-container\">\n\t\t\t\t\t\t\t\t\t<div class=\"elementor-element elementor-element-204aef2 colorTexto elementor-widget elementor-widget-heading\" data-id=\"204aef2\" data-element_type=\"widget\" data-widget_type=\"heading.default\">\n<div class=\"elementor-widget-container\">\n<h3 class=\"elementor-heading-title elementor-size-default wp-block-heading\" style=\"font-size: 42px;\"><span style=\"background-color: initial; -webkit-text-fill-color: transparent;\">IX International Congress on Research and Innovation UNINAVARRA IX CIII-2026<\/span><\/h3><\/div><\/div>\n<h3 class=\"wp-block-heading has-text-align-center subtitulo animated fadeIn faster has-nv-text-dark-bg-color has-text-color\">\"Digital tools and technologies for sustainable development and higher education.\"<\/h3>\t\t\t\t\t\t\t\t<\/div>\n\t\t\t\t<\/div>\n\t\t\t\t<div class=\"elementor-element elementor-element-7105964 elementor-widget elementor-widget-spacer\" data-id=\"7105964\" data-element_type=\"widget\" data-e-type=\"widget\" data-widget_type=\"spacer.default\">\n\t\t\t\t<div class=\"elementor-widget-container\">\n\t\t\t\t\t\t\t<div class=\"elementor-spacer\">\n\t\t\t<div class=\"elementor-spacer-inner\"><\/div>\n\t\t<\/div>\n\t\t\t\t\t\t<\/div>\n\t\t\t\t<\/div>\n\t\t\t\t\t<\/div>\n\t\t<\/div>\n\t\t\t\t\t<\/div>\n\t\t<\/section>\n\t\t\t\t<section class=\"elementor-section elementor-top-section elementor-element elementor-element-cf292b0 elementor-section-full_width elementor-section-height-default elementor-section-height-default\" data-id=\"cf292b0\" data-element_type=\"section\" data-e-type=\"section\">\n\t\t\t\t\t\t<div class=\"elementor-container elementor-column-gap-default\">\n\t\t\t\t\t<div class=\"elementor-column elementor-col-100 elementor-top-column elementor-element elementor-element-9f50c73\" data-id=\"9f50c73\" data-element_type=\"column\" data-e-type=\"column\">\n\t\t\t<div class=\"elementor-widget-wrap elementor-element-populated\">\n\t\t\t\t\t\t<div class=\"elementor-element elementor-element-5e7502d elementor-widget elementor-widget-text-editor\" data-id=\"5e7502d\" data-element_type=\"widget\" data-e-type=\"widget\" data-widget_type=\"text-editor.default\">\n\t\t\t\t<div class=\"elementor-widget-container\">\n\t\t\t\t\t\t\t\t\t<div class=\"elementor-element elementor-element-204aef2 colorTexto elementor-widget elementor-widget-heading\" data-id=\"204aef2\" data-element_type=\"widget\" data-widget_type=\"heading.default\"><div class=\"elementor-widget-container\"><h6 class=\"elementor-heading-title elementor-size-default wp-block-heading\" style=\"font-size: 42px;\"><span style=\"background-color: initial; -webkit-text-fill-color: transparent;\">Programming<\/span><\/h6><\/div><\/div>\t\t\t\t\t\t\t\t<\/div>\n\t\t\t\t<\/div>\n\t\t\t\t<div class=\"elementor-element elementor-element-aab7e22 elementor-widget elementor-widget-spacer\" data-id=\"aab7e22\" data-element_type=\"widget\" data-e-type=\"widget\" data-widget_type=\"spacer.default\">\n\t\t\t\t<div class=\"elementor-widget-container\">\n\t\t\t\t\t\t\t<div class=\"elementor-spacer\">\n\t\t\t<div class=\"elementor-spacer-inner\"><\/div>\n\t\t<\/div>\n\t\t\t\t\t\t<\/div>\n\t\t\t\t<\/div>\n\t\t\t\t<div class=\"elementor-element elementor-element-9d7443d elementor-widget elementor-widget-shortcode\" data-id=\"9d7443d\" data-element_type=\"widget\" data-e-type=\"widget\" data-widget_type=\"shortcode.default\">\n\t\t\t\t<div class=\"elementor-widget-container\">\n\t\t\t\t\t\t\t<div class=\"elementor-shortcode\"><div class=\"_df_book df-lite\" id=\"df_7549\"  _slug=\"programacion-wcms-2026\" data-title=\"programacion-wcms-2026\" wpoptions=\"true\" thumb=\"https:\/\/wcms.com.co\/wp-content\/uploads\/2025\/08\/BANNER-WEB-1-1.jpg\" thumbtype=\"\" ><\/div><script class=\"df-shortcode-script\" nowprocket type=\"application\/javascript\">window.option_df_7549 = {\"outline\":[],\"autoEnableOutline\":\"false\",\"autoEnableThumbnail\":\"false\",\"overwritePDFOutline\":\"false\",\"direction\":\"1\",\"pageSize\":\"0\",\"source\":\"https:\\\/\\\/wcms.com.co\\\/wp-content\\\/uploads\\\/2026\\\/04\\\/progamacion-2026.pdf\",\"wpOptions\":\"true\"}; if(window.DFLIP && window.DFLIP.parseBooks){window.DFLIP.parseBooks();}<\/script><\/div>\n\t\t\t\t\t\t<\/div>\n\t\t\t\t<\/div>\n\t\t\t\t<div class=\"elementor-element elementor-element-e4c451f elementor-widget elementor-widget-spacer\" data-id=\"e4c451f\" data-element_type=\"widget\" data-e-type=\"widget\" data-widget_type=\"spacer.default\">\n\t\t\t\t<div class=\"elementor-widget-container\">\n\t\t\t\t\t\t\t<div class=\"elementor-spacer\">\n\t\t\t<div class=\"elementor-spacer-inner\"><\/div>\n\t\t<\/div>\n\t\t\t\t\t\t<\/div>\n\t\t\t\t<\/div>\n\t\t\t\t\t<\/div>\n\t\t<\/div>\n\t\t\t\t\t<\/div>\n\t\t<\/section>\n\t\t\t\t<section class=\"elementor-section elementor-top-section elementor-element elementor-element-08e1585 elementor-section-full_width elementor-section-height-default elementor-section-height-default\" data-id=\"08e1585\" data-element_type=\"section\" data-e-type=\"section\">\n\t\t\t\t\t\t<div class=\"elementor-container elementor-column-gap-default\">\n\t\t\t\t\t<div class=\"elementor-column elementor-col-100 elementor-top-column elementor-element elementor-element-14fe842\" data-id=\"14fe842\" data-element_type=\"column\" data-e-type=\"column\">\n\t\t\t<div class=\"elementor-widget-wrap elementor-element-populated\">\n\t\t\t\t\t\t<div class=\"elementor-element elementor-element-bd4b047 elementor-widget elementor-widget-text-editor\" data-id=\"bd4b047\" data-element_type=\"widget\" data-e-type=\"widget\" data-widget_type=\"text-editor.default\">\n\t\t\t\t<div class=\"elementor-widget-container\">\n\t\t\t\t\t\t\t\t\t<div class=\"elementor-element elementor-element-204aef2 colorTexto elementor-widget elementor-widget-heading\" data-id=\"204aef2\" data-element_type=\"widget\" data-widget_type=\"heading.default\"><div class=\"elementor-widget-container\"><h6 class=\"elementor-heading-title elementor-size-default wp-block-heading\" style=\"font-size: 42px;\"><span style=\"background-color: initial; -webkit-text-fill-color: transparent;\">Speakers<\/span><\/h6><\/div><\/div>\t\t\t\t\t\t\t\t<\/div>\n\t\t\t\t<\/div>\n\t\t\t\t<div class=\"elementor-element elementor-element-328154e elementor-widget elementor-widget-spacer\" data-id=\"328154e\" data-element_type=\"widget\" data-e-type=\"widget\" data-widget_type=\"spacer.default\">\n\t\t\t\t<div class=\"elementor-widget-container\">\n\t\t\t\t\t\t\t<div class=\"elementor-spacer\">\n\t\t\t<div class=\"elementor-spacer-inner\"><\/div>\n\t\t<\/div>\n\t\t\t\t\t\t<\/div>\n\t\t\t\t<\/div>\n\t\t\t\t\t<\/div>\n\t\t<\/div>\n\t\t\t\t\t<\/div>\n\t\t<\/section>\n\t\t\t\t<section class=\"elementor-section elementor-top-section elementor-element elementor-element-ba4b14a elementor-section-full_width elementor-section-height-default elementor-section-height-default\" data-id=\"ba4b14a\" data-element_type=\"section\" data-e-type=\"section\">\n\t\t\t\t\t\t<div class=\"elementor-container elementor-column-gap-default\">\n\t\t\t\t\t<div class=\"elementor-column elementor-col-100 elementor-top-column elementor-element elementor-element-ee3ee38\" data-id=\"ee3ee38\" data-element_type=\"column\" data-e-type=\"column\">\n\t\t\t<div class=\"elementor-widget-wrap elementor-element-populated\">\n\t\t\t\t\t\t<div class=\"elementor-element elementor-element-3f388df elementor-widget elementor-widget-text-editor\" data-id=\"3f388df\" data-element_type=\"widget\" data-e-type=\"widget\" data-widget_type=\"text-editor.default\">\n\t\t\t\t<div class=\"elementor-widget-container\">\n\t\t\t\t\t\t\t\t\t<div class=\"elementor-element elementor-element-204aef2 colorTexto elementor-widget elementor-widget-heading\" data-id=\"204aef2\" data-element_type=\"widget\" data-widget_type=\"heading.default\"><div class=\"elementor-widget-container\"><h6 class=\"elementor-heading-title elementor-size-default wp-block-heading\" style=\"font-size: 42px;\"><span style=\"background-color: initial; -webkit-text-fill-color: transparent;\">Eventos aliados<\/span><\/h6><\/div><\/div>\t\t\t\t\t\t\t\t<\/div>\n\t\t\t\t<\/div>\n\t\t\t\t<div class=\"elementor-element elementor-element-77b2c7b elementor-widget elementor-widget-spacer\" data-id=\"77b2c7b\" data-element_type=\"widget\" data-e-type=\"widget\" data-widget_type=\"spacer.default\">\n\t\t\t\t<div class=\"elementor-widget-container\">\n\t\t\t\t\t\t\t<div class=\"elementor-spacer\">\n\t\t\t<div class=\"elementor-spacer-inner\"><\/div>\n\t\t<\/div>\n\t\t\t\t\t\t<\/div>\n\t\t\t\t<\/div>\n\t\t\t\t<div class=\"elementor-element elementor-element-3d74be9 elementor-widget elementor-widget-html\" data-id=\"3d74be9\" data-element_type=\"widget\" data-e-type=\"widget\" data-widget_type=\"html.default\">\n\t\t\t\t<div class=\"elementor-widget-container\">\n\t\t\t\t\t<div class=\"lista-eventos-uninavarra\">\r\n<ul class=\"lista-eventos-uninavarra__ul\">\r\n    <li class=\"lista-eventos-uninavarra__item\">V World Congress of Medical Simulation - WCMS<\/li>\r\n\r\n    <li class=\"lista-eventos-uninavarra__item\">\r\n        V Congreso Nacional e Internacional de Innovaci\u00f3n e Investigaci\u00f3n en Radiolog\u00eda e Im\u00e1genes Diagn\u00f3sticas \/ \r\n        Actualizaci\u00f3n en Tecnolog\u00eda en Radiolog\u00eda e Im\u00e1genes Diagn\u00f3sticas\r\n    <\/li>\r\n\r\n    <li class=\"lista-eventos-uninavarra__item\">X International and IX National Gender Congress<\/li>\r\n\r\n    <li class=\"lista-eventos-uninavarra__item\">II Congress of Family Medicine UNINAVARRA<\/li>\r\n\r\n    <li class=\"lista-eventos-uninavarra__item\">I Congress on Internal Medicine UNINAVARRA<\/li>\r\n\r\n    <li class=\"lista-eventos-uninavarra__item\">\r\n        V Congreso Internacional de Innovaci\u00f3n y Desarrollo de Negocios \r\n    <\/li>\r\n    \r\n     <li class=\"lista-eventos-uninavarra__item\">\r\n       IV Congreso Internacional de Ingenier\u00eda y Transformaci\u00f3n Industrial\r\n    <\/li>\r\n    \r\n     <li class=\"lista-eventos-uninavarra__item\">\r\n      IV Congreso Internacional de Investigaci\u00f3n, Innovaci\u00f3n en Sostenibilidad Ambiental\r\n    <\/li>\r\n\r\n\r\n    <li class=\"lista-eventos-uninavarra__item\">Olympics - HUSAC \/ UNINAVARRA<\/li>\r\n\r\n    <li class=\"lista-eventos-uninavarra__item\">\r\n        X Congreso Nacional y IV Congreso Internacional de Enfermer\u00eda \/ \r\n        V Jornada de actualizaci\u00f3n de enfermer\u00eda:Innovar para Cuidar: Enfermer\u00eda, Tecnolog\u00eda y Sostenibilidad\r\n    <\/li>\r\n\r\n    \r\n<\/ul>\r\n<\/div>\t\t\t\t<\/div>\n\t\t\t\t<\/div>\n\t\t\t\t\t<\/div>\n\t\t<\/div>\n\t\t\t\t\t<\/div>\n\t\t<\/section>\n\t\t\t\t<section class=\"elementor-section elementor-top-section elementor-element elementor-element-b226b6f elementor-section-boxed elementor-section-height-default elementor-section-height-default\" data-id=\"b226b6f\" data-element_type=\"section\" data-e-type=\"section\">\n\t\t\t\t\t\t<div class=\"elementor-container elementor-column-gap-default\">\n\t\t\t\t\t<div class=\"elementor-column elementor-col-100 elementor-top-column elementor-element elementor-element-3aa2a45\" data-id=\"3aa2a45\" data-element_type=\"column\" data-e-type=\"column\">\n\t\t\t<div class=\"elementor-widget-wrap elementor-element-populated\">\n\t\t\t\t\t\t\t<\/div>\n\t\t<\/div>\n\t\t\t\t\t<\/div>\n\t\t<\/section>\n\t\t\t\t<\/div>","protected":false},"excerpt":{"rendered":"<p>IX Congreso Internacional de Investigaci\u00f3n e Innovaci\u00f3n UNINAVARRA IX CIII-2026 \u201cHerramientas y tecnolog\u00edas digitales para el desarrollo sostenible y la educaci\u00f3n superior\u201d Programaci\u00f3n Ponentes Eventos aliados V World Congress of&hellip;&nbsp;<a href=\"https:\/\/wcms.com.co\/en\/program\/\" rel=\"bookmark\">Read More \"<span class=\"screen-reader-text\">Program<\/span><\/a><\/p>","protected":false},"author":1,"featured_media":0,"parent":0,"menu_order":0,"comment_status":"closed","ping_status":"closed","template":"","meta":{"neve_meta_sidebar":"","neve_meta_container":"","neve_meta_enable_content_width":"","neve_meta_content_width":0,"neve_meta_title_alignment":"","neve_meta_author_avatar":"","neve_post_elements_order":"","neve_meta_disable_header":"","neve_meta_disable_footer":"","neve_meta_disable_title":"","footnotes":""},"class_list":["post-548","page","type-page","status-publish","hentry"],"yoast_head":"<!-- This site is optimized with the Yoast SEO plugin v27.4 - https:\/\/yoast.com\/product\/yoast-seo-wordpress\/ -->\n<title>Programa - WCMS x CIII<\/title>\n<meta name=\"robots\" content=\"index, follow, max-snippet:-1, max-image-preview:large, max-video-preview:-1\" \/>\n<link rel=\"canonical\" href=\"https:\/\/wcms.com.co\/en\/program\/\" \/>\n<meta property=\"og:locale\" content=\"en_US\" \/>\n<meta property=\"og:type\" content=\"article\" \/>\n<meta property=\"og:title\" content=\"Programa - WCMS x CIII\" \/>\n<meta property=\"og:description\" content=\"IX Congreso Internacional de Investigaci\u00f3n e Innovaci\u00f3n UNINAVARRA IX CIII-2026 \u201cHerramientas y tecnolog\u00edas digitales para el desarrollo sostenible y la educaci\u00f3n superior\u201d Programaci\u00f3n Ponentes Eventos aliados V World Congress of&hellip;&nbsp;Read More &raquo;Programa\" \/>\n<meta property=\"og:url\" content=\"https:\/\/wcms.com.co\/en\/program\/\" \/>\n<meta property=\"og:site_name\" content=\"WCMS x CIII\" \/>\n<meta property=\"article:publisher\" content=\"https:\/\/www.facebook.com\/Fundacionuniveristarianavarra-UniNavarra-1917912191768659\/\" \/>\n<meta property=\"article:modified_time\" content=\"2026-04-01T21:51:54+00:00\" \/>\n<meta name=\"twitter:card\" content=\"summary_large_image\" \/>\n<meta name=\"twitter:site\" content=\"@uninavarraeduca\" \/>\n<meta name=\"twitter:label1\" content=\"Est. reading time\" \/>\n\t<meta name=\"twitter:data1\" content=\"1 minute\" \/>\n<script type=\"application\/ld+json\" class=\"yoast-schema-graph\">{\"@context\":\"https:\\\/\\\/schema.org\",\"@graph\":[{\"@type\":\"WebPage\",\"@id\":\"https:\\\/\\\/wcms.com.co\\\/program\\\/\",\"url\":\"https:\\\/\\\/wcms.com.co\\\/program\\\/\",\"name\":\"Programa - WCMS x CIII\",\"isPartOf\":{\"@id\":\"https:\\\/\\\/wcms.com.co\\\/en\\\/#website\"},\"datePublished\":\"2022-06-06T12:57:43+00:00\",\"dateModified\":\"2026-04-01T21:51:54+00:00\",\"breadcrumb\":{\"@id\":\"https:\\\/\\\/wcms.com.co\\\/program\\\/#breadcrumb\"},\"inLanguage\":\"en-US\",\"potentialAction\":[{\"@type\":\"ReadAction\",\"target\":[\"https:\\\/\\\/wcms.com.co\\\/program\\\/\"]}]},{\"@type\":\"BreadcrumbList\",\"@id\":\"https:\\\/\\\/wcms.com.co\\\/program\\\/#breadcrumb\",\"itemListElement\":[{\"@type\":\"ListItem\",\"position\":1,\"name\":\"Inicio\",\"item\":\"https:\\\/\\\/wcms.com.co\\\/\"},{\"@type\":\"ListItem\",\"position\":2,\"name\":\"Programa\"}]},{\"@type\":\"WebSite\",\"@id\":\"https:\\\/\\\/wcms.com.co\\\/en\\\/#website\",\"url\":\"https:\\\/\\\/wcms.com.co\\\/en\\\/\",\"name\":\"WCMS x CIII\",\"description\":\"WCMS x CIII- World Congress of Medical Simulation x CIINA\",\"publisher\":{\"@id\":\"https:\\\/\\\/wcms.com.co\\\/en\\\/#organization\"},\"potentialAction\":[{\"@type\":\"SearchAction\",\"target\":{\"@type\":\"EntryPoint\",\"urlTemplate\":\"https:\\\/\\\/wcms.com.co\\\/en\\\/?s={search_term_string}\"},\"query-input\":{\"@type\":\"PropertyValueSpecification\",\"valueRequired\":true,\"valueName\":\"search_term_string\"}}],\"inLanguage\":\"en-US\"},{\"@type\":\"Organization\",\"@id\":\"https:\\\/\\\/wcms.com.co\\\/en\\\/#organization\",\"name\":\"WCMS x CIII\",\"url\":\"https:\\\/\\\/wcms.com.co\\\/en\\\/\",\"logo\":{\"@type\":\"ImageObject\",\"inLanguage\":\"en-US\",\"@id\":\"https:\\\/\\\/wcms.com.co\\\/en\\\/#\\\/schema\\\/logo\\\/image\\\/\",\"url\":\"https:\\\/\\\/wcms.com.co\\\/wp-content\\\/uploads\\\/2023\\\/09\\\/LOGOS-DE-PAGINA-WCMS-CONTORNO-1.png\",\"contentUrl\":\"https:\\\/\\\/wcms.com.co\\\/wp-content\\\/uploads\\\/2023\\\/09\\\/LOGOS-DE-PAGINA-WCMS-CONTORNO-1.png\",\"width\":1500,\"height\":158,\"caption\":\"WCMS x CIII\"},\"image\":{\"@id\":\"https:\\\/\\\/wcms.com.co\\\/en\\\/#\\\/schema\\\/logo\\\/image\\\/\"},\"sameAs\":[\"https:\\\/\\\/www.facebook.com\\\/Fundacionuniveristarianavarra-UniNavarra-1917912191768659\\\/\",\"https:\\\/\\\/x.com\\\/uninavarraeduca\"]}]}<\/script>\n<!-- \/ Yoast SEO plugin. -->","yoast_head_json":{"title":"Program - WCMS x CIII","robots":{"index":"index","follow":"follow","max-snippet":"max-snippet:-1","max-image-preview":"max-image-preview:large","max-video-preview":"max-video-preview:-1"},"canonical":"https:\/\/wcms.com.co\/en\/program\/","og_locale":"en_US","og_type":"article","og_title":"Programa - WCMS x CIII","og_description":"IX Congreso Internacional de Investigaci\u00f3n e Innovaci\u00f3n UNINAVARRA IX CIII-2026 \u201cHerramientas y tecnolog\u00edas digitales para el desarrollo sostenible y la educaci\u00f3n superior\u201d Programaci\u00f3n Ponentes Eventos aliados V World Congress of&hellip;&nbsp;Read More &raquo;Programa","og_url":"https:\/\/wcms.com.co\/en\/program\/","og_site_name":"WCMS x CIII","article_publisher":"https:\/\/www.facebook.com\/Fundacionuniveristarianavarra-UniNavarra-1917912191768659\/","article_modified_time":"2026-04-01T21:51:54+00:00","twitter_card":"summary_large_image","twitter_site":"@uninavarraeduca","twitter_misc":{"Est. reading time":"1 minute"},"schema":{"@context":"https:\/\/schema.org","@graph":[{"@type":"WebPage","@id":"https:\/\/wcms.com.co\/program\/","url":"https:\/\/wcms.com.co\/program\/","name":"Program - WCMS x CIII","isPartOf":{"@id":"https:\/\/wcms.com.co\/en\/#website"},"datePublished":"2022-06-06T12:57:43+00:00","dateModified":"2026-04-01T21:51:54+00:00","breadcrumb":{"@id":"https:\/\/wcms.com.co\/program\/#breadcrumb"},"inLanguage":"en-US","potentialAction":[{"@type":"ReadAction","target":["https:\/\/wcms.com.co\/program\/"]}]},{"@type":"BreadcrumbList","@id":"https:\/\/wcms.com.co\/program\/#breadcrumb","itemListElement":[{"@type":"ListItem","position":1,"name":"Inicio","item":"https:\/\/wcms.com.co\/"},{"@type":"ListItem","position":2,"name":"Programa"}]},{"@type":"WebSite","@id":"https:\/\/wcms.com.co\/en\/#website","url":"https:\/\/wcms.com.co\/en\/","name":"WCMS x CIII","description":"WCMS x CIII- World Congress of Medical Simulation x CIINA","publisher":{"@id":"https:\/\/wcms.com.co\/en\/#organization"},"potentialAction":[{"@type":"SearchAction","target":{"@type":"EntryPoint","urlTemplate":"https:\/\/wcms.com.co\/en\/?s={search_term_string}"},"query-input":{"@type":"PropertyValueSpecification","valueRequired":true,"valueName":"search_term_string"}}],"inLanguage":"en-US"},{"@type":"Organization","@id":"https:\/\/wcms.com.co\/en\/#organization","name":"WCMS x CIII","url":"https:\/\/wcms.com.co\/en\/","logo":{"@type":"ImageObject","inLanguage":"en-US","@id":"https:\/\/wcms.com.co\/en\/#\/schema\/logo\/image\/","url":"https:\/\/wcms.com.co\/wp-content\/uploads\/2023\/09\/LOGOS-DE-PAGINA-WCMS-CONTORNO-1.png","contentUrl":"https:\/\/wcms.com.co\/wp-content\/uploads\/2023\/09\/LOGOS-DE-PAGINA-WCMS-CONTORNO-1.png","width":1500,"height":158,"caption":"WCMS x CIII"},"image":{"@id":"https:\/\/wcms.com.co\/en\/#\/schema\/logo\/image\/"},"sameAs":["https:\/\/www.facebook.com\/Fundacionuniveristarianavarra-UniNavarra-1917912191768659\/","https:\/\/x.com\/uninavarraeduca"]}]}},"_links":{"self":[{"href":"https:\/\/wcms.com.co\/en\/wp-json\/wp\/v2\/pages\/548","targetHints":{"allow":["GET"]}}],"collection":[{"href":"https:\/\/wcms.com.co\/en\/wp-json\/wp\/v2\/pages"}],"about":[{"href":"https:\/\/wcms.com.co\/en\/wp-json\/wp\/v2\/types\/page"}],"author":[{"embeddable":true,"href":"https:\/\/wcms.com.co\/en\/wp-json\/wp\/v2\/users\/1"}],"replies":[{"embeddable":true,"href":"https:\/\/wcms.com.co\/en\/wp-json\/wp\/v2\/comments?post=548"}],"version-history":[{"count":0,"href":"https:\/\/wcms.com.co\/en\/wp-json\/wp\/v2\/pages\/548\/revisions"}],"wp:attachment":[{"href":"https:\/\/wcms.com.co\/en\/wp-json\/wp\/v2\/media?parent=548"}],"curies":[{"name":"wp","href":"https:\/\/api.w.org\/{rel}","templated":true}]}}