{"id":556,"date":"2022-06-06T08:01:59","date_gmt":"2022-06-06T13:01:59","guid":{"rendered":"http:\/\/localhost\/HUSAC\/?page_id=556"},"modified":"2026-03-31T10:55:03","modified_gmt":"2026-03-31T15:55:03","slug":"recomendaciones-de-viaje","status":"publish","type":"page","link":"https:\/\/wcms.com.co\/en\/recomendaciones-de-viaje\/","title":{"rendered":"Travel recommendations"},"content":{"rendered":"<div data-elementor-type=\"wp-page\" data-elementor-id=\"556\" class=\"elementor elementor-556\" data-elementor-post-type=\"page\">\n\t\t\t\t\t\t<section class=\"elementor-section elementor-top-section elementor-element elementor-element-358710a6 elementor-section-boxed elementor-section-height-default elementor-section-height-default\" data-id=\"358710a6\" data-element_type=\"section\" data-e-type=\"section\">\n\t\t\t\t\t\t<div class=\"elementor-container elementor-column-gap-default\">\n\t\t\t\t\t<div class=\"elementor-column elementor-col-100 elementor-top-column elementor-element elementor-element-17c086cd\" data-id=\"17c086cd\" data-element_type=\"column\" data-e-type=\"column\">\n\t\t\t<div class=\"elementor-widget-wrap elementor-element-populated\">\n\t\t\t\t\t\t<div class=\"elementor-element elementor-element-541624e2 elementor-widget elementor-widget-text-editor\" data-id=\"541624e2\" data-element_type=\"widget\" data-e-type=\"widget\" data-widget_type=\"text-editor.default\">\n\t\t\t\t<div class=\"elementor-widget-container\">\n\t\t\t\t\t\t\t\t\t\n<div class=\"wp-block-columns is-layout-flex wp-container-core-columns-is-layout-9d6595d7 wp-block-columns-is-layout-flex\">\n<div class=\"wp-block-column is-layout-flow wp-block-column-is-layout-flow\" style=\"flex-basis: 25%;\">\u00a0<\/div>\n\n<div class=\"wp-block-column is-layout-flow wp-block-column-is-layout-flow\" style=\"flex-basis: 70%;\"> <style>\n\nbody {\n        font-family: 'SofiaPro-Light';\n        \/*font-size: 48px;*\/\n      }\n\n<\/style> \n<h1 id=\"medidas-de-bioseguridadcovid-19\" class=\"wp-block-heading alignwide has-text-align-center colorTexto imagenCentrada\">Travel recommendations<\/h1>\n\n<div class=\"wp-block-spacer\" style=\"height: 92px;\" aria-hidden=\"true\">\u00a0<\/div>\n<\/div>\n\n<div class=\"wp-block-column is-layout-flow wp-block-column-is-layout-flow\" style=\"flex-basis: 25%;\">\u00a0<\/div>\n<\/div>\n\n<div class=\"wp-block-columns is-layout-flex wp-container-core-columns-is-layout-9d6595d7 wp-block-columns-is-layout-flex\">\n<div class=\"wp-block-column is-layout-flow wp-block-column-is-layout-flow\" style=\"flex-basis: 25%;\">\u00a0<\/div>\n\n<div class=\"wp-block-column is-layout-flow wp-block-column-is-layout-flow\" style=\"flex-basis: 75%;\">\n<div class=\"wp-block-cover\">\n<div class=\"wp-block-cover__inner-container is-layout-flow wp-block-cover-is-layout-flow\">\n<p class=\"colorTexto has-nv-text-dark-bg-color has-text-color has-large-font-size\"><strong>Health protection measures<\/strong><\/p>\n\n<div aria-hidden=\"true\">\u00a0<\/div>\n<div aria-hidden=\"true\">Para que su estancia en la ciudad de Neiva sea confortable y segura durante nuestro congreso en agosto, le sugerimos tener en cuenta las siguientes recomendaciones:<\/div>\n<div aria-hidden=\"true\">\u00a0<\/div>\n<p style=\"text-align: justify;\"><strong class=\"colorTexto\">1.Recomendaciones Clim\u00e1ticas e Hidrataci\u00f3n:<\/strong><\/p>\n<p style=\"text-align: justify;\">Neiva es conocida por sus altas temperaturas, que en agosto pueden oscilar entre los 32\u00b0C y 38\u00b0C.<\/p>\n<ul>\n<li>\n<p>Hidrataci\u00f3n:\u00a0El centro de convenciones contar\u00e1 con estaciones de hidrataci\u00f3n permanente. Recomendamos el consumo constante de agua para prevenir golpes de calor.<\/p>\n<\/li>\n<li>\n<p>Vestimenta: Se sugiere el uso de prendas frescas y de fibras naturales (lino\/algod\u00f3n). Para las sesiones acad\u00e9micas, el auditorio contar\u00e1 con climatizaci\u00f3n, por lo que una chaqueta ligera puede ser necesaria en interiores.<\/p>\n<\/li>\n<\/ul>\n<p style=\"text-align: justify;\"><strong class=\"colorTexto\">2.Prevenci\u00f3n de Enfermedades Tropicales:<\/strong><\/p>\n<p style=\"text-align: justify;\">Debido a la ubicaci\u00f3n geogr\u00e1fica de Neiva (valle del r\u00edo Magdalena), es una zona donde circulan virus transmitidos por mosquitos (Dengue, Zika).<\/p>\n<ul>\n<li>\n<p>Protecci\u00f3n:\u00a0Se recomienda el uso de repelente, especialmente durante las actividades nocturnas o al aire libre.<\/p>\n<\/li>\n<li>\n<p>Fiebre Amarilla: Aunque Neiva no es zona de alta transmisi\u00f3n urbana, si usted planea realizar extensiones de turismo hacia el Desierto de la Tatacoa, el Parque Arqueol\u00f3gico de San Agust\u00edn o zonas rurales del Huila, se recomienda contar con la vacuna contra la Fiebre Amarilla aplicada al menos 10 d\u00edas antes de su viaje.<\/p>\n<\/li>\n<\/ul>\n<p style=\"text-align: justify;\"><strong class=\"colorTexto\">3.Protocolos de Autocuidado:<\/strong><\/p>\n<p style=\"text-align: justify;\">Siguiendo las recomendaciones actuales de salud p\u00fablica:<\/p>\n<ul>\n<li>\n<p>S\u00edntomas Respiratorios: Si presenta malestar general o s\u00edntomas gripales, le sugerimos el uso voluntario de tapabocas en las \u00e1reas comunes del congreso para proteger a la comunidad acad\u00e9mica.<\/p>\n<\/li>\n<li>\n<p>Seguridad Alimentaria: Neiva ofrece una riqueza gastron\u00f3mica excepcional (Achiras, Asado Huilense). Recomendamos el consumo de alimentos en establecimientos reconocidos y debidamente certificados.<\/p>\n<\/li>\n<\/ul>\n<p style=\"text-align: justify;\"><strong class=\"colorTexto\">4.Centros de Atenci\u00f3n:<\/strong><\/p>\n<p style=\"text-align: justify;\">En caso de requerir asistencia m\u00e9dica durante el evento, la ciudad cuenta con una red hospitalaria de alta complejidad liderada por el Hospital Universitario Hernando Moncaleano Perdomo y cl\u00ednicas privadas de primer nivel disponibles para atenci\u00f3n de urgencias.<\/p>\n<p>\u00a0<\/p>\n<p>\u00a0<\/p>\n<p>\u00a0<\/p>\n<p>\u00a0<\/p>\n<p style=\"text-align: justify;\">\u00a0<\/p>\n<br \/><br \/>\n<p style=\"text-align: justify;\">\u00a0<\/p>\n\n<div class=\"wp-block-spacer\" style=\"height: 50px;\" aria-hidden=\"true\">\u00a0<\/div>\n<\/div>\n<\/div>\n<\/div>\n\n<div class=\"wp-block-column is-layout-flow wp-block-column-is-layout-flow\" style=\"flex-basis: 25%;\">\u00a0<\/div>\n<\/div>\n\n<section>\n<div class=\"wave\">\u00a0<\/div>\n<\/section>\n\t\t\t\t\t\t\t\t<\/div>\n\t\t\t\t<\/div>\n\t\t\t\t\t<\/div>\n\t\t<\/div>\n\t\t\t\t\t<\/div>\n\t\t<\/section>\n\t\t\t\t<\/div>","protected":false},"excerpt":{"rendered":"<p>\u00a0 Travel recommendations \u00a0 \u00a0 \u00a0 \u00a0<\/p>","protected":false},"author":1,"featured_media":0,"parent":0,"menu_order":0,"comment_status":"closed","ping_status":"closed","template":"","meta":{"neve_meta_sidebar":"","neve_meta_container":"","neve_meta_enable_content_width":"","neve_meta_content_width":0,"neve_meta_title_alignment":"","neve_meta_author_avatar":"","neve_post_elements_order":"","neve_meta_disable_header":"","neve_meta_disable_footer":"","neve_meta_disable_title":"","footnotes":""},"class_list":["post-556","page","type-page","status-publish","hentry"],"yoast_head":"<!-- This site is optimized with the Yoast SEO plugin v27.2 - https:\/\/yoast.com\/product\/yoast-seo-wordpress\/ -->\n<title>Recomendaciones de viaje - WCMS x CIII<\/title>\n<meta name=\"robots\" content=\"index, follow, max-snippet:-1, max-image-preview:large, max-video-preview:-1\" \/>\n<link rel=\"canonical\" href=\"https:\/\/wcms.com.co\/en\/recomendaciones-de-viaje\/\" \/>\n<meta property=\"og:locale\" content=\"en_US\" \/>\n<meta property=\"og:type\" content=\"article\" \/>\n<meta property=\"og:title\" content=\"Recomendaciones de viaje - WCMS x CIII\" \/>\n<meta property=\"og:description\" content=\"\u00a0 Recomendaciones de viaje \u00a0 \u00a0 \u00a0 \u00a0\" \/>\n<meta property=\"og:url\" content=\"https:\/\/wcms.com.co\/en\/recomendaciones-de-viaje\/\" \/>\n<meta property=\"og:site_name\" content=\"WCMS x CIII\" \/>\n<meta property=\"article:publisher\" content=\"https:\/\/www.facebook.com\/Fundacionuniveristarianavarra-UniNavarra-1917912191768659\/\" \/>\n<meta property=\"article:modified_time\" content=\"2026-03-31T15:55:03+00:00\" \/>\n<meta name=\"twitter:card\" content=\"summary_large_image\" \/>\n<meta name=\"twitter:site\" content=\"@uninavarraeduca\" \/>\n<meta name=\"twitter:label1\" content=\"Est. reading time\" \/>\n\t<meta name=\"twitter:data1\" content=\"2 minutes\" \/>\n<script type=\"application\/ld+json\" class=\"yoast-schema-graph\">{\"@context\":\"https:\/\/schema.org\",\"@graph\":[{\"@type\":\"WebPage\",\"@id\":\"https:\/\/wcms.com.co\/recomendaciones-de-viaje\/\",\"url\":\"https:\/\/wcms.com.co\/recomendaciones-de-viaje\/\",\"name\":\"Recomendaciones de viaje - WCMS x CIII\",\"isPartOf\":{\"@id\":\"https:\/\/wcms.com.co\/en\/#website\"},\"datePublished\":\"2022-06-06T13:01:59+00:00\",\"dateModified\":\"2026-03-31T15:55:03+00:00\",\"breadcrumb\":{\"@id\":\"https:\/\/wcms.com.co\/recomendaciones-de-viaje\/#breadcrumb\"},\"inLanguage\":\"en-US\",\"potentialAction\":[{\"@type\":\"ReadAction\",\"target\":[\"https:\/\/wcms.com.co\/recomendaciones-de-viaje\/\"]}]},{\"@type\":\"BreadcrumbList\",\"@id\":\"https:\/\/wcms.com.co\/recomendaciones-de-viaje\/#breadcrumb\",\"itemListElement\":[{\"@type\":\"ListItem\",\"position\":1,\"name\":\"Inicio\",\"item\":\"https:\/\/wcms.com.co\/\"},{\"@type\":\"ListItem\",\"position\":2,\"name\":\"Recomendaciones de viaje\"}]},{\"@type\":\"WebSite\",\"@id\":\"https:\/\/wcms.com.co\/en\/#website\",\"url\":\"https:\/\/wcms.com.co\/en\/\",\"name\":\"WCMS x CIII\",\"description\":\"WCMS x CIII- World Congress of Medical Simulation x CIINA\",\"publisher\":{\"@id\":\"https:\/\/wcms.com.co\/en\/#organization\"},\"potentialAction\":[{\"@type\":\"SearchAction\",\"target\":{\"@type\":\"EntryPoint\",\"urlTemplate\":\"https:\/\/wcms.com.co\/en\/?s={search_term_string}\"},\"query-input\":{\"@type\":\"PropertyValueSpecification\",\"valueRequired\":true,\"valueName\":\"search_term_string\"}}],\"inLanguage\":\"en-US\"},{\"@type\":\"Organization\",\"@id\":\"https:\/\/wcms.com.co\/en\/#organization\",\"name\":\"WCMS x CIII\",\"url\":\"https:\/\/wcms.com.co\/en\/\",\"logo\":{\"@type\":\"ImageObject\",\"inLanguage\":\"en-US\",\"@id\":\"https:\/\/wcms.com.co\/en\/#\/schema\/logo\/image\/\",\"url\":\"https:\/\/wcms.com.co\/wp-content\/uploads\/2023\/09\/LOGOS-DE-PAGINA-WCMS-CONTORNO-1.png\",\"contentUrl\":\"https:\/\/wcms.com.co\/wp-content\/uploads\/2023\/09\/LOGOS-DE-PAGINA-WCMS-CONTORNO-1.png\",\"width\":1500,\"height\":158,\"caption\":\"WCMS x CIII\"},\"image\":{\"@id\":\"https:\/\/wcms.com.co\/en\/#\/schema\/logo\/image\/\"},\"sameAs\":[\"https:\/\/www.facebook.com\/Fundacionuniveristarianavarra-UniNavarra-1917912191768659\/\",\"https:\/\/x.com\/uninavarraeduca\"]}]}<\/script>\n<!-- \/ Yoast SEO plugin. -->","yoast_head_json":{"title":"Travel Recommendations - WCMS x CIII","robots":{"index":"index","follow":"follow","max-snippet":"max-snippet:-1","max-image-preview":"max-image-preview:large","max-video-preview":"max-video-preview:-1"},"canonical":"https:\/\/wcms.com.co\/en\/recomendaciones-de-viaje\/","og_locale":"en_US","og_type":"article","og_title":"Recomendaciones de viaje - WCMS x CIII","og_description":"\u00a0 Recomendaciones de viaje \u00a0 \u00a0 \u00a0 \u00a0","og_url":"https:\/\/wcms.com.co\/en\/recomendaciones-de-viaje\/","og_site_name":"WCMS x CIII","article_publisher":"https:\/\/www.facebook.com\/Fundacionuniveristarianavarra-UniNavarra-1917912191768659\/","article_modified_time":"2026-03-31T15:55:03+00:00","twitter_card":"summary_large_image","twitter_site":"@uninavarraeduca","twitter_misc":{"Est. reading time":"2 minutes"},"schema":{"@context":"https:\/\/schema.org","@graph":[{"@type":"WebPage","@id":"https:\/\/wcms.com.co\/recomendaciones-de-viaje\/","url":"https:\/\/wcms.com.co\/recomendaciones-de-viaje\/","name":"Travel Recommendations - WCMS x CIII","isPartOf":{"@id":"https:\/\/wcms.com.co\/en\/#website"},"datePublished":"2022-06-06T13:01:59+00:00","dateModified":"2026-03-31T15:55:03+00:00","breadcrumb":{"@id":"https:\/\/wcms.com.co\/recomendaciones-de-viaje\/#breadcrumb"},"inLanguage":"en-US","potentialAction":[{"@type":"ReadAction","target":["https:\/\/wcms.com.co\/recomendaciones-de-viaje\/"]}]},{"@type":"BreadcrumbList","@id":"https:\/\/wcms.com.co\/recomendaciones-de-viaje\/#breadcrumb","itemListElement":[{"@type":"ListItem","position":1,"name":"Inicio","item":"https:\/\/wcms.com.co\/"},{"@type":"ListItem","position":2,"name":"Recomendaciones de viaje"}]},{"@type":"WebSite","@id":"https:\/\/wcms.com.co\/en\/#website","url":"https:\/\/wcms.com.co\/en\/","name":"WCMS x CIII","description":"WCMS x CIII- World Congress of Medical Simulation x CIINA","publisher":{"@id":"https:\/\/wcms.com.co\/en\/#organization"},"potentialAction":[{"@type":"SearchAction","target":{"@type":"EntryPoint","urlTemplate":"https:\/\/wcms.com.co\/en\/?s={search_term_string}"},"query-input":{"@type":"PropertyValueSpecification","valueRequired":true,"valueName":"search_term_string"}}],"inLanguage":"en-US"},{"@type":"Organization","@id":"https:\/\/wcms.com.co\/en\/#organization","name":"WCMS x CIII","url":"https:\/\/wcms.com.co\/en\/","logo":{"@type":"ImageObject","inLanguage":"en-US","@id":"https:\/\/wcms.com.co\/en\/#\/schema\/logo\/image\/","url":"https:\/\/wcms.com.co\/wp-content\/uploads\/2023\/09\/LOGOS-DE-PAGINA-WCMS-CONTORNO-1.png","contentUrl":"https:\/\/wcms.com.co\/wp-content\/uploads\/2023\/09\/LOGOS-DE-PAGINA-WCMS-CONTORNO-1.png","width":1500,"height":158,"caption":"WCMS x CIII"},"image":{"@id":"https:\/\/wcms.com.co\/en\/#\/schema\/logo\/image\/"},"sameAs":["https:\/\/www.facebook.com\/Fundacionuniveristarianavarra-UniNavarra-1917912191768659\/","https:\/\/x.com\/uninavarraeduca"]}]}},"_links":{"self":[{"href":"https:\/\/wcms.com.co\/en\/wp-json\/wp\/v2\/pages\/556","targetHints":{"allow":["GET"]}}],"collection":[{"href":"https:\/\/wcms.com.co\/en\/wp-json\/wp\/v2\/pages"}],"about":[{"href":"https:\/\/wcms.com.co\/en\/wp-json\/wp\/v2\/types\/page"}],"author":[{"embeddable":true,"href":"https:\/\/wcms.com.co\/en\/wp-json\/wp\/v2\/users\/1"}],"replies":[{"embeddable":true,"href":"https:\/\/wcms.com.co\/en\/wp-json\/wp\/v2\/comments?post=556"}],"version-history":[{"count":3,"href":"https:\/\/wcms.com.co\/en\/wp-json\/wp\/v2\/pages\/556\/revisions"}],"predecessor-version":[{"id":7534,"href":"https:\/\/wcms.com.co\/en\/wp-json\/wp\/v2\/pages\/556\/revisions\/7534"}],"wp:attachment":[{"href":"https:\/\/wcms.com.co\/en\/wp-json\/wp\/v2\/media?parent=556"}],"curies":[{"name":"wp","href":"https:\/\/api.w.org\/{rel}","templated":true}]}}