{"id":6428,"date":"2025-07-25T14:11:37","date_gmt":"2025-07-25T19:11:37","guid":{"rendered":"https:\/\/wcms.com.co\/?page_id=6428"},"modified":"2025-07-25T14:41:09","modified_gmt":"2025-07-25T19:41:09","slug":"inscripcion-2024","status":"publish","type":"page","link":"https:\/\/wcms.com.co\/en\/inscripcion-2024\/","title":{"rendered":"Registration 2024"},"content":{"rendered":"<div data-elementor-type=\"wp-page\" data-elementor-id=\"6428\" class=\"elementor elementor-6428\" data-elementor-post-type=\"page\">\n\t\t\t\t\t\t<section class=\"elementor-section elementor-top-section elementor-element elementor-element-6c75945 elementor-section-full_width elementor-section-height-default elementor-section-height-default\" data-id=\"6c75945\" data-element_type=\"section\" data-e-type=\"section\">\n\t\t\t\t\t\t<div class=\"elementor-container elementor-column-gap-default\">\n\t\t\t\t\t<div class=\"elementor-column elementor-col-100 elementor-top-column elementor-element elementor-element-b97fdaf\" data-id=\"b97fdaf\" data-element_type=\"column\" data-e-type=\"column\">\n\t\t\t<div class=\"elementor-widget-wrap elementor-element-populated\">\n\t\t\t\t\t\t<div class=\"elementor-element elementor-element-87e640a elementor-nav-menu__align-center elementor-widget__width-inherit elementor-nav-menu--dropdown-tablet elementor-nav-menu__text-align-aside elementor-nav-menu--toggle elementor-nav-menu--burger elementor-widget elementor-widget-nav-menu\" data-id=\"87e640a\" data-element_type=\"widget\" data-e-type=\"widget\" data-settings=\"{&quot;layout&quot;:&quot;horizontal&quot;,&quot;submenu_icon&quot;:{&quot;value&quot;:&quot;&lt;i class=\\&quot;fas fa-caret-down\\&quot; aria-hidden=\\&quot;true\\&quot;&gt;&lt;\\\/i&gt;&quot;,&quot;library&quot;:&quot;fa-solid&quot;},&quot;toggle&quot;:&quot;burger&quot;}\" data-widget_type=\"nav-menu.default\">\n\t\t\t\t<div class=\"elementor-widget-container\">\n\t\t\t\t\t\t\t\t<nav aria-label=\"Menu\" class=\"elementor-nav-menu--main elementor-nav-menu__container elementor-nav-menu--layout-horizontal e--pointer-underline e--animation-fade\">\n\t\t\t\t<ul id=\"menu-1-87e640a\" class=\"elementor-nav-menu\"><li class=\"menu-item menu-item-type-post_type menu-item-object-page menu-item-6416\"><a href=\"https:\/\/wcms.com.co\/en\/inicio-2024\/\" class=\"elementor-item\">Home<\/a><\/li>\n<li class=\"menu-item menu-item-type-post_type menu-item-object-page menu-item-6417\"><a href=\"https:\/\/wcms.com.co\/en\/husac-2024\/\" class=\"elementor-item\">HUSAC<\/a><\/li>\n<li class=\"menu-item menu-item-type-post_type menu-item-object-page menu-item-6461\"><a href=\"https:\/\/wcms.com.co\/en\/nosotros-2024\/\" class=\"elementor-item\">About us<\/a><\/li>\n<li class=\"menu-item menu-item-type-post_type menu-item-object-page menu-item-6453\"><a href=\"https:\/\/wcms.com.co\/en\/programa-2024\/\" class=\"elementor-item\">Program<\/a><\/li>\n<li class=\"menu-item menu-item-type-post_type menu-item-object-page menu-item-6452\"><a href=\"https:\/\/wcms.com.co\/en\/postulacion-trabajos-2024\/\" class=\"elementor-item\">Abstracts<\/a><\/li>\n<li class=\"menu-item menu-item-type-post_type menu-item-object-page menu-item-6451\"><a href=\"https:\/\/wcms.com.co\/en\/inscripcion-2024\/\" class=\"elementor-item\">Registration<\/a><\/li>\n<li class=\"menu-item menu-item-type-post_type menu-item-object-page menu-item-6450\"><a href=\"https:\/\/wcms.com.co\/en\/wcms-hall-2024\/\" class=\"elementor-item\">WCMS Hall<\/a><\/li>\n<li class=\"menu-item menu-item-type-custom menu-item-object-custom menu-item-has-children menu-item-6455\"><a href=\"#\" class=\"elementor-item elementor-item-anchor\">Location<\/a>\n<ul class=\"sub-menu elementor-nav-menu--dropdown\">\n\t<li class=\"menu-item menu-item-type-post_type menu-item-object-page menu-item-6449\"><a href=\"https:\/\/wcms.com.co\/en\/como-llegar-2024\/\" class=\"elementor-sub-item\">How to get there<\/a><\/li>\n\t<li class=\"menu-item menu-item-type-post_type menu-item-object-page menu-item-6448\"><a href=\"https:\/\/wcms.com.co\/en\/hospedaje-2024\/\" class=\"elementor-sub-item\">Hotel Accommodation<\/a><\/li>\n\t<li class=\"menu-item menu-item-type-post_type menu-item-object-page menu-item-6447\"><a href=\"https:\/\/wcms.com.co\/en\/recomendaciones-de-viaje-2024\/\" class=\"elementor-sub-item\">Travel recommendations<\/a><\/li>\n\t<li class=\"menu-item menu-item-type-post_type menu-item-object-page menu-item-6446\"><a href=\"https:\/\/wcms.com.co\/en\/conoce-neiva-huila-colombia-2024\/\" class=\"elementor-sub-item\">Get to know Neiva, Huila, Colombia 2024<\/a><\/li>\n<\/ul>\n<\/li>\n<li class=\"menu-item menu-item-type-custom menu-item-object-custom menu-item-has-children menu-item-6456\"><a href=\"#\" class=\"elementor-item elementor-item-anchor\">Memories<\/a>\n<ul class=\"sub-menu elementor-nav-menu--dropdown\">\n\t<li class=\"menu-item menu-item-type-post_type menu-item-object-page menu-item-6445\"><a href=\"https:\/\/wcms.com.co\/en\/galeria-2024\/\" class=\"elementor-sub-item\">Gallery<\/a><\/li>\n\t<li class=\"menu-item menu-item-type-post_type menu-item-object-page menu-item-6444\"><a href=\"https:\/\/wcms.com.co\/en\/certificados-2024-2\/\" class=\"elementor-sub-item\">Certificates<\/a><\/li>\n<\/ul>\n<\/li>\n<\/ul>\t\t\t<\/nav>\n\t\t\t\t\t<div class=\"elementor-menu-toggle\" role=\"button\" tabindex=\"0\" aria-label=\"Menu Toggle\" aria-expanded=\"false\">\n\t\t\t<i aria-hidden=\"true\" role=\"presentation\" class=\"elementor-menu-toggle__icon--open eicon-menu-bar\"><\/i><i aria-hidden=\"true\" role=\"presentation\" class=\"elementor-menu-toggle__icon--close eicon-close\"><\/i>\t\t<\/div>\n\t\t\t\t\t<nav class=\"elementor-nav-menu--dropdown elementor-nav-menu__container\" aria-hidden=\"true\">\n\t\t\t\t<ul id=\"menu-2-87e640a\" class=\"elementor-nav-menu\"><li class=\"menu-item menu-item-type-post_type menu-item-object-page menu-item-6416\"><a href=\"https:\/\/wcms.com.co\/en\/inicio-2024\/\" class=\"elementor-item\" tabindex=\"-1\">Home<\/a><\/li>\n<li class=\"menu-item menu-item-type-post_type menu-item-object-page menu-item-6417\"><a href=\"https:\/\/wcms.com.co\/en\/husac-2024\/\" class=\"elementor-item\" tabindex=\"-1\">HUSAC<\/a><\/li>\n<li class=\"menu-item menu-item-type-post_type menu-item-object-page menu-item-6461\"><a href=\"https:\/\/wcms.com.co\/en\/nosotros-2024\/\" class=\"elementor-item\" tabindex=\"-1\">About us<\/a><\/li>\n<li class=\"menu-item menu-item-type-post_type menu-item-object-page menu-item-6453\"><a href=\"https:\/\/wcms.com.co\/en\/programa-2024\/\" class=\"elementor-item\" tabindex=\"-1\">Program<\/a><\/li>\n<li class=\"menu-item menu-item-type-post_type menu-item-object-page menu-item-6452\"><a href=\"https:\/\/wcms.com.co\/en\/postulacion-trabajos-2024\/\" class=\"elementor-item\" tabindex=\"-1\">Abstracts<\/a><\/li>\n<li class=\"menu-item menu-item-type-post_type menu-item-object-page menu-item-6451\"><a href=\"https:\/\/wcms.com.co\/en\/inscripcion-2024\/\" class=\"elementor-item\" tabindex=\"-1\">Registration<\/a><\/li>\n<li class=\"menu-item menu-item-type-post_type menu-item-object-page menu-item-6450\"><a href=\"https:\/\/wcms.com.co\/en\/wcms-hall-2024\/\" class=\"elementor-item\" tabindex=\"-1\">WCMS Hall<\/a><\/li>\n<li class=\"menu-item menu-item-type-custom menu-item-object-custom menu-item-has-children menu-item-6455\"><a href=\"#\" class=\"elementor-item elementor-item-anchor\" tabindex=\"-1\">Location<\/a>\n<ul class=\"sub-menu elementor-nav-menu--dropdown\">\n\t<li class=\"menu-item menu-item-type-post_type menu-item-object-page menu-item-6449\"><a href=\"https:\/\/wcms.com.co\/en\/como-llegar-2024\/\" class=\"elementor-sub-item\" tabindex=\"-1\">How to get there<\/a><\/li>\n\t<li class=\"menu-item menu-item-type-post_type menu-item-object-page menu-item-6448\"><a href=\"https:\/\/wcms.com.co\/en\/hospedaje-2024\/\" class=\"elementor-sub-item\" tabindex=\"-1\">Hotel Accommodation<\/a><\/li>\n\t<li class=\"menu-item menu-item-type-post_type menu-item-object-page menu-item-6447\"><a href=\"https:\/\/wcms.com.co\/en\/recomendaciones-de-viaje-2024\/\" class=\"elementor-sub-item\" tabindex=\"-1\">Travel recommendations<\/a><\/li>\n\t<li class=\"menu-item menu-item-type-post_type menu-item-object-page menu-item-6446\"><a href=\"https:\/\/wcms.com.co\/en\/conoce-neiva-huila-colombia-2024\/\" class=\"elementor-sub-item\" tabindex=\"-1\">Get to know Neiva, Huila, Colombia 2024<\/a><\/li>\n<\/ul>\n<\/li>\n<li class=\"menu-item menu-item-type-custom menu-item-object-custom menu-item-has-children menu-item-6456\"><a href=\"#\" class=\"elementor-item elementor-item-anchor\" tabindex=\"-1\">Memories<\/a>\n<ul class=\"sub-menu elementor-nav-menu--dropdown\">\n\t<li class=\"menu-item menu-item-type-post_type menu-item-object-page menu-item-6445\"><a href=\"https:\/\/wcms.com.co\/en\/galeria-2024\/\" class=\"elementor-sub-item\" tabindex=\"-1\">Gallery<\/a><\/li>\n\t<li class=\"menu-item menu-item-type-post_type menu-item-object-page menu-item-6444\"><a href=\"https:\/\/wcms.com.co\/en\/certificados-2024-2\/\" class=\"elementor-sub-item\" tabindex=\"-1\">Certificates<\/a><\/li>\n<\/ul>\n<\/li>\n<\/ul>\t\t\t<\/nav>\n\t\t\t\t\t\t<\/div>\n\t\t\t\t<\/div>\n\t\t\t\t\t<\/div>\n\t\t<\/div>\n\t\t\t\t\t<\/div>\n\t\t<\/section>\n\t\t\t\t<section class=\"elementor-section elementor-top-section elementor-element elementor-element-4eeb4188 elementor-section-boxed elementor-section-height-default elementor-section-height-default\" data-id=\"4eeb4188\" data-element_type=\"section\" data-e-type=\"section\">\n\t\t\t\t\t\t<div class=\"elementor-container elementor-column-gap-default\">\n\t\t\t\t\t<div class=\"elementor-column elementor-col-100 elementor-top-column elementor-element elementor-element-7a54092c\" data-id=\"7a54092c\" data-element_type=\"column\" data-e-type=\"column\">\n\t\t\t<div class=\"elementor-widget-wrap elementor-element-populated\">\n\t\t\t\t\t\t<div class=\"elementor-element elementor-element-30d1c81 elementor-widget elementor-widget-spacer\" data-id=\"30d1c81\" data-element_type=\"widget\" data-e-type=\"widget\" data-widget_type=\"spacer.default\">\n\t\t\t\t<div class=\"elementor-widget-container\">\n\t\t\t\t\t\t\t<div class=\"elementor-spacer\">\n\t\t\t<div class=\"elementor-spacer-inner\"><\/div>\n\t\t<\/div>\n\t\t\t\t\t\t<\/div>\n\t\t\t\t<\/div>\n\t\t\t\t<div class=\"elementor-element elementor-element-5e394fe0 elementor-widget elementor-widget-text-editor\" data-id=\"5e394fe0\" data-element_type=\"widget\" data-e-type=\"widget\" data-widget_type=\"text-editor.default\">\n\t\t\t\t<div class=\"elementor-widget-container\">\n\t\t\t\t\t\t\t\t\t\n<h1 class=\"wp-block-heading alignwide has-text-align-center colorTexto  margenTitulos espaciadost\" id=\"hotel-accommodation\">Registration<\/h1>\n\n\n\n<div style=\"height:50px\" aria-hidden=\"true\" class=\"wp-block-spacer\"><\/div>\n\n\n\n<h3 class=\"has-text-align-center colorTexto\"><strong>Flash offer!<\/strong><\/h3><p class=\"has-text-align-center\"><strong>Enroll until November 1, 2024 with 10% discount<br>Applies to all our allied congresses<\/strong><\/p>\n\n\n\n<div class=\"wp-block-columns is-layout-flex wp-container-core-columns-is-layout-da476ddf wp-block-columns-is-layout-flex\" style=\"padding-right:var(--wp--preset--spacing--60);padding-left:var(--wp--preset--spacing--60)\">\n<div class=\"wp-block-column is-layout-flow wp-block-column-is-layout-flow\">\n<div style=\"height:41px\" aria-hidden=\"true\" class=\"wp-block-spacer\"><\/div>\n\n\n\n<div style=\"height:71px\" aria-hidden=\"true\" class=\"wp-block-spacer\"><\/div>\n\n\n\n<figure class=\"wp-block-table espaciadosf espaciados\" style=\"display: flex; justify-content: center;\">\n    <div style=\"overflow-x: auto; width: 100%; max-width: 900px;\">\n        <table style=\"font-weight: 400; width: 100%; text-align: center;\">\n            <thead>\n                <tr>\n                    <th rowspan=\"2\" style=\"width: 33%; vertical-align: middle; text-align: center;\">Public<\/th>\n                    <th colspan=\"2\" style=\"width: 67%; vertical-align: middle; text-align: center;\">Modality<br>(Costs without discount)<\/th>\n                <\/tr>\n                <tr>\n                    <th style=\"width: 33%; text-align: center;\">On-site<\/th>\n                    <th style=\"width: 34%; text-align: center;\">Online<\/th>\n                <\/tr>\n            <\/thead>\n            <tbody>\n                <tr>\n                    <td style=\"vertical-align: middle; text-align: center;\">UNINAVARRA Students<\/td>\n                    <td style=\"vertical-align: middle; text-align: center;\">$ 100,000 COP<\/td>\n                    <td style=\"vertical-align: middle; text-align: center;\">Not available<\/td>\n                <\/tr>\n                \n                <tr>\n                    <td style=\"vertical-align: middle; text-align: center;\">Professors\/Administrative Collaborators UNINAVARRA<\/td>\n                    <td style=\"vertical-align: middle; text-align: center;\">$ 150,000 COP<\/td>\n                    <td style=\"vertical-align: middle; text-align: center;\">Not available<\/td>\n                <\/tr>\n                <tr>\n                    <td style=\"vertical-align: middle; text-align: center;\">UNINAVARRA Graduates<\/td>\n                    <td style=\"vertical-align: middle; text-align: center;\">$ 150,000 COP<\/td>\n                    <td style=\"vertical-align: middle; text-align: center;\">$ 125,000 COP<\/td>\n                <\/tr>\n                <tr>\n                    <td style=\"vertical-align: middle; text-align: center;\">Professors\/Professional Externs<\/td>\n                    <td style=\"vertical-align: middle; text-align: center;\">$ 200,000 COP<\/td>\n                    <td style=\"vertical-align: middle; text-align: center;\">$ 200,000 COP<\/td>\n                <\/tr>\n                <tr>\n                    <td style=\"vertical-align: middle; text-align: center;\">External students<\/td>\n                    <td style=\"vertical-align: middle; text-align: center;\">$ 150,000 COP<\/td>\n                    <td style=\"vertical-align: middle; text-align: center;\">$ 120,000 COP<\/td>\n                <\/tr>\n\n            <\/tbody>\n        <\/table>\n    <\/div>\n<\/figure>\n<style>\n@media (max-width: 768px) {\n    .wp-block-table.espaciadosf.espaciados div {\n        width: 100%; \/* Ocupa todo el ancho en pantallas peque\u00f1as *\/\n    }\n\n    .wp-block-table.espaciadosf.espaciados table {\n        font-size: 0.9rem; \/* Reduce el tama\u00f1o de la fuente en pantallas peque\u00f1as *\/\n    }\n}\n\n@media (max-width: 768px) {\n    .wp-block-buttons > .wp-block-button.wp-block-button__width-25 {\n        width: 100%; \/* O cualquier otro valor que prefieras en pantallas peque\u00f1as *\/\n    }\n}\n\n<\/style>\n<br>\n\n\n\n<div class=\"wp-block-columns is-layout-flex wp-container-core-columns-is-layout-9d6595d7 wp-block-columns-is-layout-flex\">\n<div class=\"wp-block-column is-layout-flow wp-block-column-is-layout-flow\">\n<div class=\"wp-block-buttons is-content-justification-right is-layout-flex wp-container-core-buttons-is-layout-765c4724 wp-block-buttons-is-layout-flex\">\n<div class=\"wp-block-button has-custom-width wp-block-button__width-50 has-custom-font-size espaciadost btni\" style=\"font-size:18px\"><a class=\"wp-block-button__link has-neve-text-color-color has-text-color has-background has-link-color wp-element-button\" href=\"http:\/\/campus.uninavarra.edu.co\/psc\/cs92prod_21\/EMPLOYEE\/SA\/c\/TYG_SAD_OLA_MENU.LC_CRL_FORMULARIO.GBL\" style=\"border-radius:70px;background:linear-gradient(135deg,rgb(34,121,255) 0%,rgb(156,79,197) 100%)\" target=\"_blank\" rel=\"noreferrer noopener\">Register<\/a><\/div>\n<\/div>\n<\/div>\n\n\n\n<div class=\"wp-block-column is-layout-flow wp-block-column-is-layout-flow\">\n<div class=\"wp-block-buttons is-content-justification-left is-layout-flex wp-container-core-buttons-is-layout-fdcfc74e wp-block-buttons-is-layout-flex\">\n<div class=\"wp-block-button has-custom-width wp-block-button__width-50 has-custom-font-size espaciadost btni\" style=\"font-size:18px\"><a class=\"wp-block-button__link has-neve-text-color-color has-text-color has-background has-link-color wp-element-button\" href=\"http:\/\/wcms.com.co\/wp-content\/uploads\/2024\/09\/TERMINOS-Y-CONDICIONES-DE-PARTICIPACION-WCMSxCIINA-2024.pdf\" style=\"border-radius:70px;background:linear-gradient(135deg,rgb(34,121,255) 0%,rgb(156,79,197) 100%)\" rel=\" nofollow\">Terms and Conditions<\/a><\/div>\n<\/div>\n<\/div>\n<\/div>\n<\/div>\n<\/div>\n\n\n\n<div class=\"wp-block-buttons is-content-justification-center is-layout-flex wp-container-core-buttons-is-layout-16018d1d wp-block-buttons-is-layout-flex\">\n<div class=\"wp-block-button has-custom-font-size espaciadost btni\" style=\"font-size:18px\"><a class=\"wp-block-button__link has-neve-text-color-color has-text-color has-background has-link-color wp-element-button\" href=\"#popmake-5458\" style=\"border-radius:70px;background:linear-gradient(135deg,rgb(34,121,255) 0%,rgb(156,79,197) 100%)\">Registration Tutorial<\/a><\/div>\n<\/div>\n\n\n\n<div style=\"height:50px\" aria-hidden=\"true\" class=\"wp-block-spacer\"><\/div>\n\n\n\n<style>\n.nv-content-wrap {\n        \/*font-family: 'SofiaPro-Light'; *\/\n        \/*font-size: 48px;*\/\n       margin-right:5%;\n        \/*margin-top:0%;*\/\n      }\n.espaciados{\nmargin-top:-3%\n}\n.espaciadost{\nmargin-top:-7%\n}\n.espaciadosf{\nmargin-bottom:0%\n}\n.fondo1{\n\/*background-color:red !important;*\/\n\/*background:red !important;*\/\n}\n@media only screen and (max-width: 1850px) {\n  .adaptable{\n    font-size: 12px;\n  }\n}\n@media screen and (max-width: 992px) {\n  .espaciadost{\nmargin-top:0%\n}\n}\n@media screen and (max-width: 1295px) {\n.nv-content-wrap {\n\tmargin-top:5%;\n        margin-right:5%;\n}\n}\n\n@media screen and (max-width: 19965px) {\n.nv-content-wrap {\n\tmargin-top:10%;\n        margin-right:5%;\n}\n}\n@media screen and (max-width: 960px) {\n.nv-content-wrap {\n\tmargin-top:5%;\n        margin-right:5%;\n       \n}\n.wp-block-button {\nfont-size:10px !important;\n}\n}\n@media screen and (max-width: 777px) {\n.nv-content-wrap {\nmargin-right:20%;\nmargin-top:10%;\n}\n}\n@media screen and (max-width: 615px) {\n.nv-content-wrap {\nmargin-right:20%;\n\n}\n}\n<\/style>\n<br><br>\n<section>\n<div class=\"wave\" style=\"background-color:#171718\">\n<\/div>\n<\/section>\n\t\t\t\t\t\t\t\t<\/div>\n\t\t\t\t<\/div>\n\t\t\t\t\t<\/div>\n\t\t<\/div>\n\t\t\t\t\t<\/div>\n\t\t<\/section>\n\t\t\t\t<\/div>","protected":false},"excerpt":{"rendered":"<p>Inscripci\u00f3n \u00a1Oferta Flash! Inscr\u00edbete hasta el 1 de noviembre de 2024 con el 10% de descuentoAplica para todos nuestros congresos aliados P\u00fablico Modalidad(Costos sin descuento) Presencial Online Estudiantes UNINAVARRA $&hellip;&nbsp;<a href=\"https:\/\/wcms.com.co\/en\/inscripcion-2024\/\" rel=\"bookmark\">Read More \"<span class=\"screen-reader-text\">Registration 2024<\/span><\/a><\/p>","protected":false},"author":1,"featured_media":0,"parent":0,"menu_order":0,"comment_status":"closed","ping_status":"closed","template":"page-templates\/template-pagebuilder-full-width.php","meta":{"neve_meta_sidebar":"","neve_meta_container":"","neve_meta_enable_content_width":"","neve_meta_content_width":0,"neve_meta_title_alignment":"","neve_meta_author_avatar":"","neve_post_elements_order":"","neve_meta_disable_header":"","neve_meta_disable_footer":"","neve_meta_disable_title":"","footnotes":""},"class_list":["post-6428","page","type-page","status-publish","hentry"],"yoast_head":"<!-- This site is optimized with the Yoast SEO plugin v27.2 - https:\/\/yoast.com\/product\/yoast-seo-wordpress\/ -->\n<title>Inscripci\u00f3n 2024 - WCMS x CIII<\/title>\n<meta name=\"robots\" content=\"index, follow, max-snippet:-1, max-image-preview:large, max-video-preview:-1\" \/>\n<link rel=\"canonical\" href=\"https:\/\/wcms.com.co\/en\/inscripcion-2024\/\" \/>\n<meta property=\"og:locale\" content=\"en_US\" \/>\n<meta property=\"og:type\" content=\"article\" \/>\n<meta property=\"og:title\" content=\"Inscripci\u00f3n 2024 - WCMS x CIII\" \/>\n<meta property=\"og:description\" content=\"Inscripci\u00f3n \u00a1Oferta Flash! Inscr\u00edbete hasta el 1 de noviembre de 2024 con el 10% de descuentoAplica para todos nuestros congresos aliados P\u00fablico Modalidad(Costos sin descuento) Presencial Online Estudiantes UNINAVARRA $&hellip;&nbsp;Read More &raquo;Inscripci\u00f3n 2024\" \/>\n<meta property=\"og:url\" content=\"https:\/\/wcms.com.co\/en\/inscripcion-2024\/\" \/>\n<meta property=\"og:site_name\" content=\"WCMS x CIII\" \/>\n<meta property=\"article:publisher\" content=\"https:\/\/www.facebook.com\/Fundacionuniveristarianavarra-UniNavarra-1917912191768659\/\" \/>\n<meta property=\"article:modified_time\" content=\"2025-07-25T19:41:09+00:00\" \/>\n<meta name=\"twitter:card\" content=\"summary_large_image\" \/>\n<meta name=\"twitter:site\" content=\"@uninavarraeduca\" \/>\n<script type=\"application\/ld+json\" class=\"yoast-schema-graph\">{\"@context\":\"https:\/\/schema.org\",\"@graph\":[{\"@type\":\"WebPage\",\"@id\":\"https:\/\/wcms.com.co\/inscripcion-2024\/\",\"url\":\"https:\/\/wcms.com.co\/inscripcion-2024\/\",\"name\":\"Inscripci\u00f3n 2024 - WCMS x CIII\",\"isPartOf\":{\"@id\":\"https:\/\/wcms.com.co\/en\/#website\"},\"datePublished\":\"2025-07-25T19:11:37+00:00\",\"dateModified\":\"2025-07-25T19:41:09+00:00\",\"breadcrumb\":{\"@id\":\"https:\/\/wcms.com.co\/inscripcion-2024\/#breadcrumb\"},\"inLanguage\":\"en-US\",\"potentialAction\":[{\"@type\":\"ReadAction\",\"target\":[\"https:\/\/wcms.com.co\/inscripcion-2024\/\"]}]},{\"@type\":\"BreadcrumbList\",\"@id\":\"https:\/\/wcms.com.co\/inscripcion-2024\/#breadcrumb\",\"itemListElement\":[{\"@type\":\"ListItem\",\"position\":1,\"name\":\"Inicio\",\"item\":\"https:\/\/wcms.com.co\/\"},{\"@type\":\"ListItem\",\"position\":2,\"name\":\"Inscripci\u00f3n 2024\"}]},{\"@type\":\"WebSite\",\"@id\":\"https:\/\/wcms.com.co\/en\/#website\",\"url\":\"https:\/\/wcms.com.co\/en\/\",\"name\":\"WCMS x CIII\",\"description\":\"WCMS x CIII- World Congress of Medical Simulation x CIINA\",\"publisher\":{\"@id\":\"https:\/\/wcms.com.co\/en\/#organization\"},\"potentialAction\":[{\"@type\":\"SearchAction\",\"target\":{\"@type\":\"EntryPoint\",\"urlTemplate\":\"https:\/\/wcms.com.co\/en\/?s={search_term_string}\"},\"query-input\":{\"@type\":\"PropertyValueSpecification\",\"valueRequired\":true,\"valueName\":\"search_term_string\"}}],\"inLanguage\":\"en-US\"},{\"@type\":\"Organization\",\"@id\":\"https:\/\/wcms.com.co\/en\/#organization\",\"name\":\"WCMS x CIII\",\"url\":\"https:\/\/wcms.com.co\/en\/\",\"logo\":{\"@type\":\"ImageObject\",\"inLanguage\":\"en-US\",\"@id\":\"https:\/\/wcms.com.co\/en\/#\/schema\/logo\/image\/\",\"url\":\"https:\/\/wcms.com.co\/wp-content\/uploads\/2023\/09\/LOGOS-DE-PAGINA-WCMS-CONTORNO-1.png\",\"contentUrl\":\"https:\/\/wcms.com.co\/wp-content\/uploads\/2023\/09\/LOGOS-DE-PAGINA-WCMS-CONTORNO-1.png\",\"width\":1500,\"height\":158,\"caption\":\"WCMS x CIII\"},\"image\":{\"@id\":\"https:\/\/wcms.com.co\/en\/#\/schema\/logo\/image\/\"},\"sameAs\":[\"https:\/\/www.facebook.com\/Fundacionuniveristarianavarra-UniNavarra-1917912191768659\/\",\"https:\/\/x.com\/uninavarraeduca\"]}]}<\/script>\n<!-- \/ Yoast SEO plugin. -->","yoast_head_json":{"title":"Inscripci\u00f3n 2024 - WCMS x CIII","robots":{"index":"index","follow":"follow","max-snippet":"max-snippet:-1","max-image-preview":"max-image-preview:large","max-video-preview":"max-video-preview:-1"},"canonical":"https:\/\/wcms.com.co\/en\/inscripcion-2024\/","og_locale":"en_US","og_type":"article","og_title":"Inscripci\u00f3n 2024 - WCMS x CIII","og_description":"Inscripci\u00f3n \u00a1Oferta Flash! Inscr\u00edbete hasta el 1 de noviembre de 2024 con el 10% de descuentoAplica para todos nuestros congresos aliados P\u00fablico Modalidad(Costos sin descuento) Presencial Online Estudiantes UNINAVARRA $&hellip;&nbsp;Read More &raquo;Inscripci\u00f3n 2024","og_url":"https:\/\/wcms.com.co\/en\/inscripcion-2024\/","og_site_name":"WCMS x CIII","article_publisher":"https:\/\/www.facebook.com\/Fundacionuniveristarianavarra-UniNavarra-1917912191768659\/","article_modified_time":"2025-07-25T19:41:09+00:00","twitter_card":"summary_large_image","twitter_site":"@uninavarraeduca","schema":{"@context":"https:\/\/schema.org","@graph":[{"@type":"WebPage","@id":"https:\/\/wcms.com.co\/inscripcion-2024\/","url":"https:\/\/wcms.com.co\/inscripcion-2024\/","name":"Inscripci\u00f3n 2024 - WCMS x CIII","isPartOf":{"@id":"https:\/\/wcms.com.co\/en\/#website"},"datePublished":"2025-07-25T19:11:37+00:00","dateModified":"2025-07-25T19:41:09+00:00","breadcrumb":{"@id":"https:\/\/wcms.com.co\/inscripcion-2024\/#breadcrumb"},"inLanguage":"en-US","potentialAction":[{"@type":"ReadAction","target":["https:\/\/wcms.com.co\/inscripcion-2024\/"]}]},{"@type":"BreadcrumbList","@id":"https:\/\/wcms.com.co\/inscripcion-2024\/#breadcrumb","itemListElement":[{"@type":"ListItem","position":1,"name":"Inicio","item":"https:\/\/wcms.com.co\/"},{"@type":"ListItem","position":2,"name":"Inscripci\u00f3n 2024"}]},{"@type":"WebSite","@id":"https:\/\/wcms.com.co\/en\/#website","url":"https:\/\/wcms.com.co\/en\/","name":"WCMS x CIII","description":"WCMS x CIII- World Congress of Medical Simulation x CIINA","publisher":{"@id":"https:\/\/wcms.com.co\/en\/#organization"},"potentialAction":[{"@type":"SearchAction","target":{"@type":"EntryPoint","urlTemplate":"https:\/\/wcms.com.co\/en\/?s={search_term_string}"},"query-input":{"@type":"PropertyValueSpecification","valueRequired":true,"valueName":"search_term_string"}}],"inLanguage":"en-US"},{"@type":"Organization","@id":"https:\/\/wcms.com.co\/en\/#organization","name":"WCMS x CIII","url":"https:\/\/wcms.com.co\/en\/","logo":{"@type":"ImageObject","inLanguage":"en-US","@id":"https:\/\/wcms.com.co\/en\/#\/schema\/logo\/image\/","url":"https:\/\/wcms.com.co\/wp-content\/uploads\/2023\/09\/LOGOS-DE-PAGINA-WCMS-CONTORNO-1.png","contentUrl":"https:\/\/wcms.com.co\/wp-content\/uploads\/2023\/09\/LOGOS-DE-PAGINA-WCMS-CONTORNO-1.png","width":1500,"height":158,"caption":"WCMS x CIII"},"image":{"@id":"https:\/\/wcms.com.co\/en\/#\/schema\/logo\/image\/"},"sameAs":["https:\/\/www.facebook.com\/Fundacionuniveristarianavarra-UniNavarra-1917912191768659\/","https:\/\/x.com\/uninavarraeduca"]}]}},"_links":{"self":[{"href":"https:\/\/wcms.com.co\/en\/wp-json\/wp\/v2\/pages\/6428","targetHints":{"allow":["GET"]}}],"collection":[{"href":"https:\/\/wcms.com.co\/en\/wp-json\/wp\/v2\/pages"}],"about":[{"href":"https:\/\/wcms.com.co\/en\/wp-json\/wp\/v2\/types\/page"}],"author":[{"embeddable":true,"href":"https:\/\/wcms.com.co\/en\/wp-json\/wp\/v2\/users\/1"}],"replies":[{"embeddable":true,"href":"https:\/\/wcms.com.co\/en\/wp-json\/wp\/v2\/comments?post=6428"}],"version-history":[{"count":7,"href":"https:\/\/wcms.com.co\/en\/wp-json\/wp\/v2\/pages\/6428\/revisions"}],"predecessor-version":[{"id":6482,"href":"https:\/\/wcms.com.co\/en\/wp-json\/wp\/v2\/pages\/6428\/revisions\/6482"}],"wp:attachment":[{"href":"https:\/\/wcms.com.co\/en\/wp-json\/wp\/v2\/media?parent=6428"}],"curies":[{"name":"wp","href":"https:\/\/api.w.org\/{rel}","templated":true}]}}