{"id":7205,"date":"2026-02-25T07:32:02","date_gmt":"2026-02-25T12:32:02","guid":{"rendered":"https:\/\/wcms.com.co\/?page_id=7205"},"modified":"2026-03-03T09:45:50","modified_gmt":"2026-03-03T14:45:50","slug":"inscripcion-2025","status":"publish","type":"page","link":"https:\/\/wcms.com.co\/en\/inscripcion-2025\/","title":{"rendered":"Registration-2025"},"content":{"rendered":"<div data-elementor-type=\"wp-page\" data-elementor-id=\"7205\" class=\"elementor elementor-7205\" data-elementor-post-type=\"page\">\n\t\t\t\t\t\t<section class=\"elementor-section elementor-top-section elementor-element elementor-element-a5c0b43 elementor-section-full_width elementor-section-stretched elementor-section-height-default elementor-section-height-default\" data-id=\"a5c0b43\" data-element_type=\"section\" data-e-type=\"section\" data-settings=\"{&quot;stretch_section&quot;:&quot;section-stretched&quot;}\">\n\t\t\t\t\t\t<div class=\"elementor-container elementor-column-gap-default\">\n\t\t\t\t\t<div class=\"elementor-column elementor-col-100 elementor-top-column elementor-element elementor-element-c8da0e1\" data-id=\"c8da0e1\" data-element_type=\"column\" data-e-type=\"column\">\n\t\t\t<div class=\"elementor-widget-wrap elementor-element-populated\">\n\t\t\t\t\t\t<div class=\"elementor-element elementor-element-24c3bfb elementor-nav-menu__align-center elementor-widget__width-inherit elementor-nav-menu--stretch elementor-nav-menu--dropdown-tablet elementor-nav-menu__text-align-aside elementor-nav-menu--toggle elementor-nav-menu--burger elementor-widget elementor-widget-nav-menu\" data-id=\"24c3bfb\" data-element_type=\"widget\" data-e-type=\"widget\" data-settings=\"{&quot;full_width&quot;:&quot;stretch&quot;,&quot;layout&quot;:&quot;horizontal&quot;,&quot;submenu_icon&quot;:{&quot;value&quot;:&quot;&lt;i class=\\&quot;fas fa-caret-down\\&quot; aria-hidden=\\&quot;true\\&quot;&gt;&lt;\\\/i&gt;&quot;,&quot;library&quot;:&quot;fa-solid&quot;},&quot;toggle&quot;:&quot;burger&quot;}\" data-widget_type=\"nav-menu.default\">\n\t\t\t\t<div class=\"elementor-widget-container\">\n\t\t\t\t\t\t\t\t<nav aria-label=\"Menu\" class=\"elementor-nav-menu--main elementor-nav-menu__container elementor-nav-menu--layout-horizontal e--pointer-underline e--animation-fade\">\n\t\t\t\t<ul id=\"menu-1-24c3bfb\" class=\"elementor-nav-menu\"><li class=\"menu-item menu-item-type-post_type menu-item-object-page menu-item-7191\"><a href=\"https:\/\/wcms.com.co\/en\/inicio-2025\/\" class=\"elementor-item\">Home<\/a><\/li>\n<li class=\"menu-item menu-item-type-post_type menu-item-object-page menu-item-7198\"><a href=\"https:\/\/wcms.com.co\/en\/nosotros-2025\/\" class=\"elementor-item\">About us<\/a><\/li>\n<li class=\"menu-item menu-item-type-post_type menu-item-object-page menu-item-7201\"><a href=\"https:\/\/wcms.com.co\/en\/programa-2025\/\" class=\"elementor-item\">Program<\/a><\/li>\n<li class=\"menu-item menu-item-type-post_type menu-item-object-page menu-item-7204\"><a href=\"https:\/\/wcms.com.co\/en\/postulacion-trabajos-2025\/\" class=\"elementor-item\">Abstracts<\/a><\/li>\n<li class=\"menu-item menu-item-type-post_type menu-item-object-page menu-item-7207\"><a href=\"https:\/\/wcms.com.co\/en\/inscripcion-2025\/\" class=\"elementor-item\">Registration<\/a><\/li>\n<li class=\"menu-item menu-item-type-custom menu-item-object-custom menu-item-has-children menu-item-7208\"><a href=\"#\" class=\"elementor-item elementor-item-anchor\">Location<\/a>\n<ul class=\"sub-menu elementor-nav-menu--dropdown\">\n\t<li class=\"menu-item menu-item-type-post_type menu-item-object-page menu-item-7209\"><a href=\"https:\/\/wcms.com.co\/en\/inicio-2025\/\" class=\"elementor-sub-item\">Event Venue<\/a><\/li>\n\t<li class=\"menu-item menu-item-type-post_type menu-item-object-page menu-item-7212\"><a href=\"https:\/\/wcms.com.co\/en\/como-llegar-2025\/\" class=\"elementor-sub-item\">How to get there<\/a><\/li>\n\t<li class=\"menu-item menu-item-type-post_type menu-item-object-page menu-item-7215\"><a href=\"https:\/\/wcms.com.co\/en\/hospedaje-2025\/\" class=\"elementor-sub-item\">Hotel Accommodation<\/a><\/li>\n\t<li class=\"menu-item menu-item-type-post_type menu-item-object-page menu-item-7220\"><a href=\"https:\/\/wcms.com.co\/en\/recomendaciones-de-viaje-2025\/\" class=\"elementor-sub-item\">Travel recommendations<\/a><\/li>\n\t<li class=\"menu-item menu-item-type-post_type menu-item-object-page menu-item-7221\"><a href=\"https:\/\/wcms.com.co\/en\/conoce-neiva-huila-colombia-2025\/\" class=\"elementor-sub-item\">Get to know Neiva, Huila, Colombia<\/a><\/li>\n<\/ul>\n<\/li>\n<li class=\"menu-item menu-item-type-custom menu-item-object-custom menu-item-has-children menu-item-7222\"><a href=\"#\" class=\"elementor-item elementor-item-anchor\">Memories<\/a>\n<ul class=\"sub-menu elementor-nav-menu--dropdown\">\n\t<li class=\"menu-item menu-item-type-post_type menu-item-object-page menu-item-7225\"><a href=\"https:\/\/wcms.com.co\/en\/galeria-2025\/\" class=\"elementor-sub-item\">Gallery<\/a><\/li>\n\t<li class=\"menu-item menu-item-type-post_type menu-item-object-page menu-item-7226\"><a href=\"https:\/\/wcms.com.co\/en\/certificados-2025\/\" class=\"elementor-sub-item\">Certificates<\/a><\/li>\n<\/ul>\n<\/li>\n<\/ul>\t\t\t<\/nav>\n\t\t\t\t\t<div class=\"elementor-menu-toggle\" role=\"button\" tabindex=\"0\" aria-label=\"Menu Toggle\" aria-expanded=\"false\">\n\t\t\t<i aria-hidden=\"true\" role=\"presentation\" class=\"elementor-menu-toggle__icon--open eicon-menu-bar\"><\/i><i aria-hidden=\"true\" role=\"presentation\" class=\"elementor-menu-toggle__icon--close eicon-close\"><\/i>\t\t<\/div>\n\t\t\t\t\t<nav class=\"elementor-nav-menu--dropdown elementor-nav-menu__container\" aria-hidden=\"true\">\n\t\t\t\t<ul id=\"menu-2-24c3bfb\" class=\"elementor-nav-menu\"><li class=\"menu-item menu-item-type-post_type menu-item-object-page menu-item-7191\"><a href=\"https:\/\/wcms.com.co\/en\/inicio-2025\/\" class=\"elementor-item\" tabindex=\"-1\">Home<\/a><\/li>\n<li class=\"menu-item menu-item-type-post_type menu-item-object-page menu-item-7198\"><a href=\"https:\/\/wcms.com.co\/en\/nosotros-2025\/\" class=\"elementor-item\" tabindex=\"-1\">About us<\/a><\/li>\n<li class=\"menu-item menu-item-type-post_type menu-item-object-page menu-item-7201\"><a href=\"https:\/\/wcms.com.co\/en\/programa-2025\/\" class=\"elementor-item\" tabindex=\"-1\">Program<\/a><\/li>\n<li class=\"menu-item menu-item-type-post_type menu-item-object-page menu-item-7204\"><a href=\"https:\/\/wcms.com.co\/en\/postulacion-trabajos-2025\/\" class=\"elementor-item\" tabindex=\"-1\">Abstracts<\/a><\/li>\n<li class=\"menu-item menu-item-type-post_type menu-item-object-page menu-item-7207\"><a href=\"https:\/\/wcms.com.co\/en\/inscripcion-2025\/\" class=\"elementor-item\" tabindex=\"-1\">Registration<\/a><\/li>\n<li class=\"menu-item menu-item-type-custom menu-item-object-custom menu-item-has-children menu-item-7208\"><a href=\"#\" class=\"elementor-item elementor-item-anchor\" tabindex=\"-1\">Location<\/a>\n<ul class=\"sub-menu elementor-nav-menu--dropdown\">\n\t<li class=\"menu-item menu-item-type-post_type menu-item-object-page menu-item-7209\"><a href=\"https:\/\/wcms.com.co\/en\/inicio-2025\/\" class=\"elementor-sub-item\" tabindex=\"-1\">Event Venue<\/a><\/li>\n\t<li class=\"menu-item menu-item-type-post_type menu-item-object-page menu-item-7212\"><a href=\"https:\/\/wcms.com.co\/en\/como-llegar-2025\/\" class=\"elementor-sub-item\" tabindex=\"-1\">How to get there<\/a><\/li>\n\t<li class=\"menu-item menu-item-type-post_type menu-item-object-page menu-item-7215\"><a href=\"https:\/\/wcms.com.co\/en\/hospedaje-2025\/\" class=\"elementor-sub-item\" tabindex=\"-1\">Hotel Accommodation<\/a><\/li>\n\t<li class=\"menu-item menu-item-type-post_type menu-item-object-page menu-item-7220\"><a href=\"https:\/\/wcms.com.co\/en\/recomendaciones-de-viaje-2025\/\" class=\"elementor-sub-item\" tabindex=\"-1\">Travel recommendations<\/a><\/li>\n\t<li class=\"menu-item menu-item-type-post_type menu-item-object-page menu-item-7221\"><a href=\"https:\/\/wcms.com.co\/en\/conoce-neiva-huila-colombia-2025\/\" class=\"elementor-sub-item\" tabindex=\"-1\">Get to know Neiva, Huila, Colombia<\/a><\/li>\n<\/ul>\n<\/li>\n<li class=\"menu-item menu-item-type-custom menu-item-object-custom menu-item-has-children menu-item-7222\"><a href=\"#\" class=\"elementor-item elementor-item-anchor\" tabindex=\"-1\">Memories<\/a>\n<ul class=\"sub-menu elementor-nav-menu--dropdown\">\n\t<li class=\"menu-item menu-item-type-post_type menu-item-object-page menu-item-7225\"><a href=\"https:\/\/wcms.com.co\/en\/galeria-2025\/\" class=\"elementor-sub-item\" tabindex=\"-1\">Gallery<\/a><\/li>\n\t<li class=\"menu-item menu-item-type-post_type menu-item-object-page menu-item-7226\"><a href=\"https:\/\/wcms.com.co\/en\/certificados-2025\/\" class=\"elementor-sub-item\" tabindex=\"-1\">Certificates<\/a><\/li>\n<\/ul>\n<\/li>\n<\/ul>\t\t\t<\/nav>\n\t\t\t\t\t\t<\/div>\n\t\t\t\t<\/div>\n\t\t\t\t<div class=\"elementor-element elementor-element-4d13ca0 elementor-widget__width-initial elementor-widget elementor-widget-spacer\" data-id=\"4d13ca0\" data-element_type=\"widget\" data-e-type=\"widget\" data-widget_type=\"spacer.default\">\n\t\t\t\t<div class=\"elementor-widget-container\">\n\t\t\t\t\t\t\t<div class=\"elementor-spacer\">\n\t\t\t<div class=\"elementor-spacer-inner\"><\/div>\n\t\t<\/div>\n\t\t\t\t\t\t<\/div>\n\t\t\t\t<\/div>\n\t\t\t\t\t<\/div>\n\t\t<\/div>\n\t\t\t\t\t<\/div>\n\t\t<\/section>\n\t\t\t\t<section class=\"elementor-section elementor-top-section elementor-element elementor-element-11c66800 elementor-section-boxed elementor-section-height-default elementor-section-height-default\" data-id=\"11c66800\" data-element_type=\"section\" data-e-type=\"section\">\n\t\t\t\t\t\t<div class=\"elementor-container elementor-column-gap-default\">\n\t\t\t\t\t<div class=\"elementor-column elementor-col-100 elementor-top-column elementor-element elementor-element-6cf75d2d\" data-id=\"6cf75d2d\" data-element_type=\"column\" data-e-type=\"column\">\n\t\t\t<div class=\"elementor-widget-wrap elementor-element-populated\">\n\t\t\t\t\t\t<div class=\"elementor-element elementor-element-558b3228 elementor-widget elementor-widget-text-editor\" data-id=\"558b3228\" data-element_type=\"widget\" data-e-type=\"widget\" data-widget_type=\"text-editor.default\">\n\t\t\t\t<div class=\"elementor-widget-container\">\n\t\t\t\t\t\t\t\t\t\n<h1 id=\"hotel-accommodation\" class=\"wp-block-heading alignwide has-text-align-center colorTexto  margenTitulos espaciadost\">Registration<\/h1>\n\n<div class=\"wp-block-columns alignwide is-layout-flex wp-container-core-columns-is-layout-da476ddf wp-block-columns-is-layout-flex\" style=\"padding-right: var(--wp--preset--spacing--60); padding-left: var(--wp--preset--spacing--60);\">\n<div class=\"wp-block-column is-layout-flow wp-block-column-is-layout-flow\"> <style>\n.wp-block-table.espaciadosf.espaciados {\n    margin-top: 2rem; \/* Margin top agregado *\/\n}\n\n@media (max-width: 768px) {\n    .wp-block-table.espaciadosf.espaciados {\n        margin-top: 1.5rem;\n    }\n    \n    .wp-block-table.espaciadosf.espaciados div {\n        width: 100%;\n    }\n    \n    .wp-block-table.espaciadosf.espaciados table {\n        font-size: 0.9rem; \/* Tu tama\u00f1o original *\/\n        min-width: 550px;\n    }\n}\n\n@media (max-width: 480px) {\n    .wp-block-table.espaciadosf.espaciados {\n        margin-top: 1rem;\n    }\n    \n    .wp-block-table.espaciadosf.espaciados table {\n        font-size: 0.8rem;\n    }\n}\n    <\/style>\n<figure class=\"wp-block-table espaciadosf espaciados\">\n<div class=\"table-container\">\n<table class=\"responsive-table\">\n<thead>\n<tr>\n<th style=\"width: 33%; vertical-align: middle; text-align: center;\" rowspan=\"2\">Public<\/th>\n<th style=\"width: 67%; vertical-align: middle; text-align: center;\" colspan=\"2\">Modality<br \/>(Costs without discount)<\/th>\n<\/tr>\n<tr>\n<th style=\"width: 33%; text-align: center;\">On-site<\/th>\n<th style=\"width: 34%; text-align: center;\">Online<\/th>\n<\/tr>\n<\/thead>\n<tbody>\n<tr>\n<td data-label=\"P\u00fablico\">UNINAVARRA Students<\/td>\n<td data-label=\"Presencial\">$ 120,000 COP<\/td>\n<td data-label=\"Online\">$ 80,000 COP<\/td>\n<\/tr>\n<tr>\n<td data-label=\"P\u00fablico\">Professors\/Administrative Collaborators UNINAVARRA<\/td>\n<td data-label=\"Presencial\">$ 150,000 COP<\/td>\n<td data-label=\"Online\">Not available<\/td>\n<\/tr>\n<tr>\n<td data-label=\"P\u00fablico\">UNINAVARRA Graduates<\/td>\n<td data-label=\"Presencial\">$ 150,000 COP<\/td>\n<td data-label=\"Online\">$ 80,000 COP<\/td>\n<\/tr>\n<tr>\n<td data-label=\"P\u00fablico\">Professors\/Professional Externs<\/td>\n<td data-label=\"Presencial\">$ 200,000 COP<\/td>\n<td data-label=\"Online\">$ 100,000 COP<\/td>\n<\/tr>\n<tr>\n<td data-label=\"P\u00fablico\">External students<\/td>\n<td data-label=\"Presencial\">$ 150,000 COP<\/td>\n<td data-label=\"Online\">$ 80,000 COP<\/td>\n<\/tr>\n<\/tbody>\n<\/table>\n<\/div>\n<\/figure>\n<\/div>\n<\/div>\n\n<div class=\"wp-block-buttons alignfull has-custom-font-size has-medium-font-size is-vertical is-content-justification-center is-layout-flex wp-container-core-buttons-is-layout-01224ef4 wp-block-buttons-is-layout-flex\" style=\"padding: 0;\">\n<div class=\"wp-block-button espaciadost btni botones\"><a class=\"wp-block-button__link has-neve-text-color-color has-text-color has-background has-link-color has-custom-font-size wp-element-button\" style=\"border-radius: 70px; background: linear-gradient(135deg,#2279ff 0%,#9c4fc5 100%); font-size: 18px;\" href=\"http:\/\/campus.uninavarra.edu.co\/psc\/cs92prod_21\/EMPLOYEE\/SA\/c\/TYG_SAD_OLA_MENU.LC_CRL_FORMULARIO.GBL\" target=\"_blank\" rel=\"noreferrer noopener\">Register<\/a><\/div>\n\n<div class=\"wp-block-button espaciadost btni botones\"><a class=\"wp-block-button__link has-neve-text-color-color has-text-color has-background has-link-color has-custom-font-size wp-element-button\" style=\"border-radius: 70px; background: linear-gradient(135deg,#2279ff 0%,#9c4fc5 100%); font-size: 18px;\" href=\"#popmake-5458\">Registration Tutorial<\/a><\/div>\n\n<div class=\"wp-block-button btni botones\"><a class=\"wp-block-button__link has-neve-text-color-color has-text-color has-background has-link-color has-custom-font-size wp-element-button\" style=\"border-radius: 70px; background: linear-gradient(135deg,#2279ff 0%,#9c4fc5 100%); font-size: 18px;\" href=\"http:\/\/wcms.com.co\/wp-content\/uploads\/2024\/09\/TERMINOS-Y-CONDICIONES-DE-PARTICIPACION-WCMSxCIINA-2024.pdf\" target=\"_blank\" rel=\"noreferrer noopener\">Terms and Conditions<\/a><\/div>\n<\/div>\n\n<p><style>\n\n.botones{\n min-width: 300px !important; \n\n}\n\n.nv-content-wrap{\n margin-right: 0 !important;\n}\n\n\n\n\n.nv-content-wrap {\n        \/*font-family: 'SofiaPro-Light'; *\/\n        \/*font-size: 48px;*\/\n       margin-right:5%;\n        \/*margin-top:0%;*\/\n      }\n.espaciados{\nmargin-top:-3%\n}\n.espaciadost{\nmargin-top:-7%\n}\n.espaciadosf{\nmargin-bottom:0%\n}\n.fondo1{\n\/*background-color:red !important;*\/\n\/*background:red !important;*\/\n}\n@media only screen and (max-width: 1850px) {\n  .adaptable{\n    font-size: 12px;\n  }\n}\n@media screen and (max-width: 992px) {\n  .espaciadost{\nmargin-top:0%\n}\n}\n@media screen and (max-width: 1295px) {\n.nv-content-wrap {\n\tmargin-top:5%;\n        margin-right:5%;\n}\n}\n\n@media screen and (max-width: 19965px) {\n.nv-content-wrap {\n\tmargin-top:10%;\n        margin-right:5%;\n}\n}\n@media screen and (max-width: 960px) {\n.nv-content-wrap {\n\tmargin-top:5%;\n        margin-right:5%;\n       \n}\n.wp-block-button {\nfont-size:10px !important;\n}\n}\n@media screen and (max-width: 777px) {\n.nv-content-wrap {\nmargin-right:20%;\nmargin-top:10%;\n}\n}\n@media screen and (max-width: 615px) {\n.nv-content-wrap {\nmargin-right:20%;\n\n}\n}\n<\/style> <br \/><br \/><\/p>\n<section>\n<div class=\"wave\" style=\"background-color: #171718;\">\u00a0<\/div>\n<\/section>\n\t\t\t\t\t\t\t\t<\/div>\n\t\t\t\t<\/div>\n\t\t\t\t\t<\/div>\n\t\t<\/div>\n\t\t\t\t\t<\/div>\n\t\t<\/section>\n\t\t\t\t<\/div>","protected":false},"excerpt":{"rendered":"<p>Registration Public Modality (Costs without discount) Classroom Online Students UNINAVARRA $ 120.000 COP $ 80.000 COP Professors\/Administrative Collaborators UNINAVARRA $ 150.000 COP Not available Graduates UNINAVARRA $ 150.000 COP $ 80.000...&nbsp;<a href=\"https:\/\/wcms.com.co\/en\/inscripcion-2025\/\" rel=\"bookmark\">Read More \"<span class=\"screen-reader-text\">Registration-2025<\/span><\/a><\/p>","protected":false},"author":1,"featured_media":0,"parent":0,"menu_order":0,"comment_status":"closed","ping_status":"closed","template":"elementor_header_footer","meta":{"neve_meta_sidebar":"","neve_meta_container":"","neve_meta_enable_content_width":"","neve_meta_content_width":0,"neve_meta_title_alignment":"","neve_meta_author_avatar":"","neve_post_elements_order":"","neve_meta_disable_header":"","neve_meta_disable_footer":"","neve_meta_disable_title":"","footnotes":""},"class_list":["post-7205","page","type-page","status-publish","hentry"],"yoast_head":"<!-- This site is optimized with the Yoast SEO plugin v27.2 - https:\/\/yoast.com\/product\/yoast-seo-wordpress\/ -->\n<title>Inscripci\u00f3n-2025 - WCMS x CIII<\/title>\n<meta name=\"robots\" content=\"index, follow, max-snippet:-1, max-image-preview:large, max-video-preview:-1\" \/>\n<link rel=\"canonical\" href=\"https:\/\/wcms.com.co\/en\/inscripcion-2025\/\" \/>\n<meta property=\"og:locale\" content=\"en_US\" \/>\n<meta property=\"og:type\" content=\"article\" \/>\n<meta property=\"og:title\" content=\"Inscripci\u00f3n-2025 - WCMS x CIII\" \/>\n<meta property=\"og:description\" content=\"Inscripci\u00f3n P\u00fablico Modalidad(Costos sin descuento) Presencial Online Estudiantes UNINAVARRA $ 120.000 COP $ 80.000 COP Profesores\/Colaboradores administrativos UNINAVARRA $ 150.000 COP No disponible Graduados UNINAVARRA $ 150.000 COP $ 80.000&hellip;&nbsp;Read More &raquo;Inscripci\u00f3n-2025\" \/>\n<meta property=\"og:url\" content=\"https:\/\/wcms.com.co\/en\/inscripcion-2025\/\" \/>\n<meta property=\"og:site_name\" content=\"WCMS x CIII\" \/>\n<meta property=\"article:publisher\" content=\"https:\/\/www.facebook.com\/Fundacionuniveristarianavarra-UniNavarra-1917912191768659\/\" \/>\n<meta property=\"article:modified_time\" content=\"2026-03-03T14:45:50+00:00\" \/>\n<meta name=\"twitter:card\" content=\"summary_large_image\" \/>\n<meta name=\"twitter:site\" content=\"@uninavarraeduca\" \/>\n<meta name=\"twitter:label1\" content=\"Est. reading time\" \/>\n\t<meta name=\"twitter:data1\" content=\"1 minute\" \/>\n<script type=\"application\/ld+json\" class=\"yoast-schema-graph\">{\"@context\":\"https:\/\/schema.org\",\"@graph\":[{\"@type\":\"WebPage\",\"@id\":\"https:\/\/wcms.com.co\/inscripcion-2025\/\",\"url\":\"https:\/\/wcms.com.co\/inscripcion-2025\/\",\"name\":\"Inscripci\u00f3n-2025 - WCMS x CIII\",\"isPartOf\":{\"@id\":\"https:\/\/wcms.com.co\/en\/#website\"},\"datePublished\":\"2026-02-25T12:32:02+00:00\",\"dateModified\":\"2026-03-03T14:45:50+00:00\",\"breadcrumb\":{\"@id\":\"https:\/\/wcms.com.co\/inscripcion-2025\/#breadcrumb\"},\"inLanguage\":\"en-US\",\"potentialAction\":[{\"@type\":\"ReadAction\",\"target\":[\"https:\/\/wcms.com.co\/inscripcion-2025\/\"]}]},{\"@type\":\"BreadcrumbList\",\"@id\":\"https:\/\/wcms.com.co\/inscripcion-2025\/#breadcrumb\",\"itemListElement\":[{\"@type\":\"ListItem\",\"position\":1,\"name\":\"Inicio\",\"item\":\"https:\/\/wcms.com.co\/\"},{\"@type\":\"ListItem\",\"position\":2,\"name\":\"Inscripci\u00f3n-2025\"}]},{\"@type\":\"WebSite\",\"@id\":\"https:\/\/wcms.com.co\/en\/#website\",\"url\":\"https:\/\/wcms.com.co\/en\/\",\"name\":\"WCMS x CIII\",\"description\":\"WCMS x CIII- World Congress of Medical Simulation x CIINA\",\"publisher\":{\"@id\":\"https:\/\/wcms.com.co\/en\/#organization\"},\"potentialAction\":[{\"@type\":\"SearchAction\",\"target\":{\"@type\":\"EntryPoint\",\"urlTemplate\":\"https:\/\/wcms.com.co\/en\/?s={search_term_string}\"},\"query-input\":{\"@type\":\"PropertyValueSpecification\",\"valueRequired\":true,\"valueName\":\"search_term_string\"}}],\"inLanguage\":\"en-US\"},{\"@type\":\"Organization\",\"@id\":\"https:\/\/wcms.com.co\/en\/#organization\",\"name\":\"WCMS x CIII\",\"url\":\"https:\/\/wcms.com.co\/en\/\",\"logo\":{\"@type\":\"ImageObject\",\"inLanguage\":\"en-US\",\"@id\":\"https:\/\/wcms.com.co\/en\/#\/schema\/logo\/image\/\",\"url\":\"https:\/\/wcms.com.co\/wp-content\/uploads\/2023\/09\/LOGOS-DE-PAGINA-WCMS-CONTORNO-1.png\",\"contentUrl\":\"https:\/\/wcms.com.co\/wp-content\/uploads\/2023\/09\/LOGOS-DE-PAGINA-WCMS-CONTORNO-1.png\",\"width\":1500,\"height\":158,\"caption\":\"WCMS x CIII\"},\"image\":{\"@id\":\"https:\/\/wcms.com.co\/en\/#\/schema\/logo\/image\/\"},\"sameAs\":[\"https:\/\/www.facebook.com\/Fundacionuniveristarianavarra-UniNavarra-1917912191768659\/\",\"https:\/\/x.com\/uninavarraeduca\"]}]}<\/script>\n<!-- \/ Yoast SEO plugin. -->","yoast_head_json":{"title":"Inscripci\u00f3n-2025 - WCMS x CIII","robots":{"index":"index","follow":"follow","max-snippet":"max-snippet:-1","max-image-preview":"max-image-preview:large","max-video-preview":"max-video-preview:-1"},"canonical":"https:\/\/wcms.com.co\/en\/inscripcion-2025\/","og_locale":"en_US","og_type":"article","og_title":"Inscripci\u00f3n-2025 - WCMS x CIII","og_description":"Inscripci\u00f3n P\u00fablico Modalidad(Costos sin descuento) Presencial Online Estudiantes UNINAVARRA $ 120.000 COP $ 80.000 COP Profesores\/Colaboradores administrativos UNINAVARRA $ 150.000 COP No disponible Graduados UNINAVARRA $ 150.000 COP $ 80.000&hellip;&nbsp;Read More &raquo;Inscripci\u00f3n-2025","og_url":"https:\/\/wcms.com.co\/en\/inscripcion-2025\/","og_site_name":"WCMS x CIII","article_publisher":"https:\/\/www.facebook.com\/Fundacionuniveristarianavarra-UniNavarra-1917912191768659\/","article_modified_time":"2026-03-03T14:45:50+00:00","twitter_card":"summary_large_image","twitter_site":"@uninavarraeduca","twitter_misc":{"Est. reading time":"1 minute"},"schema":{"@context":"https:\/\/schema.org","@graph":[{"@type":"WebPage","@id":"https:\/\/wcms.com.co\/inscripcion-2025\/","url":"https:\/\/wcms.com.co\/inscripcion-2025\/","name":"Inscripci\u00f3n-2025 - WCMS x CIII","isPartOf":{"@id":"https:\/\/wcms.com.co\/en\/#website"},"datePublished":"2026-02-25T12:32:02+00:00","dateModified":"2026-03-03T14:45:50+00:00","breadcrumb":{"@id":"https:\/\/wcms.com.co\/inscripcion-2025\/#breadcrumb"},"inLanguage":"en-US","potentialAction":[{"@type":"ReadAction","target":["https:\/\/wcms.com.co\/inscripcion-2025\/"]}]},{"@type":"BreadcrumbList","@id":"https:\/\/wcms.com.co\/inscripcion-2025\/#breadcrumb","itemListElement":[{"@type":"ListItem","position":1,"name":"Inicio","item":"https:\/\/wcms.com.co\/"},{"@type":"ListItem","position":2,"name":"Inscripci\u00f3n-2025"}]},{"@type":"WebSite","@id":"https:\/\/wcms.com.co\/en\/#website","url":"https:\/\/wcms.com.co\/en\/","name":"WCMS x CIII","description":"WCMS x CIII- World Congress of Medical Simulation x CIINA","publisher":{"@id":"https:\/\/wcms.com.co\/en\/#organization"},"potentialAction":[{"@type":"SearchAction","target":{"@type":"EntryPoint","urlTemplate":"https:\/\/wcms.com.co\/en\/?s={search_term_string}"},"query-input":{"@type":"PropertyValueSpecification","valueRequired":true,"valueName":"search_term_string"}}],"inLanguage":"en-US"},{"@type":"Organization","@id":"https:\/\/wcms.com.co\/en\/#organization","name":"WCMS x CIII","url":"https:\/\/wcms.com.co\/en\/","logo":{"@type":"ImageObject","inLanguage":"en-US","@id":"https:\/\/wcms.com.co\/en\/#\/schema\/logo\/image\/","url":"https:\/\/wcms.com.co\/wp-content\/uploads\/2023\/09\/LOGOS-DE-PAGINA-WCMS-CONTORNO-1.png","contentUrl":"https:\/\/wcms.com.co\/wp-content\/uploads\/2023\/09\/LOGOS-DE-PAGINA-WCMS-CONTORNO-1.png","width":1500,"height":158,"caption":"WCMS x CIII"},"image":{"@id":"https:\/\/wcms.com.co\/en\/#\/schema\/logo\/image\/"},"sameAs":["https:\/\/www.facebook.com\/Fundacionuniveristarianavarra-UniNavarra-1917912191768659\/","https:\/\/x.com\/uninavarraeduca"]}]}},"_links":{"self":[{"href":"https:\/\/wcms.com.co\/en\/wp-json\/wp\/v2\/pages\/7205","targetHints":{"allow":["GET"]}}],"collection":[{"href":"https:\/\/wcms.com.co\/en\/wp-json\/wp\/v2\/pages"}],"about":[{"href":"https:\/\/wcms.com.co\/en\/wp-json\/wp\/v2\/types\/page"}],"author":[{"embeddable":true,"href":"https:\/\/wcms.com.co\/en\/wp-json\/wp\/v2\/users\/1"}],"replies":[{"embeddable":true,"href":"https:\/\/wcms.com.co\/en\/wp-json\/wp\/v2\/comments?post=7205"}],"version-history":[{"count":16,"href":"https:\/\/wcms.com.co\/en\/wp-json\/wp\/v2\/pages\/7205\/revisions"}],"predecessor-version":[{"id":7406,"href":"https:\/\/wcms.com.co\/en\/wp-json\/wp\/v2\/pages\/7205\/revisions\/7406"}],"wp:attachment":[{"href":"https:\/\/wcms.com.co\/en\/wp-json\/wp\/v2\/media?parent=7205"}],"curies":[{"name":"wp","href":"https:\/\/api.w.org\/{rel}","templated":true}]}}