{"id":7210,"date":"2026-02-25T07:47:23","date_gmt":"2026-02-25T12:47:23","guid":{"rendered":"https:\/\/wcms.com.co\/?page_id=7210"},"modified":"2026-03-03T09:48:04","modified_gmt":"2026-03-03T14:48:04","slug":"como-llegar-2025","status":"publish","type":"page","link":"https:\/\/wcms.com.co\/en\/como-llegar-2025\/","title":{"rendered":"How to get there -2025"},"content":{"rendered":"<div data-elementor-type=\"wp-page\" data-elementor-id=\"7210\" class=\"elementor elementor-7210\" data-elementor-post-type=\"page\">\n\t\t\t\t\t\t<section class=\"elementor-section elementor-top-section elementor-element elementor-element-4fad77f elementor-section-stretched elementor-section-full_width elementor-section-height-default elementor-section-height-default\" data-id=\"4fad77f\" data-element_type=\"section\" data-e-type=\"section\" data-settings=\"{&quot;stretch_section&quot;:&quot;section-stretched&quot;}\">\n\t\t\t\t\t\t<div class=\"elementor-container elementor-column-gap-default\">\n\t\t\t\t\t<div class=\"elementor-column elementor-col-100 elementor-top-column elementor-element elementor-element-79c4e87\" data-id=\"79c4e87\" data-element_type=\"column\" data-e-type=\"column\">\n\t\t\t<div class=\"elementor-widget-wrap elementor-element-populated\">\n\t\t\t\t\t\t<div class=\"elementor-element elementor-element-e33b2ff elementor-nav-menu__align-center elementor-widget__width-inherit elementor-nav-menu--stretch elementor-nav-menu--dropdown-tablet elementor-nav-menu__text-align-aside elementor-nav-menu--toggle elementor-nav-menu--burger elementor-widget elementor-widget-nav-menu\" data-id=\"e33b2ff\" data-element_type=\"widget\" data-e-type=\"widget\" data-settings=\"{&quot;full_width&quot;:&quot;stretch&quot;,&quot;layout&quot;:&quot;horizontal&quot;,&quot;submenu_icon&quot;:{&quot;value&quot;:&quot;&lt;i class=\\&quot;fas fa-caret-down\\&quot; aria-hidden=\\&quot;true\\&quot;&gt;&lt;\\\/i&gt;&quot;,&quot;library&quot;:&quot;fa-solid&quot;},&quot;toggle&quot;:&quot;burger&quot;}\" data-widget_type=\"nav-menu.default\">\n\t\t\t\t<div class=\"elementor-widget-container\">\n\t\t\t\t\t\t\t\t<nav aria-label=\"Menu\" class=\"elementor-nav-menu--main elementor-nav-menu__container elementor-nav-menu--layout-horizontal e--pointer-underline e--animation-fade\">\n\t\t\t\t<ul id=\"menu-1-e33b2ff\" class=\"elementor-nav-menu\"><li class=\"menu-item menu-item-type-post_type menu-item-object-page menu-item-7191\"><a href=\"https:\/\/wcms.com.co\/en\/inicio-2025\/\" class=\"elementor-item\">Home<\/a><\/li>\n<li class=\"menu-item menu-item-type-post_type menu-item-object-page menu-item-7198\"><a href=\"https:\/\/wcms.com.co\/en\/nosotros-2025\/\" class=\"elementor-item\">About us<\/a><\/li>\n<li class=\"menu-item menu-item-type-post_type menu-item-object-page menu-item-7201\"><a href=\"https:\/\/wcms.com.co\/en\/programa-2025\/\" class=\"elementor-item\">Program<\/a><\/li>\n<li class=\"menu-item menu-item-type-post_type menu-item-object-page menu-item-7204\"><a href=\"https:\/\/wcms.com.co\/en\/postulacion-trabajos-2025\/\" class=\"elementor-item\">Abstracts<\/a><\/li>\n<li class=\"menu-item menu-item-type-post_type menu-item-object-page menu-item-7207\"><a href=\"https:\/\/wcms.com.co\/en\/inscripcion-2025\/\" class=\"elementor-item\">Registration<\/a><\/li>\n<li class=\"menu-item menu-item-type-custom menu-item-object-custom menu-item-has-children menu-item-7208\"><a href=\"#\" class=\"elementor-item elementor-item-anchor\">Location<\/a>\n<ul class=\"sub-menu elementor-nav-menu--dropdown\">\n\t<li class=\"menu-item menu-item-type-post_type menu-item-object-page menu-item-7209\"><a href=\"https:\/\/wcms.com.co\/en\/inicio-2025\/\" class=\"elementor-sub-item\">Event Venue<\/a><\/li>\n\t<li class=\"menu-item menu-item-type-post_type menu-item-object-page menu-item-7212\"><a href=\"https:\/\/wcms.com.co\/en\/como-llegar-2025\/\" class=\"elementor-sub-item\">How to get there<\/a><\/li>\n\t<li class=\"menu-item menu-item-type-post_type menu-item-object-page menu-item-7215\"><a href=\"https:\/\/wcms.com.co\/en\/hospedaje-2025\/\" class=\"elementor-sub-item\">Hotel Accommodation<\/a><\/li>\n\t<li class=\"menu-item menu-item-type-post_type menu-item-object-page menu-item-7220\"><a href=\"https:\/\/wcms.com.co\/en\/recomendaciones-de-viaje-2025\/\" class=\"elementor-sub-item\">Travel recommendations<\/a><\/li>\n\t<li class=\"menu-item menu-item-type-post_type menu-item-object-page menu-item-7221\"><a href=\"https:\/\/wcms.com.co\/en\/conoce-neiva-huila-colombia-2025\/\" class=\"elementor-sub-item\">Get to know Neiva, Huila, Colombia<\/a><\/li>\n<\/ul>\n<\/li>\n<li class=\"menu-item menu-item-type-custom menu-item-object-custom menu-item-has-children menu-item-7222\"><a href=\"#\" class=\"elementor-item elementor-item-anchor\">Memories<\/a>\n<ul class=\"sub-menu elementor-nav-menu--dropdown\">\n\t<li class=\"menu-item menu-item-type-post_type menu-item-object-page menu-item-7225\"><a href=\"https:\/\/wcms.com.co\/en\/galeria-2025\/\" class=\"elementor-sub-item\">Gallery<\/a><\/li>\n\t<li class=\"menu-item menu-item-type-post_type menu-item-object-page menu-item-7226\"><a href=\"https:\/\/wcms.com.co\/en\/certificados-2025\/\" class=\"elementor-sub-item\">Certificates<\/a><\/li>\n<\/ul>\n<\/li>\n<\/ul>\t\t\t<\/nav>\n\t\t\t\t\t<div class=\"elementor-menu-toggle\" role=\"button\" tabindex=\"0\" aria-label=\"Menu Toggle\" aria-expanded=\"false\">\n\t\t\t<i aria-hidden=\"true\" role=\"presentation\" class=\"elementor-menu-toggle__icon--open eicon-menu-bar\"><\/i><i aria-hidden=\"true\" role=\"presentation\" class=\"elementor-menu-toggle__icon--close eicon-close\"><\/i>\t\t<\/div>\n\t\t\t\t\t<nav class=\"elementor-nav-menu--dropdown elementor-nav-menu__container\" aria-hidden=\"true\">\n\t\t\t\t<ul id=\"menu-2-e33b2ff\" class=\"elementor-nav-menu\"><li class=\"menu-item menu-item-type-post_type menu-item-object-page menu-item-7191\"><a href=\"https:\/\/wcms.com.co\/en\/inicio-2025\/\" class=\"elementor-item\" tabindex=\"-1\">Home<\/a><\/li>\n<li class=\"menu-item menu-item-type-post_type menu-item-object-page menu-item-7198\"><a href=\"https:\/\/wcms.com.co\/en\/nosotros-2025\/\" class=\"elementor-item\" tabindex=\"-1\">About us<\/a><\/li>\n<li class=\"menu-item menu-item-type-post_type menu-item-object-page menu-item-7201\"><a href=\"https:\/\/wcms.com.co\/en\/programa-2025\/\" class=\"elementor-item\" tabindex=\"-1\">Program<\/a><\/li>\n<li class=\"menu-item menu-item-type-post_type menu-item-object-page menu-item-7204\"><a href=\"https:\/\/wcms.com.co\/en\/postulacion-trabajos-2025\/\" class=\"elementor-item\" tabindex=\"-1\">Abstracts<\/a><\/li>\n<li class=\"menu-item menu-item-type-post_type menu-item-object-page menu-item-7207\"><a href=\"https:\/\/wcms.com.co\/en\/inscripcion-2025\/\" class=\"elementor-item\" tabindex=\"-1\">Registration<\/a><\/li>\n<li class=\"menu-item menu-item-type-custom menu-item-object-custom menu-item-has-children menu-item-7208\"><a href=\"#\" class=\"elementor-item elementor-item-anchor\" tabindex=\"-1\">Location<\/a>\n<ul class=\"sub-menu elementor-nav-menu--dropdown\">\n\t<li class=\"menu-item menu-item-type-post_type menu-item-object-page menu-item-7209\"><a href=\"https:\/\/wcms.com.co\/en\/inicio-2025\/\" class=\"elementor-sub-item\" tabindex=\"-1\">Event Venue<\/a><\/li>\n\t<li class=\"menu-item menu-item-type-post_type menu-item-object-page menu-item-7212\"><a href=\"https:\/\/wcms.com.co\/en\/como-llegar-2025\/\" class=\"elementor-sub-item\" tabindex=\"-1\">How to get there<\/a><\/li>\n\t<li class=\"menu-item menu-item-type-post_type menu-item-object-page menu-item-7215\"><a href=\"https:\/\/wcms.com.co\/en\/hospedaje-2025\/\" class=\"elementor-sub-item\" tabindex=\"-1\">Hotel Accommodation<\/a><\/li>\n\t<li class=\"menu-item menu-item-type-post_type menu-item-object-page menu-item-7220\"><a href=\"https:\/\/wcms.com.co\/en\/recomendaciones-de-viaje-2025\/\" class=\"elementor-sub-item\" tabindex=\"-1\">Travel recommendations<\/a><\/li>\n\t<li class=\"menu-item menu-item-type-post_type menu-item-object-page menu-item-7221\"><a href=\"https:\/\/wcms.com.co\/en\/conoce-neiva-huila-colombia-2025\/\" class=\"elementor-sub-item\" tabindex=\"-1\">Get to know Neiva, Huila, Colombia<\/a><\/li>\n<\/ul>\n<\/li>\n<li class=\"menu-item menu-item-type-custom menu-item-object-custom menu-item-has-children menu-item-7222\"><a href=\"#\" class=\"elementor-item elementor-item-anchor\" tabindex=\"-1\">Memories<\/a>\n<ul class=\"sub-menu elementor-nav-menu--dropdown\">\n\t<li class=\"menu-item menu-item-type-post_type menu-item-object-page menu-item-7225\"><a href=\"https:\/\/wcms.com.co\/en\/galeria-2025\/\" class=\"elementor-sub-item\" tabindex=\"-1\">Gallery<\/a><\/li>\n\t<li class=\"menu-item menu-item-type-post_type menu-item-object-page menu-item-7226\"><a href=\"https:\/\/wcms.com.co\/en\/certificados-2025\/\" class=\"elementor-sub-item\" tabindex=\"-1\">Certificates<\/a><\/li>\n<\/ul>\n<\/li>\n<\/ul>\t\t\t<\/nav>\n\t\t\t\t\t\t<\/div>\n\t\t\t\t<\/div>\n\t\t\t\t<div class=\"elementor-element elementor-element-a5c159f elementor-widget elementor-widget-spacer\" data-id=\"a5c159f\" data-element_type=\"widget\" data-e-type=\"widget\" data-widget_type=\"spacer.default\">\n\t\t\t\t<div class=\"elementor-widget-container\">\n\t\t\t\t\t\t\t<div class=\"elementor-spacer\">\n\t\t\t<div class=\"elementor-spacer-inner\"><\/div>\n\t\t<\/div>\n\t\t\t\t\t\t<\/div>\n\t\t\t\t<\/div>\n\t\t\t\t\t<\/div>\n\t\t<\/div>\n\t\t\t\t\t<\/div>\n\t\t<\/section>\n\t\t\t\t<section class=\"elementor-section elementor-top-section elementor-element elementor-element-f518a62 elementor-section-boxed elementor-section-height-default elementor-section-height-default\" data-id=\"f518a62\" data-element_type=\"section\" data-e-type=\"section\">\n\t\t\t\t\t\t<div class=\"elementor-container elementor-column-gap-default\">\n\t\t\t\t\t<div class=\"elementor-column elementor-col-100 elementor-top-column elementor-element elementor-element-788c7326\" data-id=\"788c7326\" data-element_type=\"column\" data-e-type=\"column\">\n\t\t\t<div class=\"elementor-widget-wrap elementor-element-populated\">\n\t\t\t\t\t\t<div class=\"elementor-element elementor-element-44cc8b72 elementor-widget elementor-widget-text-editor\" data-id=\"44cc8b72\" data-element_type=\"widget\" data-e-type=\"widget\" data-widget_type=\"text-editor.default\">\n\t\t\t\t<div class=\"elementor-widget-container\">\n\t\t\t\t\t\t\t\t\t\n<h2 class=\"has-text-align-center colorTexto imagenCentrada topo wp-block-heading\" id=\"como-llegar\">How to get there?<\/h2>\n\n\n\n<div style=\"height:58px\" aria-hidden=\"true\" class=\"wp-block-spacer\"><\/div>\n\n\n\n<h3 class=\"has-text-align-center imagenCentrada wp-block-heading\" id=\"para-llegar-a-la-ciudad-de-neiva-del-departamento-del-huila-colombia-se-puede-realizar-por-via-terrestre-o-aerea\">To reach the city of Neiva in the Department of Huila, Colombia, it can be done by land or air:<\/h3>\n\n\n\n<div style=\"height:58px\" aria-hidden=\"true\" class=\"wp-block-spacer\"><\/div>\n\n\n\n<div class=\"wp-block-columns alignwide is-layout-flex wp-container-core-columns-is-layout-9d6595d7 wp-block-columns-is-layout-flex\">\n<div class=\"wp-block-column has-nv-text-dark-bg-background-color has-text-color has-background has-link-color wp-elements-e7b45852fd42e79e4ebcfc76cacefb45 is-layout-flow wp-block-column-is-layout-flow\" style=\"color:#000000;padding-top:2em;padding-right:2em;padding-bottom:2em;padding-left:2em\">\n<h2 class=\"colorTexto imagenCentrada wp-block-heading\" id=\"terminal-de-transporte-neiva\" style=\"font-size:40px\">Neiva Transportation Terminal<\/h2>\n\n\n\n<hr class=\"wp-block-separator has-alpha-channel-opacity has-background is-style-default\"\/>\n\n\n<div class=\"wp-block-image\">\n<figure class=\"aligncenter size-large is-resized\"><img fetchpriority=\"high\" decoding=\"async\" src=\"https:\/\/wcms.com.co\/wp-content\/uploads\/2022\/10\/Terminal-de-transporte-Neiva-1-1-1024x748.jpg\" alt=\"\" class=\"wp-image-2933\" width=\"498\" height=\"364\" srcset=\"https:\/\/wcms.com.co\/wp-content\/uploads\/2022\/10\/Terminal-de-transporte-Neiva-1-1-1024x748.jpg 1024w, https:\/\/wcms.com.co\/wp-content\/uploads\/2022\/10\/Terminal-de-transporte-Neiva-1-1-300x219.jpg 300w, https:\/\/wcms.com.co\/wp-content\/uploads\/2022\/10\/Terminal-de-transporte-Neiva-1-1-768x561.jpg 768w, https:\/\/wcms.com.co\/wp-content\/uploads\/2022\/10\/Terminal-de-transporte-Neiva-1-1-16x12.jpg 16w, https:\/\/wcms.com.co\/wp-content\/uploads\/2022\/10\/Terminal-de-transporte-Neiva-1-1.jpg 1100w\" sizes=\"(max-width: 498px) 100vw, 498px\" \/><\/figure>\n<\/div>\n\n\n<div class=\"wp-block-buttons is-horizontal is-content-justification-center is-layout-flex wp-container-core-buttons-is-layout-499968f5 wp-block-buttons-is-layout-flex\">\n<div class=\"wp-block-button has-custom-width wp-block-button__width-100\"><a class=\"wp-block-button__link has-white-color has-text-color has-background\" href=\"https:\/\/goo.gl\/maps\/JZ64AesQgLd4dKXTA\" style=\"background:linear-gradient(135deg,rgb(39,121,255) 0%,rgb(156,79,197) 100%)\">See map<\/a><\/div>\n<\/div>\n<\/div>\n\n\n\n<div class=\"wp-block-column has-nv-text-dark-bg-background-color has-text-color has-background has-link-color wp-elements-abf4ad4e47fdc9eff664e252ed1d4d82 is-layout-flow wp-block-column-is-layout-flow\" style=\"color:#000000;padding-top:2em;padding-right:2em;padding-bottom:2em;padding-left:2em\">\n<h2 class=\"colorTexto imagenCentrada wp-block-heading\" id=\"aeropuerto-benito-salas-neiva\" style=\"font-size:40px\">Benito Salas Neiva Airport<\/h2>\n\n\n\n<hr class=\"wp-block-separator has-css-opacity is-style-default\"\/>\n\n\n<div class=\"wp-block-image\">\n<figure class=\"aligncenter size-large is-resized\"><img decoding=\"async\" src=\"https:\/\/wcms.com.co\/wp-content\/uploads\/2022\/10\/Aeropuerto-Benito-Salas-1-1-1024x748.jpg\" alt=\"\" class=\"wp-image-2926\" width=\"512\" height=\"374\" srcset=\"https:\/\/wcms.com.co\/wp-content\/uploads\/2022\/10\/Aeropuerto-Benito-Salas-1-1-1024x748.jpg 1024w, https:\/\/wcms.com.co\/wp-content\/uploads\/2022\/10\/Aeropuerto-Benito-Salas-1-1-300x219.jpg 300w, https:\/\/wcms.com.co\/wp-content\/uploads\/2022\/10\/Aeropuerto-Benito-Salas-1-1-768x561.jpg 768w, https:\/\/wcms.com.co\/wp-content\/uploads\/2022\/10\/Aeropuerto-Benito-Salas-1-1-16x12.jpg 16w, https:\/\/wcms.com.co\/wp-content\/uploads\/2022\/10\/Aeropuerto-Benito-Salas-1-1.jpg 1100w\" sizes=\"(max-width: 512px) 100vw, 512px\" \/><\/figure>\n<\/div>\n\n\n<div class=\"wp-block-buttons is-horizontal is-content-justification-center is-layout-flex wp-container-core-buttons-is-layout-499968f5 wp-block-buttons-is-layout-flex\">\n<div class=\"wp-block-button has-custom-width wp-block-button__width-100\"><a class=\"wp-block-button__link has-white-color has-text-color has-background\" href=\"https:\/\/huila.travel\/\" style=\"background:linear-gradient(135deg,rgb(39,121,255) 0%,rgb(156,79,197) 100%)\" target=\"_blank\" rel=\"noreferrer noopener\">See map<\/a><\/div>\n\n\n<\/div>\n<\/div>\n<\/div>\n\n\n\n<div class=\"wp-block-columns is-layout-flex wp-container-core-columns-is-layout-9d6595d7 wp-block-columns-is-layout-flex\"><\/div>\n\n\n\n<style>\nbody {\n        font-family: 'SofiaPro-Light' !important;\n        \/*font-size: 48px;*\/\n      }\n.cuadro{\nmax-width:100%;\nmax-height:560px;\n}\n.topo{\nmargin-top:-2.5%;\n}\n@media screen and (max-width: 1295px) {\n.topo {\n\tmargin-top:5%;\n        margin-right:5%;\n}\n}\n\n\n<\/style>\n\t\t\t\t\t\t\t\t<\/div>\n\t\t\t\t<\/div>\n\t\t\t\t\t<\/div>\n\t\t<\/div>\n\t\t\t\t\t<\/div>\n\t\t<\/section>\n\t\t\t\t<\/div>","protected":false},"excerpt":{"rendered":"<p>How to get to Neiva To get to the city of Neiva in the Department of Huila, Colombia, you can arrive by land or air: Terminal de transporte Neiva Aeropuerto Benito Salas Neiva<\/p>","protected":false},"author":1,"featured_media":0,"parent":0,"menu_order":0,"comment_status":"closed","ping_status":"closed","template":"elementor_header_footer","meta":{"neve_meta_sidebar":"","neve_meta_container":"","neve_meta_enable_content_width":"","neve_meta_content_width":0,"neve_meta_title_alignment":"","neve_meta_author_avatar":"","neve_post_elements_order":"","neve_meta_disable_header":"","neve_meta_disable_footer":"","neve_meta_disable_title":"","footnotes":""},"class_list":["post-7210","page","type-page","status-publish","hentry"],"yoast_head":"<!-- This site is optimized with the Yoast SEO plugin v27.2 - https:\/\/yoast.com\/product\/yoast-seo-wordpress\/ -->\n<title>C\u00f3mo llegar -2025 - WCMS x CIII<\/title>\n<meta name=\"robots\" content=\"index, follow, max-snippet:-1, max-image-preview:large, max-video-preview:-1\" \/>\n<link rel=\"canonical\" href=\"https:\/\/wcms.com.co\/en\/como-llegar-2025\/\" \/>\n<meta property=\"og:locale\" content=\"en_US\" \/>\n<meta property=\"og:type\" content=\"article\" \/>\n<meta property=\"og:title\" content=\"C\u00f3mo llegar -2025 - WCMS x CIII\" \/>\n<meta property=\"og:description\" content=\"\u00bfC\u00f3mo llegar? Para llegar a la ciudad de Neiva del Departamento del Huila, Colombia, se puede realizar por v\u00eda terrestre o a\u00e9rea: Terminal de transporte Neiva Aeropuerto Benito Salas Neiva\" \/>\n<meta property=\"og:url\" content=\"https:\/\/wcms.com.co\/en\/como-llegar-2025\/\" \/>\n<meta property=\"og:site_name\" content=\"WCMS x CIII\" \/>\n<meta property=\"article:publisher\" content=\"https:\/\/www.facebook.com\/Fundacionuniveristarianavarra-UniNavarra-1917912191768659\/\" \/>\n<meta property=\"article:modified_time\" content=\"2026-03-03T14:48:04+00:00\" \/>\n<meta property=\"og:image\" content=\"https:\/\/wcms.com.co\/wp-content\/uploads\/2022\/10\/Terminal-de-transporte-Neiva-1-1.jpg\" \/>\n\t<meta property=\"og:image:width\" content=\"1100\" \/>\n\t<meta property=\"og:image:height\" content=\"803\" \/>\n\t<meta property=\"og:image:type\" content=\"image\/jpeg\" \/>\n<meta name=\"twitter:card\" content=\"summary_large_image\" \/>\n<meta name=\"twitter:site\" content=\"@uninavarraeduca\" \/>\n<meta name=\"twitter:label1\" content=\"Est. reading time\" \/>\n\t<meta name=\"twitter:data1\" content=\"1 minute\" \/>\n<script type=\"application\/ld+json\" class=\"yoast-schema-graph\">{\"@context\":\"https:\/\/schema.org\",\"@graph\":[{\"@type\":\"WebPage\",\"@id\":\"https:\/\/wcms.com.co\/como-llegar-2025\/\",\"url\":\"https:\/\/wcms.com.co\/como-llegar-2025\/\",\"name\":\"C\u00f3mo llegar -2025 - WCMS x CIII\",\"isPartOf\":{\"@id\":\"https:\/\/wcms.com.co\/en\/#website\"},\"primaryImageOfPage\":{\"@id\":\"https:\/\/wcms.com.co\/como-llegar-2025\/#primaryimage\"},\"image\":{\"@id\":\"https:\/\/wcms.com.co\/como-llegar-2025\/#primaryimage\"},\"thumbnailUrl\":\"https:\/\/wcms.com.co\/wp-content\/uploads\/2022\/10\/Terminal-de-transporte-Neiva-1-1-1024x748.jpg\",\"datePublished\":\"2026-02-25T12:47:23+00:00\",\"dateModified\":\"2026-03-03T14:48:04+00:00\",\"breadcrumb\":{\"@id\":\"https:\/\/wcms.com.co\/como-llegar-2025\/#breadcrumb\"},\"inLanguage\":\"en-US\",\"potentialAction\":[{\"@type\":\"ReadAction\",\"target\":[\"https:\/\/wcms.com.co\/como-llegar-2025\/\"]}]},{\"@type\":\"ImageObject\",\"inLanguage\":\"en-US\",\"@id\":\"https:\/\/wcms.com.co\/como-llegar-2025\/#primaryimage\",\"url\":\"https:\/\/wcms.com.co\/wp-content\/uploads\/2022\/10\/Terminal-de-transporte-Neiva-1-1-1024x748.jpg\",\"contentUrl\":\"https:\/\/wcms.com.co\/wp-content\/uploads\/2022\/10\/Terminal-de-transporte-Neiva-1-1-1024x748.jpg\"},{\"@type\":\"BreadcrumbList\",\"@id\":\"https:\/\/wcms.com.co\/como-llegar-2025\/#breadcrumb\",\"itemListElement\":[{\"@type\":\"ListItem\",\"position\":1,\"name\":\"Inicio\",\"item\":\"https:\/\/wcms.com.co\/\"},{\"@type\":\"ListItem\",\"position\":2,\"name\":\"C\u00f3mo llegar -2025\"}]},{\"@type\":\"WebSite\",\"@id\":\"https:\/\/wcms.com.co\/en\/#website\",\"url\":\"https:\/\/wcms.com.co\/en\/\",\"name\":\"WCMS x CIII\",\"description\":\"WCMS x CIII- World Congress of Medical Simulation x CIINA\",\"publisher\":{\"@id\":\"https:\/\/wcms.com.co\/en\/#organization\"},\"potentialAction\":[{\"@type\":\"SearchAction\",\"target\":{\"@type\":\"EntryPoint\",\"urlTemplate\":\"https:\/\/wcms.com.co\/en\/?s={search_term_string}\"},\"query-input\":{\"@type\":\"PropertyValueSpecification\",\"valueRequired\":true,\"valueName\":\"search_term_string\"}}],\"inLanguage\":\"en-US\"},{\"@type\":\"Organization\",\"@id\":\"https:\/\/wcms.com.co\/en\/#organization\",\"name\":\"WCMS x CIII\",\"url\":\"https:\/\/wcms.com.co\/en\/\",\"logo\":{\"@type\":\"ImageObject\",\"inLanguage\":\"en-US\",\"@id\":\"https:\/\/wcms.com.co\/en\/#\/schema\/logo\/image\/\",\"url\":\"https:\/\/wcms.com.co\/wp-content\/uploads\/2023\/09\/LOGOS-DE-PAGINA-WCMS-CONTORNO-1.png\",\"contentUrl\":\"https:\/\/wcms.com.co\/wp-content\/uploads\/2023\/09\/LOGOS-DE-PAGINA-WCMS-CONTORNO-1.png\",\"width\":1500,\"height\":158,\"caption\":\"WCMS x CIII\"},\"image\":{\"@id\":\"https:\/\/wcms.com.co\/en\/#\/schema\/logo\/image\/\"},\"sameAs\":[\"https:\/\/www.facebook.com\/Fundacionuniveristarianavarra-UniNavarra-1917912191768659\/\",\"https:\/\/x.com\/uninavarraeduca\"]}]}<\/script>\n<!-- \/ Yoast SEO plugin. -->","yoast_head_json":{"title":"C\u00f3mo llegar -2025 - WCMS x CIII","robots":{"index":"index","follow":"follow","max-snippet":"max-snippet:-1","max-image-preview":"max-image-preview:large","max-video-preview":"max-video-preview:-1"},"canonical":"https:\/\/wcms.com.co\/en\/como-llegar-2025\/","og_locale":"en_US","og_type":"article","og_title":"C\u00f3mo llegar -2025 - WCMS x CIII","og_description":"\u00bfC\u00f3mo llegar? Para llegar a la ciudad de Neiva del Departamento del Huila, Colombia, se puede realizar por v\u00eda terrestre o a\u00e9rea: Terminal de transporte Neiva Aeropuerto Benito Salas Neiva","og_url":"https:\/\/wcms.com.co\/en\/como-llegar-2025\/","og_site_name":"WCMS x CIII","article_publisher":"https:\/\/www.facebook.com\/Fundacionuniveristarianavarra-UniNavarra-1917912191768659\/","article_modified_time":"2026-03-03T14:48:04+00:00","og_image":[{"width":1100,"height":803,"url":"https:\/\/wcms.com.co\/wp-content\/uploads\/2022\/10\/Terminal-de-transporte-Neiva-1-1.jpg","type":"image\/jpeg"}],"twitter_card":"summary_large_image","twitter_site":"@uninavarraeduca","twitter_misc":{"Est. reading time":"1 minute"},"schema":{"@context":"https:\/\/schema.org","@graph":[{"@type":"WebPage","@id":"https:\/\/wcms.com.co\/como-llegar-2025\/","url":"https:\/\/wcms.com.co\/como-llegar-2025\/","name":"C\u00f3mo llegar -2025 - WCMS x CIII","isPartOf":{"@id":"https:\/\/wcms.com.co\/en\/#website"},"primaryImageOfPage":{"@id":"https:\/\/wcms.com.co\/como-llegar-2025\/#primaryimage"},"image":{"@id":"https:\/\/wcms.com.co\/como-llegar-2025\/#primaryimage"},"thumbnailUrl":"https:\/\/wcms.com.co\/wp-content\/uploads\/2022\/10\/Terminal-de-transporte-Neiva-1-1-1024x748.jpg","datePublished":"2026-02-25T12:47:23+00:00","dateModified":"2026-03-03T14:48:04+00:00","breadcrumb":{"@id":"https:\/\/wcms.com.co\/como-llegar-2025\/#breadcrumb"},"inLanguage":"en-US","potentialAction":[{"@type":"ReadAction","target":["https:\/\/wcms.com.co\/como-llegar-2025\/"]}]},{"@type":"ImageObject","inLanguage":"en-US","@id":"https:\/\/wcms.com.co\/como-llegar-2025\/#primaryimage","url":"https:\/\/wcms.com.co\/wp-content\/uploads\/2022\/10\/Terminal-de-transporte-Neiva-1-1-1024x748.jpg","contentUrl":"https:\/\/wcms.com.co\/wp-content\/uploads\/2022\/10\/Terminal-de-transporte-Neiva-1-1-1024x748.jpg"},{"@type":"BreadcrumbList","@id":"https:\/\/wcms.com.co\/como-llegar-2025\/#breadcrumb","itemListElement":[{"@type":"ListItem","position":1,"name":"Inicio","item":"https:\/\/wcms.com.co\/"},{"@type":"ListItem","position":2,"name":"C\u00f3mo llegar -2025"}]},{"@type":"WebSite","@id":"https:\/\/wcms.com.co\/en\/#website","url":"https:\/\/wcms.com.co\/en\/","name":"WCMS x CIII","description":"WCMS x CIII- World Congress of Medical Simulation x CIINA","publisher":{"@id":"https:\/\/wcms.com.co\/en\/#organization"},"potentialAction":[{"@type":"SearchAction","target":{"@type":"EntryPoint","urlTemplate":"https:\/\/wcms.com.co\/en\/?s={search_term_string}"},"query-input":{"@type":"PropertyValueSpecification","valueRequired":true,"valueName":"search_term_string"}}],"inLanguage":"en-US"},{"@type":"Organization","@id":"https:\/\/wcms.com.co\/en\/#organization","name":"WCMS x CIII","url":"https:\/\/wcms.com.co\/en\/","logo":{"@type":"ImageObject","inLanguage":"en-US","@id":"https:\/\/wcms.com.co\/en\/#\/schema\/logo\/image\/","url":"https:\/\/wcms.com.co\/wp-content\/uploads\/2023\/09\/LOGOS-DE-PAGINA-WCMS-CONTORNO-1.png","contentUrl":"https:\/\/wcms.com.co\/wp-content\/uploads\/2023\/09\/LOGOS-DE-PAGINA-WCMS-CONTORNO-1.png","width":1500,"height":158,"caption":"WCMS x CIII"},"image":{"@id":"https:\/\/wcms.com.co\/en\/#\/schema\/logo\/image\/"},"sameAs":["https:\/\/www.facebook.com\/Fundacionuniveristarianavarra-UniNavarra-1917912191768659\/","https:\/\/x.com\/uninavarraeduca"]}]}},"_links":{"self":[{"href":"https:\/\/wcms.com.co\/en\/wp-json\/wp\/v2\/pages\/7210","targetHints":{"allow":["GET"]}}],"collection":[{"href":"https:\/\/wcms.com.co\/en\/wp-json\/wp\/v2\/pages"}],"about":[{"href":"https:\/\/wcms.com.co\/en\/wp-json\/wp\/v2\/types\/page"}],"author":[{"embeddable":true,"href":"https:\/\/wcms.com.co\/en\/wp-json\/wp\/v2\/users\/1"}],"replies":[{"embeddable":true,"href":"https:\/\/wcms.com.co\/en\/wp-json\/wp\/v2\/comments?post=7210"}],"version-history":[{"count":10,"href":"https:\/\/wcms.com.co\/en\/wp-json\/wp\/v2\/pages\/7210\/revisions"}],"predecessor-version":[{"id":7410,"href":"https:\/\/wcms.com.co\/en\/wp-json\/wp\/v2\/pages\/7210\/revisions\/7410"}],"wp:attachment":[{"href":"https:\/\/wcms.com.co\/en\/wp-json\/wp\/v2\/media?parent=7210"}],"curies":[{"name":"wp","href":"https:\/\/api.w.org\/{rel}","templated":true}]}}