{"id":7216,"date":"2026-02-25T08:07:14","date_gmt":"2026-02-25T13:07:14","guid":{"rendered":"https:\/\/wcms.com.co\/?page_id=7216"},"modified":"2026-03-03T10:01:02","modified_gmt":"2026-03-03T15:01:02","slug":"recomendaciones-de-viaje-2025","status":"publish","type":"page","link":"https:\/\/wcms.com.co\/en\/recomendaciones-de-viaje-2025\/","title":{"rendered":"Travel recommendations -2025"},"content":{"rendered":"<div data-elementor-type=\"wp-page\" data-elementor-id=\"7216\" class=\"elementor elementor-7216\" data-elementor-post-type=\"page\">\n\t\t\t\t\t\t<section class=\"elementor-section elementor-top-section elementor-element elementor-element-6988620 elementor-section-full_width elementor-section-stretched elementor-section-height-default elementor-section-height-default\" data-id=\"6988620\" data-element_type=\"section\" data-e-type=\"section\" data-settings=\"{&quot;stretch_section&quot;:&quot;section-stretched&quot;}\">\n\t\t\t\t\t\t<div class=\"elementor-container elementor-column-gap-default\">\n\t\t\t\t\t<div class=\"elementor-column elementor-col-100 elementor-top-column elementor-element elementor-element-1b6178d\" data-id=\"1b6178d\" data-element_type=\"column\" data-e-type=\"column\">\n\t\t\t<div class=\"elementor-widget-wrap elementor-element-populated\">\n\t\t\t\t\t\t<div class=\"elementor-element elementor-element-69bef4d elementor-nav-menu__align-center elementor-nav-menu--stretch elementor-widget__width-inherit elementor-nav-menu--dropdown-tablet elementor-nav-menu__text-align-aside elementor-nav-menu--toggle elementor-nav-menu--burger elementor-widget elementor-widget-nav-menu\" data-id=\"69bef4d\" data-element_type=\"widget\" data-e-type=\"widget\" data-settings=\"{&quot;full_width&quot;:&quot;stretch&quot;,&quot;layout&quot;:&quot;horizontal&quot;,&quot;submenu_icon&quot;:{&quot;value&quot;:&quot;&lt;i class=\\&quot;fas fa-caret-down\\&quot; aria-hidden=\\&quot;true\\&quot;&gt;&lt;\\\/i&gt;&quot;,&quot;library&quot;:&quot;fa-solid&quot;},&quot;toggle&quot;:&quot;burger&quot;}\" data-widget_type=\"nav-menu.default\">\n\t\t\t\t<div class=\"elementor-widget-container\">\n\t\t\t\t\t\t\t\t<nav aria-label=\"Menu\" class=\"elementor-nav-menu--main elementor-nav-menu__container elementor-nav-menu--layout-horizontal e--pointer-underline e--animation-fade\">\n\t\t\t\t<ul id=\"menu-1-69bef4d\" class=\"elementor-nav-menu\"><li class=\"menu-item menu-item-type-post_type menu-item-object-page menu-item-7191\"><a href=\"https:\/\/wcms.com.co\/en\/inicio-2025\/\" class=\"elementor-item\">Home<\/a><\/li>\n<li class=\"menu-item menu-item-type-post_type menu-item-object-page menu-item-7198\"><a href=\"https:\/\/wcms.com.co\/en\/nosotros-2025\/\" class=\"elementor-item\">About us<\/a><\/li>\n<li class=\"menu-item menu-item-type-post_type menu-item-object-page menu-item-7201\"><a href=\"https:\/\/wcms.com.co\/en\/programa-2025\/\" class=\"elementor-item\">Program<\/a><\/li>\n<li class=\"menu-item menu-item-type-post_type menu-item-object-page menu-item-7204\"><a href=\"https:\/\/wcms.com.co\/en\/postulacion-trabajos-2025\/\" class=\"elementor-item\">Abstracts<\/a><\/li>\n<li class=\"menu-item menu-item-type-post_type menu-item-object-page menu-item-7207\"><a href=\"https:\/\/wcms.com.co\/en\/inscripcion-2025\/\" class=\"elementor-item\">Registration<\/a><\/li>\n<li class=\"menu-item menu-item-type-custom menu-item-object-custom menu-item-has-children menu-item-7208\"><a href=\"#\" class=\"elementor-item elementor-item-anchor\">Location<\/a>\n<ul class=\"sub-menu elementor-nav-menu--dropdown\">\n\t<li class=\"menu-item menu-item-type-post_type menu-item-object-page menu-item-7209\"><a href=\"https:\/\/wcms.com.co\/en\/inicio-2025\/\" class=\"elementor-sub-item\">Event Venue<\/a><\/li>\n\t<li class=\"menu-item menu-item-type-post_type menu-item-object-page menu-item-7212\"><a href=\"https:\/\/wcms.com.co\/en\/como-llegar-2025\/\" class=\"elementor-sub-item\">How to get there<\/a><\/li>\n\t<li class=\"menu-item menu-item-type-post_type menu-item-object-page menu-item-7215\"><a href=\"https:\/\/wcms.com.co\/en\/hospedaje-2025\/\" class=\"elementor-sub-item\">Hotel Accommodation<\/a><\/li>\n\t<li class=\"menu-item menu-item-type-post_type menu-item-object-page menu-item-7220\"><a href=\"https:\/\/wcms.com.co\/en\/recomendaciones-de-viaje-2025\/\" class=\"elementor-sub-item\">Travel recommendations<\/a><\/li>\n\t<li class=\"menu-item menu-item-type-post_type menu-item-object-page menu-item-7221\"><a href=\"https:\/\/wcms.com.co\/en\/conoce-neiva-huila-colombia-2025\/\" class=\"elementor-sub-item\">Get to know Neiva, Huila, Colombia<\/a><\/li>\n<\/ul>\n<\/li>\n<li class=\"menu-item menu-item-type-custom menu-item-object-custom menu-item-has-children menu-item-7222\"><a href=\"#\" class=\"elementor-item elementor-item-anchor\">Memories<\/a>\n<ul class=\"sub-menu elementor-nav-menu--dropdown\">\n\t<li class=\"menu-item menu-item-type-post_type menu-item-object-page menu-item-7225\"><a href=\"https:\/\/wcms.com.co\/en\/galeria-2025\/\" class=\"elementor-sub-item\">Gallery<\/a><\/li>\n\t<li class=\"menu-item menu-item-type-post_type menu-item-object-page menu-item-7226\"><a href=\"https:\/\/wcms.com.co\/en\/certificados-2025\/\" class=\"elementor-sub-item\">Certificates<\/a><\/li>\n<\/ul>\n<\/li>\n<\/ul>\t\t\t<\/nav>\n\t\t\t\t\t<div class=\"elementor-menu-toggle\" role=\"button\" tabindex=\"0\" aria-label=\"Menu Toggle\" aria-expanded=\"false\">\n\t\t\t<i aria-hidden=\"true\" role=\"presentation\" class=\"elementor-menu-toggle__icon--open eicon-menu-bar\"><\/i><i aria-hidden=\"true\" role=\"presentation\" class=\"elementor-menu-toggle__icon--close eicon-close\"><\/i>\t\t<\/div>\n\t\t\t\t\t<nav class=\"elementor-nav-menu--dropdown elementor-nav-menu__container\" aria-hidden=\"true\">\n\t\t\t\t<ul id=\"menu-2-69bef4d\" class=\"elementor-nav-menu\"><li class=\"menu-item menu-item-type-post_type menu-item-object-page menu-item-7191\"><a href=\"https:\/\/wcms.com.co\/en\/inicio-2025\/\" class=\"elementor-item\" tabindex=\"-1\">Home<\/a><\/li>\n<li class=\"menu-item menu-item-type-post_type menu-item-object-page menu-item-7198\"><a href=\"https:\/\/wcms.com.co\/en\/nosotros-2025\/\" class=\"elementor-item\" tabindex=\"-1\">About us<\/a><\/li>\n<li class=\"menu-item menu-item-type-post_type menu-item-object-page menu-item-7201\"><a href=\"https:\/\/wcms.com.co\/en\/programa-2025\/\" class=\"elementor-item\" tabindex=\"-1\">Program<\/a><\/li>\n<li class=\"menu-item menu-item-type-post_type menu-item-object-page menu-item-7204\"><a href=\"https:\/\/wcms.com.co\/en\/postulacion-trabajos-2025\/\" class=\"elementor-item\" tabindex=\"-1\">Abstracts<\/a><\/li>\n<li class=\"menu-item menu-item-type-post_type menu-item-object-page menu-item-7207\"><a href=\"https:\/\/wcms.com.co\/en\/inscripcion-2025\/\" class=\"elementor-item\" tabindex=\"-1\">Registration<\/a><\/li>\n<li class=\"menu-item menu-item-type-custom menu-item-object-custom menu-item-has-children menu-item-7208\"><a href=\"#\" class=\"elementor-item elementor-item-anchor\" tabindex=\"-1\">Location<\/a>\n<ul class=\"sub-menu elementor-nav-menu--dropdown\">\n\t<li class=\"menu-item menu-item-type-post_type menu-item-object-page menu-item-7209\"><a href=\"https:\/\/wcms.com.co\/en\/inicio-2025\/\" class=\"elementor-sub-item\" tabindex=\"-1\">Event Venue<\/a><\/li>\n\t<li class=\"menu-item menu-item-type-post_type menu-item-object-page menu-item-7212\"><a href=\"https:\/\/wcms.com.co\/en\/como-llegar-2025\/\" class=\"elementor-sub-item\" tabindex=\"-1\">How to get there<\/a><\/li>\n\t<li class=\"menu-item menu-item-type-post_type menu-item-object-page menu-item-7215\"><a href=\"https:\/\/wcms.com.co\/en\/hospedaje-2025\/\" class=\"elementor-sub-item\" tabindex=\"-1\">Hotel Accommodation<\/a><\/li>\n\t<li class=\"menu-item menu-item-type-post_type menu-item-object-page menu-item-7220\"><a href=\"https:\/\/wcms.com.co\/en\/recomendaciones-de-viaje-2025\/\" class=\"elementor-sub-item\" tabindex=\"-1\">Travel recommendations<\/a><\/li>\n\t<li class=\"menu-item menu-item-type-post_type menu-item-object-page menu-item-7221\"><a href=\"https:\/\/wcms.com.co\/en\/conoce-neiva-huila-colombia-2025\/\" class=\"elementor-sub-item\" tabindex=\"-1\">Get to know Neiva, Huila, Colombia<\/a><\/li>\n<\/ul>\n<\/li>\n<li class=\"menu-item menu-item-type-custom menu-item-object-custom menu-item-has-children menu-item-7222\"><a href=\"#\" class=\"elementor-item elementor-item-anchor\" tabindex=\"-1\">Memories<\/a>\n<ul class=\"sub-menu elementor-nav-menu--dropdown\">\n\t<li class=\"menu-item menu-item-type-post_type menu-item-object-page menu-item-7225\"><a href=\"https:\/\/wcms.com.co\/en\/galeria-2025\/\" class=\"elementor-sub-item\" tabindex=\"-1\">Gallery<\/a><\/li>\n\t<li class=\"menu-item menu-item-type-post_type menu-item-object-page menu-item-7226\"><a href=\"https:\/\/wcms.com.co\/en\/certificados-2025\/\" class=\"elementor-sub-item\" tabindex=\"-1\">Certificates<\/a><\/li>\n<\/ul>\n<\/li>\n<\/ul>\t\t\t<\/nav>\n\t\t\t\t\t\t<\/div>\n\t\t\t\t<\/div>\n\t\t\t\t<div class=\"elementor-element elementor-element-b30a482 elementor-widget elementor-widget-spacer\" data-id=\"b30a482\" data-element_type=\"widget\" data-e-type=\"widget\" data-widget_type=\"spacer.default\">\n\t\t\t\t<div class=\"elementor-widget-container\">\n\t\t\t\t\t\t\t<div class=\"elementor-spacer\">\n\t\t\t<div class=\"elementor-spacer-inner\"><\/div>\n\t\t<\/div>\n\t\t\t\t\t\t<\/div>\n\t\t\t\t<\/div>\n\t\t\t\t\t<\/div>\n\t\t<\/div>\n\t\t\t\t\t<\/div>\n\t\t<\/section>\n\t\t\t\t<section class=\"elementor-section elementor-top-section elementor-element elementor-element-7695a134 elementor-section-stretched elementor-section-boxed elementor-section-height-default elementor-section-height-default\" data-id=\"7695a134\" data-element_type=\"section\" data-e-type=\"section\" data-settings=\"{&quot;stretch_section&quot;:&quot;section-stretched&quot;}\">\n\t\t\t\t\t\t<div class=\"elementor-container elementor-column-gap-default\">\n\t\t\t\t\t<div class=\"elementor-column elementor-col-100 elementor-top-column elementor-element elementor-element-56c95a6\" data-id=\"56c95a6\" data-element_type=\"column\" data-e-type=\"column\">\n\t\t\t<div class=\"elementor-widget-wrap elementor-element-populated\">\n\t\t\t\t\t\t<div class=\"elementor-element elementor-element-6daaacb8 elementor-widget elementor-widget-text-editor\" data-id=\"6daaacb8\" data-element_type=\"widget\" data-e-type=\"widget\" data-widget_type=\"text-editor.default\">\n\t\t\t\t<div class=\"elementor-widget-container\">\n\t\t\t\t\t\t\t\t\t\n<div class=\"wp-block-columns is-layout-flex wp-container-core-columns-is-layout-9d6595d7 wp-block-columns-is-layout-flex\">\n<div class=\"wp-block-column is-layout-flow wp-block-column-is-layout-flow\" style=\"flex-basis: 25%;\">\u00a0<\/div>\n\n<div class=\"wp-block-column is-layout-flow wp-block-column-is-layout-flow\" style=\"flex-basis: 70%;\"> <style>\n\nbody {\n        font-family: 'SofiaPro-Light';\n        \/*font-size: 48px;*\/\n      }\n\n<\/style> \n<h1 id=\"medidas-de-bioseguridadcovid-19\" class=\"wp-block-heading alignwide has-text-align-center colorTexto imagenCentrada\">Travel recommendations<\/h1>\n\n<div class=\"wp-block-spacer\" style=\"height: 92px;\" aria-hidden=\"true\">\u00a0<\/div>\n<\/div>\n\n<div class=\"wp-block-column is-layout-flow wp-block-column-is-layout-flow\" style=\"flex-basis: 25%;\">\u00a0<\/div>\n<\/div>\n\n<div class=\"wp-block-columns is-layout-flex wp-container-core-columns-is-layout-9d6595d7 wp-block-columns-is-layout-flex\">\n<div class=\"wp-block-column is-layout-flow wp-block-column-is-layout-flow\" style=\"flex-basis: 25%;\">\u00a0<\/div>\n\n<div class=\"wp-block-column is-layout-flow wp-block-column-is-layout-flow\" style=\"flex-basis: 75%;\">\n<div class=\"wp-block-cover\">\n<div class=\"wp-block-cover__inner-container is-layout-flow wp-block-cover-is-layout-flow\">\n<p class=\"colorTexto has-nv-text-dark-bg-color has-text-color has-large-font-size\"><strong>Health protection measures<\/strong><\/p>\n\n<div class=\"wp-block-spacer\" style=\"height: 50px;\" aria-hidden=\"true\">\u00a0<\/div>\n\n<p style=\"text-align: justify;\">The Colombian Ministry of Health and Social Protection, through Resolution 555 of 2023, repealed the requirement to present a COVID-19 vaccination certificate and PCR test with negative result for travelers entering Colombia and established the following measures:<\/p>\n<p style=\"text-align: justify;\"><strong class=\"colorTexto\">Use of mouth masks:<\/strong> The use of a mask will be mandatory to enter health care institutions and nursing homes. The use of face masks is recommended for persons 60 years of age and older or those with comorbidities and immunosuppression, as well as those with respiratory symptoms.<\/p>\n<p style=\"text-align: justify;\"><strong class=\"colorTexto\">Self-care measures:<\/strong> It is the responsibility of each person to take care of himself\/herself, avoiding contact with those who may be at risk of transmitting the COVID 19 virus.<\/p>\n<p style=\"text-align: justify;\"><strong class=\"colorTexto\">Yellow fever:<br \/><\/strong> * Countries at risk of yellow fever transmission and countries that require proof of yellow fever vaccination - World Health Organization <a class=\"colorTexto\" href=\"https:\/\/cdn.who.int\/media\/docs\/default-source\/travel-and-health\/countries-with-risk-of-yellow-fever-transmission.pdf?sfvrsn=bf42ac59_1&amp;download=true\" target=\"_blank\" rel=\"noopener\">More information<\/a><br \/>* Specific Colombian municipalities at high risk of yellow fever - Colombian Ministry of Health and Social Protection. <a class=\"colorTexto\" href=\"https:\/\/www.minsalud.gov.co\/salud\/publica\/PET\/Paginas\/Fiebre-amarilla.aspx\" target=\"_blank\" rel=\"noopener\">More information<\/a><\/p>\n<br \/>\n<p class=\"colorTexto has-nv-text-dark-bg-color has-text-color has-large-font-size\"><strong>Medidas para el ingreso\u00a0de extranjeros\u00a0a Colombia por v\u00eda a\u00e9rea o mar\u00edtima\u00a0<\/strong><\/p>\n\n<p style=\"text-align: justify;\">The Ministry of Foreign Affairs of Colombia has issued different immigration regulations available on its web page: https:\/\/www.cancilleria.gov.co\/tramites_servicios\/visa\/abece-visas, and the following recommendations are made:<\/p>\n<p style=\"text-align: justify;\"><strong class=\"colorTexto\">Check-Mig:<\/strong> The Special Administrative Unit of Migration Colombia requires filling out the form online 24 hours before the flight: https:\/\/apps.migracioncolombia.gov.co\/pre-registro\/public\/preregistro.jsf<\/p>\n<p style=\"text-align: justify;\"><strong class=\"colorTexto\">Visa:<\/strong> Foreign participants in the event whose country of origin requires a Colombian visa are responsible for processing and assuming the costs of this document directly at the Colombian Ministry of Foreign Affairs following the official procedure published on its website: https:\/\/www.cancilleria.gov.co\/tramites_servicios\/visa. UNINAVARRA does not interfere in the visa approval decision.<\/p>\n<p style=\"text-align: justify;\"><strong class=\"colorTexto\">Migratory permit:<\/strong> Foreign participants in the event whose country of origin does not require a Colombian visa, must present the <strong>letter of invitation or acceptance from UNINAVARRA<\/strong> The immigration permit must be stamped in your passport before the officers of Migration Colombia upon your arrival in the country: <strong>Integration and Development Permit (PID).<\/strong>Please verify that the permit marked is the one mentioned, otherwise request its correction.<\/p>\n\n<div class=\"wp-block-spacer\" style=\"height: 50px;\" aria-hidden=\"true\">\u00a0<\/div>\n<\/div>\n<\/div>\n<\/div>\n\n<div class=\"wp-block-column is-layout-flow wp-block-column-is-layout-flow\" style=\"flex-basis: 25%;\">\u00a0<\/div>\n<\/div>\n\n<section>\n<div class=\"wave\">\u00a0<\/div>\n<\/section>\n\t\t\t\t\t\t\t\t<\/div>\n\t\t\t\t<\/div>\n\t\t\t\t\t<\/div>\n\t\t<\/div>\n\t\t\t\t\t<\/div>\n\t\t<\/section>\n\t\t\t\t<\/div>","protected":false},"excerpt":{"rendered":"<p>\u00a0 Travel recommendations \u00a0 \u00a0 \u00a0 \u00a0<\/p>","protected":false},"author":1,"featured_media":0,"parent":0,"menu_order":0,"comment_status":"closed","ping_status":"closed","template":"elementor_header_footer","meta":{"neve_meta_sidebar":"","neve_meta_container":"","neve_meta_enable_content_width":"","neve_meta_content_width":0,"neve_meta_title_alignment":"","neve_meta_author_avatar":"","neve_post_elements_order":"","neve_meta_disable_header":"","neve_meta_disable_footer":"","neve_meta_disable_title":"","footnotes":""},"class_list":["post-7216","page","type-page","status-publish","hentry"],"yoast_head":"<!-- This site is optimized with the Yoast SEO plugin v27.2 - https:\/\/yoast.com\/product\/yoast-seo-wordpress\/ -->\n<title>Recomendaciones de viaje -2025 - WCMS x CIII<\/title>\n<meta name=\"robots\" content=\"index, follow, max-snippet:-1, max-image-preview:large, max-video-preview:-1\" \/>\n<link rel=\"canonical\" href=\"https:\/\/wcms.com.co\/en\/recomendaciones-de-viaje-2025\/\" \/>\n<meta property=\"og:locale\" content=\"en_US\" \/>\n<meta property=\"og:type\" content=\"article\" \/>\n<meta property=\"og:title\" content=\"Recomendaciones de viaje -2025 - WCMS x CIII\" \/>\n<meta property=\"og:description\" content=\"\u00a0 Recomendaciones de viaje \u00a0 \u00a0 \u00a0 \u00a0\" \/>\n<meta property=\"og:url\" content=\"https:\/\/wcms.com.co\/en\/recomendaciones-de-viaje-2025\/\" \/>\n<meta property=\"og:site_name\" content=\"WCMS x CIII\" \/>\n<meta property=\"article:publisher\" content=\"https:\/\/www.facebook.com\/Fundacionuniveristarianavarra-UniNavarra-1917912191768659\/\" \/>\n<meta property=\"article:modified_time\" content=\"2026-03-03T15:01:02+00:00\" \/>\n<meta name=\"twitter:card\" content=\"summary_large_image\" \/>\n<meta name=\"twitter:site\" content=\"@uninavarraeduca\" \/>\n<meta name=\"twitter:label1\" content=\"Est. reading time\" \/>\n\t<meta name=\"twitter:data1\" content=\"2 minutes\" \/>\n<script type=\"application\/ld+json\" class=\"yoast-schema-graph\">{\"@context\":\"https:\/\/schema.org\",\"@graph\":[{\"@type\":\"WebPage\",\"@id\":\"https:\/\/wcms.com.co\/recomendaciones-de-viaje-2025\/\",\"url\":\"https:\/\/wcms.com.co\/recomendaciones-de-viaje-2025\/\",\"name\":\"Recomendaciones de viaje -2025 - WCMS x CIII\",\"isPartOf\":{\"@id\":\"https:\/\/wcms.com.co\/en\/#website\"},\"datePublished\":\"2026-02-25T13:07:14+00:00\",\"dateModified\":\"2026-03-03T15:01:02+00:00\",\"breadcrumb\":{\"@id\":\"https:\/\/wcms.com.co\/recomendaciones-de-viaje-2025\/#breadcrumb\"},\"inLanguage\":\"en-US\",\"potentialAction\":[{\"@type\":\"ReadAction\",\"target\":[\"https:\/\/wcms.com.co\/recomendaciones-de-viaje-2025\/\"]}]},{\"@type\":\"BreadcrumbList\",\"@id\":\"https:\/\/wcms.com.co\/recomendaciones-de-viaje-2025\/#breadcrumb\",\"itemListElement\":[{\"@type\":\"ListItem\",\"position\":1,\"name\":\"Inicio\",\"item\":\"https:\/\/wcms.com.co\/\"},{\"@type\":\"ListItem\",\"position\":2,\"name\":\"Recomendaciones de viaje -2025\"}]},{\"@type\":\"WebSite\",\"@id\":\"https:\/\/wcms.com.co\/en\/#website\",\"url\":\"https:\/\/wcms.com.co\/en\/\",\"name\":\"WCMS x CIII\",\"description\":\"WCMS x CIII- World Congress of Medical Simulation x CIINA\",\"publisher\":{\"@id\":\"https:\/\/wcms.com.co\/en\/#organization\"},\"potentialAction\":[{\"@type\":\"SearchAction\",\"target\":{\"@type\":\"EntryPoint\",\"urlTemplate\":\"https:\/\/wcms.com.co\/en\/?s={search_term_string}\"},\"query-input\":{\"@type\":\"PropertyValueSpecification\",\"valueRequired\":true,\"valueName\":\"search_term_string\"}}],\"inLanguage\":\"en-US\"},{\"@type\":\"Organization\",\"@id\":\"https:\/\/wcms.com.co\/en\/#organization\",\"name\":\"WCMS x CIII\",\"url\":\"https:\/\/wcms.com.co\/en\/\",\"logo\":{\"@type\":\"ImageObject\",\"inLanguage\":\"en-US\",\"@id\":\"https:\/\/wcms.com.co\/en\/#\/schema\/logo\/image\/\",\"url\":\"https:\/\/wcms.com.co\/wp-content\/uploads\/2023\/09\/LOGOS-DE-PAGINA-WCMS-CONTORNO-1.png\",\"contentUrl\":\"https:\/\/wcms.com.co\/wp-content\/uploads\/2023\/09\/LOGOS-DE-PAGINA-WCMS-CONTORNO-1.png\",\"width\":1500,\"height\":158,\"caption\":\"WCMS x CIII\"},\"image\":{\"@id\":\"https:\/\/wcms.com.co\/en\/#\/schema\/logo\/image\/\"},\"sameAs\":[\"https:\/\/www.facebook.com\/Fundacionuniveristarianavarra-UniNavarra-1917912191768659\/\",\"https:\/\/x.com\/uninavarraeduca\"]}]}<\/script>\n<!-- \/ Yoast SEO plugin. -->","yoast_head_json":{"title":"Recomendaciones de viaje -2025 - WCMS x CIII","robots":{"index":"index","follow":"follow","max-snippet":"max-snippet:-1","max-image-preview":"max-image-preview:large","max-video-preview":"max-video-preview:-1"},"canonical":"https:\/\/wcms.com.co\/en\/recomendaciones-de-viaje-2025\/","og_locale":"en_US","og_type":"article","og_title":"Recomendaciones de viaje -2025 - WCMS x CIII","og_description":"\u00a0 Recomendaciones de viaje \u00a0 \u00a0 \u00a0 \u00a0","og_url":"https:\/\/wcms.com.co\/en\/recomendaciones-de-viaje-2025\/","og_site_name":"WCMS x CIII","article_publisher":"https:\/\/www.facebook.com\/Fundacionuniveristarianavarra-UniNavarra-1917912191768659\/","article_modified_time":"2026-03-03T15:01:02+00:00","twitter_card":"summary_large_image","twitter_site":"@uninavarraeduca","twitter_misc":{"Est. reading time":"2 minutes"},"schema":{"@context":"https:\/\/schema.org","@graph":[{"@type":"WebPage","@id":"https:\/\/wcms.com.co\/recomendaciones-de-viaje-2025\/","url":"https:\/\/wcms.com.co\/recomendaciones-de-viaje-2025\/","name":"Recomendaciones de viaje -2025 - WCMS x CIII","isPartOf":{"@id":"https:\/\/wcms.com.co\/en\/#website"},"datePublished":"2026-02-25T13:07:14+00:00","dateModified":"2026-03-03T15:01:02+00:00","breadcrumb":{"@id":"https:\/\/wcms.com.co\/recomendaciones-de-viaje-2025\/#breadcrumb"},"inLanguage":"en-US","potentialAction":[{"@type":"ReadAction","target":["https:\/\/wcms.com.co\/recomendaciones-de-viaje-2025\/"]}]},{"@type":"BreadcrumbList","@id":"https:\/\/wcms.com.co\/recomendaciones-de-viaje-2025\/#breadcrumb","itemListElement":[{"@type":"ListItem","position":1,"name":"Inicio","item":"https:\/\/wcms.com.co\/"},{"@type":"ListItem","position":2,"name":"Recomendaciones de viaje -2025"}]},{"@type":"WebSite","@id":"https:\/\/wcms.com.co\/en\/#website","url":"https:\/\/wcms.com.co\/en\/","name":"WCMS x CIII","description":"WCMS x CIII- World Congress of Medical Simulation x CIINA","publisher":{"@id":"https:\/\/wcms.com.co\/en\/#organization"},"potentialAction":[{"@type":"SearchAction","target":{"@type":"EntryPoint","urlTemplate":"https:\/\/wcms.com.co\/en\/?s={search_term_string}"},"query-input":{"@type":"PropertyValueSpecification","valueRequired":true,"valueName":"search_term_string"}}],"inLanguage":"en-US"},{"@type":"Organization","@id":"https:\/\/wcms.com.co\/en\/#organization","name":"WCMS x CIII","url":"https:\/\/wcms.com.co\/en\/","logo":{"@type":"ImageObject","inLanguage":"en-US","@id":"https:\/\/wcms.com.co\/en\/#\/schema\/logo\/image\/","url":"https:\/\/wcms.com.co\/wp-content\/uploads\/2023\/09\/LOGOS-DE-PAGINA-WCMS-CONTORNO-1.png","contentUrl":"https:\/\/wcms.com.co\/wp-content\/uploads\/2023\/09\/LOGOS-DE-PAGINA-WCMS-CONTORNO-1.png","width":1500,"height":158,"caption":"WCMS x CIII"},"image":{"@id":"https:\/\/wcms.com.co\/en\/#\/schema\/logo\/image\/"},"sameAs":["https:\/\/www.facebook.com\/Fundacionuniveristarianavarra-UniNavarra-1917912191768659\/","https:\/\/x.com\/uninavarraeduca"]}]}},"_links":{"self":[{"href":"https:\/\/wcms.com.co\/en\/wp-json\/wp\/v2\/pages\/7216","targetHints":{"allow":["GET"]}}],"collection":[{"href":"https:\/\/wcms.com.co\/en\/wp-json\/wp\/v2\/pages"}],"about":[{"href":"https:\/\/wcms.com.co\/en\/wp-json\/wp\/v2\/types\/page"}],"author":[{"embeddable":true,"href":"https:\/\/wcms.com.co\/en\/wp-json\/wp\/v2\/users\/1"}],"replies":[{"embeddable":true,"href":"https:\/\/wcms.com.co\/en\/wp-json\/wp\/v2\/comments?post=7216"}],"version-history":[{"count":7,"href":"https:\/\/wcms.com.co\/en\/wp-json\/wp\/v2\/pages\/7216\/revisions"}],"predecessor-version":[{"id":7418,"href":"https:\/\/wcms.com.co\/en\/wp-json\/wp\/v2\/pages\/7216\/revisions\/7418"}],"wp:attachment":[{"href":"https:\/\/wcms.com.co\/en\/wp-json\/wp\/v2\/media?parent=7216"}],"curies":[{"name":"wp","href":"https:\/\/api.w.org\/{rel}","templated":true}]}}