{"id":981,"date":"2022-06-29T05:26:15","date_gmt":"2022-06-29T10:26:15","guid":{"rendered":"https:\/\/34.176.182.80\/?page_id=981"},"modified":"2026-02-27T17:55:13","modified_gmt":"2026-02-27T22:55:13","slug":"registration","status":"publish","type":"page","link":"https:\/\/wcms.com.co\/en\/registration\/","title":{"rendered":"Registration"},"content":{"rendered":"<h1 class=\"wp-block-heading alignwide has-text-align-center colorTexto  margenTitulos espaciadost\" id=\"hotel-accommodation\">Registration<\/h1>\n\n\n\n<div class=\"wp-block-columns alignwide is-layout-flex wp-container-core-columns-is-layout-da476ddf wp-block-columns-is-layout-flex\" style=\"padding-right:var(--wp--preset--spacing--60);padding-left:var(--wp--preset--spacing--60)\">\n<div class=\"wp-block-column is-layout-flow wp-block-column-is-layout-flow\">\n<style>\n.wp-block-table.espaciadosf.espaciados {\n    margin-top: 2rem; \/* Margin top agregado *\/\n}\n\n@media (max-width: 768px) {\n    .wp-block-table.espaciadosf.espaciados {\n        margin-top: 1.5rem;\n    }\n    \n    .wp-block-table.espaciadosf.espaciados div {\n        width: 100%;\n    }\n    \n    .wp-block-table.espaciadosf.espaciados table {\n        font-size: 0.9rem; \/* Tu tama\u00f1o original *\/\n        min-width: 550px;\n    }\n}\n\n@media (max-width: 480px) {\n    .wp-block-table.espaciadosf.espaciados {\n        margin-top: 1rem;\n    }\n    \n    .wp-block-table.espaciadosf.espaciados table {\n        font-size: 0.8rem;\n    }\n}\n    <\/style>\n\n<figure class=\"wp-block-table espaciadosf espaciados\">\n    <div class=\"table-container\">\n        <table class=\"responsive-table\">\n            <thead>\n                <tr>\n                    <th rowspan=\"2\" style=\"width: 33%; vertical-align: middle; text-align:center\">Public<\/th>\n                    <th colspan=\"3\" style=\"width: 67%; vertical-align: middle; text-align:center\">\n                        Modality<br>\n                    <\/th>\n                <\/tr>\n                <tr>\n                    <th style=\"width: 22%; text-align:center\">On-site (Early Registration May 3, 2026)<\/th>\n                    <th style=\"width: 22%; text-align:center\">Presential (Regular Enrollment)<\/th>\n                    <th style=\"width: 23%; text-align:center\">Online<\/th>\n                <\/tr>\n            <\/thead>\n            <tbody>\n                <tr>\n                    <td data-label=\"P\u00fablico\">UNINAVARRA Students<\/td>\n                    <td data-label=\"Presencial (Inscripci\u00f3n Anticipada)\">$ 120,000 COP<\/td>\n                    <td data-label=\"Presencial (Inscripci\u00f3n Regular)\">$ 150,000 COP<\/td>\n                    <td data-label=\"Online\">Coming soon<\/td>\n                <\/tr>\n                <tr>\n                    <td data-label=\"P\u00fablico\">Professors\/Administrative Collaborators UNINAVARRA<\/td>\n                    <td data-label=\"Presencial (Inscripci\u00f3n Anticipada)\">$ 150,000 COP<\/td>\n                    <td data-label=\"Presencial (Inscripci\u00f3n Regular)\">$ 180,000 COP<\/td>\n                    <td data-label=\"Online\">Coming soon<\/td>\n                <\/tr>\n                <tr>\n                    <td data-label=\"P\u00fablico\">UNINAVARRA Graduates<\/td>\n                    <td data-label=\"Presencial (Inscripci\u00f3n Anticipada)\">$ 150,000 COP<\/td>\n                    <td data-label=\"Presencial (Inscripci\u00f3n Regular)\">$ 180,000 COP<\/td>\n                    <td data-label=\"Online\">Coming soon<\/td>\n                <\/tr>\n                <tr>\n                    <td data-label=\"P\u00fablico\">Professors\/Professional Externs<\/td>\n                    <td data-label=\"Presencial (Inscripci\u00f3n Anticipada)\">$ 200,000 COP<\/td>\n                    <td data-label=\"Presencial (Inscripci\u00f3n Regular)\">$ 230,000 COP<\/td>\n                    <td data-label=\"Online\">Coming soon<\/td>\n                <\/tr>\n                <tr>\n                    <td data-label=\"P\u00fablico\">External students<\/td>\n                    <td data-label=\"Presencial (Inscripci\u00f3n Anticipada)\">$ 150,000 COP<\/td>\n                    <td data-label=\"Presencial (Inscripci\u00f3n Regular)\">$ 180,000 COP<\/td>\n                    <td data-label=\"Online\">Coming soon<\/td>\n                <\/tr>\n            <\/tbody>\n        <\/table>\n    <\/div>\n<\/figure>\n<\/div>\n<\/div>\n\n\n\n<div class=\"wp-block-buttons alignfull has-custom-font-size has-medium-font-size is-vertical is-content-justification-center is-layout-flex wp-container-core-buttons-is-layout-929ff3ce wp-block-buttons-is-layout-flex\" style=\"padding-top:var(--wp--preset--spacing--30);padding-right:0;padding-bottom:var(--wp--preset--spacing--30);padding-left:0\">\n<div class=\"wp-block-button espaciadost btni botones\"><a class=\"wp-block-button__link has-neve-text-color-color has-text-color has-background has-link-color has-custom-font-size wp-element-button\" href=\"https:\/\/campus.uninavarra.edu.co\/psp\/cs92prod\/?cmd=login&amp;languageCd=ESP&amp;\" style=\"border-radius:70px;background:linear-gradient(135deg,rgb(34,121,255) 0%,rgb(156,79,197) 100%);font-size:18px\" target=\"_blank\" rel=\"noreferrer noopener\">Registration - User with LINDA account (students and professors UNINAVARRA)<\/a><\/div>\n\n\n\n<div class=\"wp-block-button espaciadost btni botones\"><a class=\"wp-block-button__link has-neve-text-color-color has-text-color has-background has-link-color has-custom-font-size wp-element-button\" href=\"#popmake-7319\" style=\"border-radius:70px;background-color:#5e5e5e;font-size:18px\">Registration Tutorial - User with LINDA Account<\/a><\/div>\n<\/div>\n\n\n\n<div class=\"wp-block-buttons alignfull has-custom-font-size has-medium-font-size is-vertical is-content-justification-center is-layout-flex wp-container-core-buttons-is-layout-929ff3ce wp-block-buttons-is-layout-flex\" style=\"padding-top:var(--wp--preset--spacing--30);padding-right:0;padding-bottom:var(--wp--preset--spacing--30);padding-left:0\">\n<div class=\"wp-block-button espaciadost btni botones\"><a class=\"wp-block-button__link has-neve-text-color-color has-text-color has-background has-link-color has-custom-font-size wp-element-button\" href=\"https:\/\/uninavarra.edu.co\/formulario-educacion-continua-uninavarra\/\" style=\"border-radius:70px;background:linear-gradient(135deg,rgb(34,121,255) 0%,rgb(156,79,197) 100%);font-size:18px\" target=\"_blank\" rel=\"noreferrer noopener\">Registration - External Staff (without LINDA user)<\/a><\/div>\n\n\n\n<div class=\"wp-block-button espaciadost btni botones\"><a class=\"wp-block-button__link has-neve-text-color-color has-text-color has-background has-link-color has-custom-font-size wp-element-button\" href=\"#popmake-5458\" style=\"border-radius:70px;background-color:#5e5e5e;font-size:18px\">Registration Tutorial - External Staff<\/a><\/div>\n<\/div>\n\n\n\n<div class=\"wp-block-buttons alignfull has-custom-font-size has-medium-font-size is-vertical is-content-justification-center is-layout-flex wp-container-core-buttons-is-layout-01224ef4 wp-block-buttons-is-layout-flex\" style=\"padding-top:0;padding-right:0;padding-bottom:0;padding-left:0\">\n<div class=\"wp-block-button btni botones\"><a class=\"wp-block-button__link has-neve-text-color-color has-text-color has-background has-link-color has-custom-font-size wp-element-button\" href=\"http:\/\/wcms.com.co\/wp-content\/uploads\/2024\/09\/TERMINOS-Y-CONDICIONES-DE-PARTICIPACION-WCMSxCIINA-2024.pdf\" style=\"border-radius:70px;background:linear-gradient(135deg,rgb(34,121,255) 0%,rgb(156,79,197) 100%);font-size:18px\" target=\"_blank\" rel=\"noreferrer noopener\">Terms and Conditions<\/a><\/div>\n<\/div>\n\n\n\n<style>\n\n.botones{\n min-width: 300px !important; \n\n}\n\n.nv-content-wrap{\n margin-right: 0 !important;\n}\n\n\n\n\n.nv-content-wrap {\n        \/*font-family: 'SofiaPro-Light'; *\/\n        \/*font-size: 48px;*\/\n       margin-right:5%;\n        \/*margin-top:0%;*\/\n      }\n.espaciados{\nmargin-top:-3%\n}\n.espaciadost{\nmargin-top:-7%\n}\n.espaciadosf{\nmargin-bottom:0%\n}\n.fondo1{\n\/*background-color:red !important;*\/\n\/*background:red !important;*\/\n}\n@media only screen and (max-width: 1850px) {\n  .adaptable{\n    font-size: 12px;\n  }\n}\n@media screen and (max-width: 992px) {\n  .espaciadost{\nmargin-top:0%\n}\n}\n@media screen and (max-width: 1295px) {\n.nv-content-wrap {\n\tmargin-top:5%;\n        margin-right:5%;\n}\n}\n\n@media screen and (max-width: 19965px) {\n.nv-content-wrap {\n\tmargin-top:10%;\n        margin-right:5%;\n}\n}\n@media screen and (max-width: 960px) {\n.nv-content-wrap {\n\tmargin-top:5%;\n        margin-right:5%;\n       \n}\n.wp-block-button {\nfont-size:10px !important;\n}\n}\n@media screen and (max-width: 777px) {\n.nv-content-wrap {\nmargin-right:20%;\nmargin-top:10%;\n}\n}\n@media screen and (max-width: 615px) {\n.nv-content-wrap {\nmargin-right:20%;\n\n}\n}\n<\/style>\n<br><br>\n<section>\n<div class=\"wave\" style=\"background-color:#171718\">\n<\/div>\n<\/section>","protected":false},"excerpt":{"rendered":"<p>Public Enrollment On-Site Modality (Early Enrollment May 3, 2026) On-Site (Regular Enrollment) Online UNINAVARRA Students $ 120.000 COP $ 150.000 COP Coming Soon UNINAVARRA Professors\/Administrative Collaborators $ 150.000 COP...&nbsp;<a href=\"https:\/\/wcms.com.co\/en\/registration\/\" rel=\"bookmark\">Read More \"<span class=\"screen-reader-text\">Registration<\/span><\/a><\/p>","protected":false},"author":1,"featured_media":0,"parent":0,"menu_order":0,"comment_status":"closed","ping_status":"closed","template":"","meta":{"neve_meta_sidebar":"","neve_meta_container":"","neve_meta_enable_content_width":"","neve_meta_content_width":0,"neve_meta_title_alignment":"","neve_meta_author_avatar":"","neve_post_elements_order":"","neve_meta_disable_header":"","neve_meta_disable_footer":"","neve_meta_disable_title":"","footnotes":""},"class_list":["post-981","page","type-page","status-publish","hentry"],"yoast_head":"<!-- This site is optimized with the Yoast SEO plugin v27.2 - https:\/\/yoast.com\/product\/yoast-seo-wordpress\/ -->\n<title>Inscripci\u00f3n - WCMS x CIII<\/title>\n<meta name=\"robots\" content=\"index, follow, max-snippet:-1, max-image-preview:large, max-video-preview:-1\" \/>\n<link rel=\"canonical\" href=\"https:\/\/wcms.com.co\/en\/registration\/\" \/>\n<meta property=\"og:locale\" content=\"en_US\" \/>\n<meta property=\"og:type\" content=\"article\" \/>\n<meta property=\"og:title\" content=\"Inscripci\u00f3n - WCMS x CIII\" \/>\n<meta property=\"og:description\" content=\"Inscripci\u00f3n P\u00fablico Modalidad Presencial (Inscripci\u00f3n Anticipada 3 de mayo de 2026) Presencial (Inscripci\u00f3n Regular) Online Estudiantes UNINAVARRA $ 120.000 COP $ 150.000 COP Pr\u00f3ximamente Profesores\/Colaboradores administrativos UNINAVARRA $ 150.000 COP&hellip;&nbsp;Read More &raquo;Inscripci\u00f3n\" \/>\n<meta property=\"og:url\" content=\"https:\/\/wcms.com.co\/en\/registration\/\" \/>\n<meta property=\"og:site_name\" content=\"WCMS x CIII\" \/>\n<meta property=\"article:publisher\" content=\"https:\/\/www.facebook.com\/Fundacionuniveristarianavarra-UniNavarra-1917912191768659\/\" \/>\n<meta property=\"article:modified_time\" content=\"2026-02-27T22:55:13+00:00\" \/>\n<meta name=\"twitter:card\" content=\"summary_large_image\" \/>\n<meta name=\"twitter:site\" content=\"@uninavarraeduca\" \/>\n<meta name=\"twitter:label1\" content=\"Est. reading time\" \/>\n\t<meta name=\"twitter:data1\" content=\"1 minute\" \/>\n<script type=\"application\/ld+json\" class=\"yoast-schema-graph\">{\"@context\":\"https:\/\/schema.org\",\"@graph\":[{\"@type\":\"WebPage\",\"@id\":\"https:\/\/wcms.com.co\/registration\/\",\"url\":\"https:\/\/wcms.com.co\/registration\/\",\"name\":\"Inscripci\u00f3n - WCMS x CIII\",\"isPartOf\":{\"@id\":\"https:\/\/wcms.com.co\/en\/#website\"},\"datePublished\":\"2022-06-29T10:26:15+00:00\",\"dateModified\":\"2026-02-27T22:55:13+00:00\",\"breadcrumb\":{\"@id\":\"https:\/\/wcms.com.co\/registration\/#breadcrumb\"},\"inLanguage\":\"en-US\",\"potentialAction\":[{\"@type\":\"ReadAction\",\"target\":[\"https:\/\/wcms.com.co\/registration\/\"]}]},{\"@type\":\"BreadcrumbList\",\"@id\":\"https:\/\/wcms.com.co\/registration\/#breadcrumb\",\"itemListElement\":[{\"@type\":\"ListItem\",\"position\":1,\"name\":\"Inicio\",\"item\":\"https:\/\/wcms.com.co\/\"},{\"@type\":\"ListItem\",\"position\":2,\"name\":\"Inscripci\u00f3n\"}]},{\"@type\":\"WebSite\",\"@id\":\"https:\/\/wcms.com.co\/en\/#website\",\"url\":\"https:\/\/wcms.com.co\/en\/\",\"name\":\"WCMS x CIII\",\"description\":\"WCMS x CIII- World Congress of Medical Simulation x CIINA\",\"publisher\":{\"@id\":\"https:\/\/wcms.com.co\/en\/#organization\"},\"potentialAction\":[{\"@type\":\"SearchAction\",\"target\":{\"@type\":\"EntryPoint\",\"urlTemplate\":\"https:\/\/wcms.com.co\/en\/?s={search_term_string}\"},\"query-input\":{\"@type\":\"PropertyValueSpecification\",\"valueRequired\":true,\"valueName\":\"search_term_string\"}}],\"inLanguage\":\"en-US\"},{\"@type\":\"Organization\",\"@id\":\"https:\/\/wcms.com.co\/en\/#organization\",\"name\":\"WCMS x CIII\",\"url\":\"https:\/\/wcms.com.co\/en\/\",\"logo\":{\"@type\":\"ImageObject\",\"inLanguage\":\"en-US\",\"@id\":\"https:\/\/wcms.com.co\/en\/#\/schema\/logo\/image\/\",\"url\":\"https:\/\/wcms.com.co\/wp-content\/uploads\/2023\/09\/LOGOS-DE-PAGINA-WCMS-CONTORNO-1.png\",\"contentUrl\":\"https:\/\/wcms.com.co\/wp-content\/uploads\/2023\/09\/LOGOS-DE-PAGINA-WCMS-CONTORNO-1.png\",\"width\":1500,\"height\":158,\"caption\":\"WCMS x CIII\"},\"image\":{\"@id\":\"https:\/\/wcms.com.co\/en\/#\/schema\/logo\/image\/\"},\"sameAs\":[\"https:\/\/www.facebook.com\/Fundacionuniveristarianavarra-UniNavarra-1917912191768659\/\",\"https:\/\/x.com\/uninavarraeduca\"]}]}<\/script>\n<!-- \/ Yoast SEO plugin. -->","yoast_head_json":{"title":"Registration - WCMS x CIII","robots":{"index":"index","follow":"follow","max-snippet":"max-snippet:-1","max-image-preview":"max-image-preview:large","max-video-preview":"max-video-preview:-1"},"canonical":"https:\/\/wcms.com.co\/en\/registration\/","og_locale":"en_US","og_type":"article","og_title":"Inscripci\u00f3n - WCMS x CIII","og_description":"Inscripci\u00f3n P\u00fablico Modalidad Presencial (Inscripci\u00f3n Anticipada 3 de mayo de 2026) Presencial (Inscripci\u00f3n Regular) Online Estudiantes UNINAVARRA $ 120.000 COP $ 150.000 COP Pr\u00f3ximamente Profesores\/Colaboradores administrativos UNINAVARRA $ 150.000 COP&hellip;&nbsp;Read More &raquo;Inscripci\u00f3n","og_url":"https:\/\/wcms.com.co\/en\/registration\/","og_site_name":"WCMS x CIII","article_publisher":"https:\/\/www.facebook.com\/Fundacionuniveristarianavarra-UniNavarra-1917912191768659\/","article_modified_time":"2026-02-27T22:55:13+00:00","twitter_card":"summary_large_image","twitter_site":"@uninavarraeduca","twitter_misc":{"Est. reading time":"1 minute"},"schema":{"@context":"https:\/\/schema.org","@graph":[{"@type":"WebPage","@id":"https:\/\/wcms.com.co\/registration\/","url":"https:\/\/wcms.com.co\/registration\/","name":"Registration - WCMS x CIII","isPartOf":{"@id":"https:\/\/wcms.com.co\/en\/#website"},"datePublished":"2022-06-29T10:26:15+00:00","dateModified":"2026-02-27T22:55:13+00:00","breadcrumb":{"@id":"https:\/\/wcms.com.co\/registration\/#breadcrumb"},"inLanguage":"en-US","potentialAction":[{"@type":"ReadAction","target":["https:\/\/wcms.com.co\/registration\/"]}]},{"@type":"BreadcrumbList","@id":"https:\/\/wcms.com.co\/registration\/#breadcrumb","itemListElement":[{"@type":"ListItem","position":1,"name":"Inicio","item":"https:\/\/wcms.com.co\/"},{"@type":"ListItem","position":2,"name":"Inscripci\u00f3n"}]},{"@type":"WebSite","@id":"https:\/\/wcms.com.co\/en\/#website","url":"https:\/\/wcms.com.co\/en\/","name":"WCMS x CIII","description":"WCMS x CIII- World Congress of Medical Simulation x CIINA","publisher":{"@id":"https:\/\/wcms.com.co\/en\/#organization"},"potentialAction":[{"@type":"SearchAction","target":{"@type":"EntryPoint","urlTemplate":"https:\/\/wcms.com.co\/en\/?s={search_term_string}"},"query-input":{"@type":"PropertyValueSpecification","valueRequired":true,"valueName":"search_term_string"}}],"inLanguage":"en-US"},{"@type":"Organization","@id":"https:\/\/wcms.com.co\/en\/#organization","name":"WCMS x CIII","url":"https:\/\/wcms.com.co\/en\/","logo":{"@type":"ImageObject","inLanguage":"en-US","@id":"https:\/\/wcms.com.co\/en\/#\/schema\/logo\/image\/","url":"https:\/\/wcms.com.co\/wp-content\/uploads\/2023\/09\/LOGOS-DE-PAGINA-WCMS-CONTORNO-1.png","contentUrl":"https:\/\/wcms.com.co\/wp-content\/uploads\/2023\/09\/LOGOS-DE-PAGINA-WCMS-CONTORNO-1.png","width":1500,"height":158,"caption":"WCMS x CIII"},"image":{"@id":"https:\/\/wcms.com.co\/en\/#\/schema\/logo\/image\/"},"sameAs":["https:\/\/www.facebook.com\/Fundacionuniveristarianavarra-UniNavarra-1917912191768659\/","https:\/\/x.com\/uninavarraeduca"]}]}},"_links":{"self":[{"href":"https:\/\/wcms.com.co\/en\/wp-json\/wp\/v2\/pages\/981","targetHints":{"allow":["GET"]}}],"collection":[{"href":"https:\/\/wcms.com.co\/en\/wp-json\/wp\/v2\/pages"}],"about":[{"href":"https:\/\/wcms.com.co\/en\/wp-json\/wp\/v2\/types\/page"}],"author":[{"embeddable":true,"href":"https:\/\/wcms.com.co\/en\/wp-json\/wp\/v2\/users\/1"}],"replies":[{"embeddable":true,"href":"https:\/\/wcms.com.co\/en\/wp-json\/wp\/v2\/comments?post=981"}],"version-history":[{"count":11,"href":"https:\/\/wcms.com.co\/en\/wp-json\/wp\/v2\/pages\/981\/revisions"}],"predecessor-version":[{"id":7389,"href":"https:\/\/wcms.com.co\/en\/wp-json\/wp\/v2\/pages\/981\/revisions\/7389"}],"wp:attachment":[{"href":"https:\/\/wcms.com.co\/en\/wp-json\/wp\/v2\/media?parent=981"}],"curies":[{"name":"wp","href":"https:\/\/api.w.org\/{rel}","templated":true}]}}